{"id":4613,"date":"2026-04-23T22:34:34","date_gmt":"2026-04-23T20:34:34","guid":{"rendered":"http:\/\/localhost\/borrador\/?post_type=product&#038;p=4613"},"modified":"2026-05-06T16:54:41","modified_gmt":"2026-05-06T21:54:41","slug":"guante-petro-ve780","status":"publish","type":"product","link":"https:\/\/valesafety.com.pe\/?product=guante-petro-ve780","title":{"rendered":"Guante Petro VE780"},"content":{"rendered":"<h2>Guante Petro VE780<\/h2>\n<ul>\n<li>Tipo de guante Guante estanco<\/li>\n<li>Familia de guantes Guantes impermeables con soporte<\/li>\n<li>Tipo de guantes estancos Soportado<\/li>\n<li>PVC con textura adherente<\/li>\n<li>Nivel de recubrimiento Totalmente recubierto<\/li>\n<li>N\u00famero de revestimientos Revestimiento \u00fanico<\/li>\n<li>Espesor (mm) 1,30<\/li>\n<li>Galga 13<\/li>\n<li>Nivel de protecci\u00f3n del brazo Longitud: antebrazo (&lt; 400 mm)<\/li>\n<li>Ventaja adicional Reach, Sin silicona, Pu\u00f1o largo (&gt;290 mm)<\/li>\n<li>Color Azul<\/li>\n<li>Tallas 8, 9, 10<\/li>\n<li>Tipo de envase Disponible en bolsa individual<\/li>\n<\/ul>\n<p>Necesitas m\u00e1s productos encu\u00e9ntralos en nuestra <a href=\"https:\/\/valesafety.com.pe\/tienda\">tienda\u00a0<\/a><\/p>\n<p>Para m\u00e1s informaci\u00f3n sobre este y otros productos, no dudes en contactarnos por\u00a0<a href=\"http:\/\/wa.me\/51923151009\" target=\"_blank\" rel=\"noopener\">WhatsApp<\/a>.<\/p>\n","protected":false},"excerpt":{"rendered":"<p>Guantes qu\u00edmicos dise\u00f1ados para proporcionar un agarre seguro al manipular objetos, ofreciendo adem\u00e1s una excelente resistencia a aceites, hidrocarburos y otros agentes qu\u00edmicos, ideales para entornos industriales y de alto riesgo.<\/p>\n","protected":false},"featured_media":4668,"comment_status":"closed","ping_status":"closed","template":"","meta":{"_acf_changed":false},"product_brand":[27],"product_cat":[96,59],"product_tag":[],"class_list":{"0":"post-4613","1":"product","2":"type-product","3":"status-publish","4":"has-post-thumbnail","6":"product_brand-deltaplus","7":"product_cat-guante-nitron","8":"product_cat-proteccion-de-las-manos","10":"first","11":"instock","12":"shipping-taxable","13":"product-type-simple"},"acf":[],"_links":{"self":[{"href":"https:\/\/valesafety.com.pe\/index.php?rest_route=\/wp\/v2\/product\/4613","targetHints":{"allow":["GET"]}}],"collection":[{"href":"https:\/\/valesafety.com.pe\/index.php?rest_route=\/wp\/v2\/product"}],"about":[{"href":"https:\/\/valesafety.com.pe\/index.php?rest_route=\/wp\/v2\/types\/product"}],"replies":[{"embeddable":true,"href":"https:\/\/valesafety.com.pe\/index.php?rest_route=%2Fwp%2Fv2%2Fcomments&post=4613"}],"wp:featuredmedia":[{"embeddable":true,"href":"https:\/\/valesafety.com.pe\/index.php?rest_route=\/wp\/v2\/media\/4668"}],"wp:attachment":[{"href":"https:\/\/valesafety.com.pe\/index.php?rest_route=%2Fwp%2Fv2%2Fmedia&parent=4613"}],"wp:term":[{"taxonomy":"product_brand","embeddable":true,"href":"https:\/\/valesafety.com.pe\/index.php?rest_route=%2Fwp%2Fv2%2Fproduct_brand&post=4613"},{"taxonomy":"product_cat","embeddable":true,"href":"https:\/\/valesafety.com.pe\/index.php?rest_route=%2Fwp%2Fv2%2Fproduct_cat&post=4613"},{"taxonomy":"product_tag","embeddable":true,"href":"https:\/\/valesafety.com.pe\/index.php?rest_route=%2Fwp%2Fv2%2Fproduct_tag&post=4613"}],"curies":[{"name":"wp","href":"https:\/\/api.w.org\/{rel}","templated":true}]}}