{"id":4611,"date":"2026-04-23T22:34:33","date_gmt":"2026-04-23T20:34:33","guid":{"rendered":"http:\/\/localhost\/borrador\/?post_type=product&#038;p=4611"},"modified":"2026-05-06T16:30:52","modified_gmt":"2026-05-06T21:30:52","slug":"guante-duocolor-ve330","status":"publish","type":"product","link":"https:\/\/valesafety.com.pe\/?product=guante-duocolor-ve330","title":{"rendered":"Guante Duocolor VE330"},"content":{"rendered":"<h2>Guante Duocolor VE330<\/h2>\n<ul>\n<li>Tipo de guante Guante estanco<\/li>\n<li>Tipo de guantes estancos Sin soporte<\/li>\n<li>Acabado interior Flocado<\/li>\n<li>Material y acabado del revestimiento<\/li>\n<li>Doble revestimiento de l\u00e1tex<\/li>\n<li>Nivel de recubrimiento Totalmente recubierto<\/li>\n<li>N\u00famero de revestimientos Doble revestimiento<\/li>\n<li>Espesor (mm) 0,60<\/li>\n<li>Nivel de protecci\u00f3n del brazo Longitud: antebrazo (&lt; 400 mm)<\/li>\n<li>Color Azul-Amarillo<\/li>\n<li>Tallas 6, 7, 8, 9, 10<\/li>\n<\/ul>\n<p>Necesitas m\u00e1s productos encu\u00e9ntralos en nuestra <a href=\"https:\/\/valesafety.com.pe\/tienda\">tienda\u00a0<\/a><\/p>\n<p>Para m\u00e1s informaci\u00f3n sobre este y otros productos, no dudes en contactarnos por\u00a0<a href=\"http:\/\/wa.me\/51923151009\" target=\"_blank\" rel=\"noopener\">WhatsApp<\/a>.<\/p>\n","protected":false},"excerpt":{"rendered":"<div class=\"flex max-w-full flex-col flex-grow\">\n<div class=\"min-h-8 text-message flex w-full flex-col items-end gap-2 whitespace-normal break-words text-start [.text-message+&amp;]:mt-5\" dir=\"auto\" data-message-author-role=\"assistant\" data-message-id=\"482fbab2-b10f-440f-827e-58be0ae52e8f\" data-message-model-slug=\"gpt-4o\">\n<div class=\"flex w-full flex-col gap-1 empty:hidden first:pt-[3px]\">\n<div class=\"markdown prose w-full break-words dark:prose-invert dark\">\n<p>Guantes dise\u00f1ados espec\u00edficamente para la manipulaci\u00f3n segura de productos qu\u00edmicos y microorganismos, ofreciendo una protecci\u00f3n confiable en diversas aplicaciones.<\/p>\n<\/div>\n<\/div>\n<\/div>\n<\/div>\n","protected":false},"featured_media":4666,"comment_status":"closed","ping_status":"closed","template":"","meta":{"_acf_changed":false},"product_brand":[27],"product_cat":[96,59],"product_tag":[392],"class_list":{"0":"post-4611","1":"product","2":"type-product","3":"status-publish","4":"has-post-thumbnail","6":"product_brand-deltaplus","7":"product_cat-guante-nitron","8":"product_cat-proteccion-de-las-manos","9":"product_tag-guante-duocolor-deltaplus","11":"first","12":"instock","13":"shipping-taxable","14":"purchasable","15":"product-type-simple"},"acf":[],"_links":{"self":[{"href":"https:\/\/valesafety.com.pe\/index.php?rest_route=\/wp\/v2\/product\/4611","targetHints":{"allow":["GET"]}}],"collection":[{"href":"https:\/\/valesafety.com.pe\/index.php?rest_route=\/wp\/v2\/product"}],"about":[{"href":"https:\/\/valesafety.com.pe\/index.php?rest_route=\/wp\/v2\/types\/product"}],"replies":[{"embeddable":true,"href":"https:\/\/valesafety.com.pe\/index.php?rest_route=%2Fwp%2Fv2%2Fcomments&post=4611"}],"wp:featuredmedia":[{"embeddable":true,"href":"https:\/\/valesafety.com.pe\/index.php?rest_route=\/wp\/v2\/media\/4666"}],"wp:attachment":[{"href":"https:\/\/valesafety.com.pe\/index.php?rest_route=%2Fwp%2Fv2%2Fmedia&parent=4611"}],"wp:term":[{"taxonomy":"product_brand","embeddable":true,"href":"https:\/\/valesafety.com.pe\/index.php?rest_route=%2Fwp%2Fv2%2Fproduct_brand&post=4611"},{"taxonomy":"product_cat","embeddable":true,"href":"https:\/\/valesafety.com.pe\/index.php?rest_route=%2Fwp%2Fv2%2Fproduct_cat&post=4611"},{"taxonomy":"product_tag","embeddable":true,"href":"https:\/\/valesafety.com.pe\/index.php?rest_route=%2Fwp%2Fv2%2Fproduct_tag&post=4611"}],"curies":[{"name":"wp","href":"https:\/\/api.w.org\/{rel}","templated":true}]}}