{"id":4597,"date":"2026-04-23T22:34:05","date_gmt":"2026-04-23T20:34:05","guid":{"rendered":"http:\/\/localhost\/borrador\/?post_type=product&#038;p=4597"},"modified":"2026-05-06T12:33:43","modified_gmt":"2026-05-06T17:33:43","slug":"bota-cobraa4-s3-src","status":"publish","type":"product","link":"https:\/\/valesafety.com.pe\/?product=bota-cobraa4-s3-src","title":{"rendered":"Bota CobraA4 S3 SRC"},"content":{"rendered":"<h2>Bota CobraA4 S3 SRC<\/h2>\n<ul>\n<li>Tipo de calzado Calzado alto<\/li>\n<li>Material de la suela PU, Goma nitr\u00edlica<\/li>\n<li>Inserto antiperforaci\u00f3n Acero inoxidable<\/li>\n<li>Material de la ca\u00f1a Piel<\/li>\n<li>Acabado del material de la ca\u00f1a Crup\u00f3n, Pigmentado, Deperlante<\/li>\n<li>Puntera de seguridad Acero inoxidable<\/li>\n<li>Material del forro Textil, Poli\u00e9ster<\/li>\n<li>Material de la palmilla EVA, Poliamida<\/li>\n<li>Caracter\u00edstica de la suela Amovible, Transpirable,<\/li>\n<li>Premoldeado<\/li>\n<li>Tecnolog\u00eda de la suela Inyectada<\/li>\n<li>Peso (gramos por zapato) 726<\/li>\n<li>Rango de tallas 36 \u2192 48<\/li>\n<\/ul>\n<p>Necesitas m\u00e1s productos encu\u00e9ntralos en nuestra <a href=\"https:\/\/valesafety.com.pe\/tienda\">tienda\u00a0<\/a><\/p>\n<p>Para m\u00e1s informaci\u00f3n sobre este y otros productos, no dudes en contactarnos por\u00a0<a href=\"http:\/\/wa.me\/51923151009\" target=\"_blank\" rel=\"noopener\">WhatsApp<\/a>.<\/p>\n","protected":false},"excerpt":{"rendered":"<p>La bota de seguridad Ca\u00f1a Alta Cobra 4 S3 Delta Plus est\u00e1 dise\u00f1ada para brindar una protecci\u00f3n \u00f3ptima en ambientes industriales. Elaborada con materiales de primera calidad, cumple con rigurosos est\u00e1ndares de seguridad, ofreciendo resistencia a impactos y perforaciones, caracter\u00edsticas antiest\u00e1ticas y una suela que garantiza un excelente agarre antideslizante.<\/p>\n","protected":false},"featured_media":4653,"comment_status":"closed","ping_status":"closed","template":"","meta":{"_acf_changed":false},"product_brand":[27],"product_cat":[68,116],"product_tag":[],"class_list":{"0":"post-4597","1":"product","2":"type-product","3":"status-publish","4":"has-post-thumbnail","6":"product_brand-deltaplus","7":"product_cat-zapatos-de-seguridad","8":"product_cat-zapatos-de-trabajo","10":"first","11":"instock","12":"shipping-taxable","13":"purchasable","14":"product-type-simple"},"acf":[],"_links":{"self":[{"href":"https:\/\/valesafety.com.pe\/index.php?rest_route=\/wp\/v2\/product\/4597","targetHints":{"allow":["GET"]}}],"collection":[{"href":"https:\/\/valesafety.com.pe\/index.php?rest_route=\/wp\/v2\/product"}],"about":[{"href":"https:\/\/valesafety.com.pe\/index.php?rest_route=\/wp\/v2\/types\/product"}],"replies":[{"embeddable":true,"href":"https:\/\/valesafety.com.pe\/index.php?rest_route=%2Fwp%2Fv2%2Fcomments&post=4597"}],"wp:featuredmedia":[{"embeddable":true,"href":"https:\/\/valesafety.com.pe\/index.php?rest_route=\/wp\/v2\/media\/4653"}],"wp:attachment":[{"href":"https:\/\/valesafety.com.pe\/index.php?rest_route=%2Fwp%2Fv2%2Fmedia&parent=4597"}],"wp:term":[{"taxonomy":"product_brand","embeddable":true,"href":"https:\/\/valesafety.com.pe\/index.php?rest_route=%2Fwp%2Fv2%2Fproduct_brand&post=4597"},{"taxonomy":"product_cat","embeddable":true,"href":"https:\/\/valesafety.com.pe\/index.php?rest_route=%2Fwp%2Fv2%2Fproduct_cat&post=4597"},{"taxonomy":"product_tag","embeddable":true,"href":"https:\/\/valesafety.com.pe\/index.php?rest_route=%2Fwp%2Fv2%2Fproduct_tag&post=4597"}],"curies":[{"name":"wp","href":"https:\/\/api.w.org\/{rel}","templated":true}]}}