{"id":4595,"date":"2026-04-23T22:34:04","date_gmt":"2026-04-23T20:34:04","guid":{"rendered":"http:\/\/localhost\/borrador\/?post_type=product&#038;p=4595"},"modified":"2026-05-07T11:02:09","modified_gmt":"2026-05-07T16:02:09","slug":"zapato-manhattan-s3-src","status":"publish","type":"product","link":"https:\/\/valesafety.com.pe\/?product=zapato-manhattan-s3-src","title":{"rendered":"Zapato Manhattan S3 SRC"},"content":{"rendered":"<h2>Zapato Manhattan S3 SRC<\/h2>\n<ul>\n<li>Ca\u00f1a : Piel serraje afelpado (vacuno), tratamiento resistente al agua S3 con refuerzo anterior de goma.<\/li>\n<li>Forro: poli\u00e9ster no tejido y mesh tejido.<\/li>\n<li>Plantilla interior: Amovible preformada &#8211; Poli\u00e9ster sobre EVA.<\/li>\n<li>Suela: Sellada &#8211; Phylon.<\/li>\n<li>Suela de uso: Caucho. Calzado no magn\u00e9tico.<\/li>\n<li>COLOR: Negro-Amarillo<\/li>\n<li>TALLA: 39, 40, 41, 42, 43, 44, 45, 46, 47<\/li>\n<\/ul>\n<h3>Certificaciones y normas:<\/h3>\n<ul>\n<li>EN ISO 20344:2011 Equipos de protecci\u00f3n personal &#8211; M\u00e9todos de ensayo para calzado<\/li>\n<\/ul>\n<p>Necesitas m\u00e1s productos encu\u00e9ntralos en nuestra <a href=\"https:\/\/valesafety.com.pe\/tienda\">tienda\u00a0<\/a><\/p>\n<p>Para m\u00e1s informaci\u00f3n sobre este y otros productos, no dudes en contactarnos por\u00a0<a href=\"http:\/\/wa.me\/51923151009\" target=\"_blank\" rel=\"noopener\">WhatsApp<\/a>.<\/p>\n","protected":false},"excerpt":{"rendered":"<p>Este calzado combina de manera ideal estilo y protecci\u00f3n, convirti\u00e9ndose en una opci\u00f3n excepcional para el entorno laboral. Dise\u00f1ado para garantizar resistencia al deslizamiento y al calor, ofrece una seguridad confiable en diversas condiciones exigentes.<\/p>\n","protected":false},"featured_media":4651,"comment_status":"closed","ping_status":"closed","template":"","meta":{"_acf_changed":false},"product_brand":[27],"product_cat":[68,116],"product_tag":[],"class_list":{"0":"post-4595","1":"product","2":"type-product","3":"status-publish","4":"has-post-thumbnail","6":"product_brand-deltaplus","7":"product_cat-zapatos-de-seguridad","8":"product_cat-zapatos-de-trabajo","10":"first","11":"instock","12":"shipping-taxable","13":"purchasable","14":"product-type-simple"},"acf":[],"_links":{"self":[{"href":"https:\/\/valesafety.com.pe\/index.php?rest_route=\/wp\/v2\/product\/4595","targetHints":{"allow":["GET"]}}],"collection":[{"href":"https:\/\/valesafety.com.pe\/index.php?rest_route=\/wp\/v2\/product"}],"about":[{"href":"https:\/\/valesafety.com.pe\/index.php?rest_route=\/wp\/v2\/types\/product"}],"replies":[{"embeddable":true,"href":"https:\/\/valesafety.com.pe\/index.php?rest_route=%2Fwp%2Fv2%2Fcomments&post=4595"}],"wp:featuredmedia":[{"embeddable":true,"href":"https:\/\/valesafety.com.pe\/index.php?rest_route=\/wp\/v2\/media\/4651"}],"wp:attachment":[{"href":"https:\/\/valesafety.com.pe\/index.php?rest_route=%2Fwp%2Fv2%2Fmedia&parent=4595"}],"wp:term":[{"taxonomy":"product_brand","embeddable":true,"href":"https:\/\/valesafety.com.pe\/index.php?rest_route=%2Fwp%2Fv2%2Fproduct_brand&post=4595"},{"taxonomy":"product_cat","embeddable":true,"href":"https:\/\/valesafety.com.pe\/index.php?rest_route=%2Fwp%2Fv2%2Fproduct_cat&post=4595"},{"taxonomy":"product_tag","embeddable":true,"href":"https:\/\/valesafety.com.pe\/index.php?rest_route=%2Fwp%2Fv2%2Fproduct_tag&post=4595"}],"curies":[{"name":"wp","href":"https:\/\/api.w.org\/{rel}","templated":true}]}}