{"id":4594,"date":"2026-04-23T22:34:04","date_gmt":"2026-04-23T20:34:04","guid":{"rendered":"http:\/\/localhost\/borrador\/?post_type=product&#038;p=4594"},"modified":"2026-05-06T13:04:26","modified_gmt":"2026-05-06T18:04:26","slug":"botin-krypton-eh","status":"publish","type":"product","link":"https:\/\/valesafety.com.pe\/?product=botin-krypton-eh","title":{"rendered":"Bot\u00edn Krypton EH"},"content":{"rendered":"<h2>Bot\u00edn Krypton EH<\/h2>\n<ul>\n<li data-sourcepos=\"7:1-7:150\">El <strong>Bot\u00edn de cuero Krypton EH Diel\u00e9ctrico<\/strong> es un calzado de seguridad robusto y confiable, dise\u00f1ado bajo el est\u00e1ndar <strong>ASTM F 2413-18 M I\/C EH PR<\/strong>.<\/li>\n<\/ul>\n<ul>\n<li>\n<p data-sourcepos=\"9:1-9:202\">Est\u00e1 fabricado con una <strong>ca\u00f1a de piel crup\u00f3n grabada hidr\u00f3fuga<\/strong> (piel de b\u00fafalo repelente al agua), lo que garantiza durabilidad y resistencia. El <strong>forro es de fibra de poli\u00e9ster<\/strong> para mayor confort.<\/p>\n<p data-sourcepos=\"11:1-11:371\">La <strong>plantilla interior amovible \u00abDeltaplus Air Flow System\u00bb<\/strong>, hecha de poli\u00e9ster sobre PU, asegura una excelente transpiraci\u00f3n y comodidad durante todo el d\u00eda. Su suela, <strong>inyectada y de caucho Nitrilo (Deltarubber)<\/strong>, ofrece resistencia a la hidr\u00f3lisis y un agarre superior. Adem\u00e1s, cuenta con un <strong>parachoques de protecci\u00f3n de PU<\/strong> en la suela para mayor durabilidad.<\/p>\n<\/li>\n<\/ul>\n<p>Necesitas m\u00e1s productos encu\u00e9ntralos en nuestra <a href=\"https:\/\/valesafety.com.pe\/tienda\">tienda\u00a0<\/a><\/p>\n<p>Para m\u00e1s informaci\u00f3n sobre este y otros productos, no dudes en contactarnos por\u00a0<a href=\"http:\/\/wa.me\/51923151009\" target=\"_blank\" rel=\"noopener\">WhatsApp<\/a>.<\/p>\n","protected":false},"excerpt":{"rendered":"<div class=\"flex max-w-full flex-col flex-grow\">\n<div class=\"min-h-8 text-message flex w-full flex-col items-end gap-2 whitespace-normal break-words text-start [.text-message+&amp;]:mt-5\" dir=\"auto\" data-message-author-role=\"assistant\" data-message-id=\"14332749-3e80-4a47-a083-acf177bc27ba\" data-message-model-slug=\"gpt-4o\">\n<div class=\"flex w-full flex-col gap-1 empty:hidden first:pt-[3px]\">\n<div class=\"markdown prose w-full break-words dark:prose-invert dark\">\n<p>El Bot\u00edn Krypton EH proporciona protecci\u00f3n tanto el\u00e9ctrica como mec\u00e1nica en ambientes laborales desafiantes. Su suela antideslizante y resistente a aceites garantiza seguridad y confort para quienes enfrentan riesgos relacionados con electricidad y maquinaria.<\/p>\n<\/div>\n<\/div>\n<\/div>\n<\/div>\n","protected":false},"featured_media":4650,"comment_status":"closed","ping_status":"closed","template":"","meta":{"_acf_changed":false},"product_brand":[27],"product_cat":[68,116],"product_tag":[],"class_list":{"0":"post-4594","1":"product","2":"type-product","3":"status-publish","4":"has-post-thumbnail","6":"product_brand-deltaplus","7":"product_cat-zapatos-de-seguridad","8":"product_cat-zapatos-de-trabajo","10":"first","11":"instock","12":"shipping-taxable","13":"purchasable","14":"product-type-simple"},"acf":[],"_links":{"self":[{"href":"https:\/\/valesafety.com.pe\/index.php?rest_route=\/wp\/v2\/product\/4594","targetHints":{"allow":["GET"]}}],"collection":[{"href":"https:\/\/valesafety.com.pe\/index.php?rest_route=\/wp\/v2\/product"}],"about":[{"href":"https:\/\/valesafety.com.pe\/index.php?rest_route=\/wp\/v2\/types\/product"}],"replies":[{"embeddable":true,"href":"https:\/\/valesafety.com.pe\/index.php?rest_route=%2Fwp%2Fv2%2Fcomments&post=4594"}],"wp:featuredmedia":[{"embeddable":true,"href":"https:\/\/valesafety.com.pe\/index.php?rest_route=\/wp\/v2\/media\/4650"}],"wp:attachment":[{"href":"https:\/\/valesafety.com.pe\/index.php?rest_route=%2Fwp%2Fv2%2Fmedia&parent=4594"}],"wp:term":[{"taxonomy":"product_brand","embeddable":true,"href":"https:\/\/valesafety.com.pe\/index.php?rest_route=%2Fwp%2Fv2%2Fproduct_brand&post=4594"},{"taxonomy":"product_cat","embeddable":true,"href":"https:\/\/valesafety.com.pe\/index.php?rest_route=%2Fwp%2Fv2%2Fproduct_cat&post=4594"},{"taxonomy":"product_tag","embeddable":true,"href":"https:\/\/valesafety.com.pe\/index.php?rest_route=%2Fwp%2Fv2%2Fproduct_tag&post=4594"}],"curies":[{"name":"wp","href":"https:\/\/api.w.org\/{rel}","templated":true}]}}