{"id":4580,"date":"2026-04-23T22:33:36","date_gmt":"2026-04-23T20:33:36","guid":{"rendered":"http:\/\/localhost\/borrador\/?post_type=product&#038;p=4580"},"modified":"2026-05-06T13:07:14","modified_gmt":"2026-05-06T18:07:14","slug":"botin-simba-hro-s3-src","status":"publish","type":"product","link":"https:\/\/valesafety.com.pe\/?product=botin-simba-hro-s3-src","title":{"rendered":"Bot\u00edn Simba HRO S3 SRC"},"content":{"rendered":"<h2>Bot\u00edn Simba HRO S3 SRC<\/h2>\n<ul>\n<li>Ca\u00f1a: Piel B\u00fafalo crup\u00f3n grabada, tratamiento impermeable S3.<\/li>\n<li>Forro: Mesh. Plantilla interior: Amovible preformada \u2013 EVA.<\/li>\n<li>Suela: Inyectada \u2013 PU\/Caucho Nitrilo.<\/li>\n<li>Punta: Acero<\/li>\n<\/ul>\n<p>Necesitas m\u00e1s productos encu\u00e9ntralos en nuestra <a href=\"https:\/\/valesafety.com.pe\/tienda\">tienda\u00a0<\/a><\/p>\n<p>Para m\u00e1s informaci\u00f3n sobre este y otros productos, no dudes en contactarnos por\u00a0<a href=\"http:\/\/wa.me\/51923151009\" target=\"_blank\" rel=\"noopener\">WhatsApp<\/a>.<\/p>\n","protected":false},"excerpt":{"rendered":"<p>Este calzado incluye una inserci\u00f3n antiperforaci\u00f3n de acero inoxidable, un material superior elaborado en piel serraje, y una puntera de seguridad tambi\u00e9n de acero inoxidable. El forro textil cuenta con un acabado transpirable que favorece una excelente higiene. Adem\u00e1s, incorpora una plantilla textil y una suela extra\u00edble de NBR, dise\u00f1ada para facilitar su limpieza. Ofrece protecci\u00f3n contra riesgos de resbalones, propiedades antiest\u00e1ticas y resistencia a choques t\u00e9rmicos, lo que lo hace ideal para trabajos en la industria y la construcci\u00f3n. Su dise\u00f1o asegura comodidad gracias a la suela de doble densidad, mientras que la plantilla extra\u00edble refuerza las condiciones higi\u00e9nicas.<\/p>\n","protected":false},"featured_media":4636,"comment_status":"closed","ping_status":"closed","template":"","meta":{"_acf_changed":false},"product_brand":[27],"product_cat":[68,116],"product_tag":[388,231,389,390],"class_list":{"0":"post-4580","1":"product","2":"type-product","3":"status-publish","4":"has-post-thumbnail","6":"product_brand-deltaplus","7":"product_cat-zapatos-de-seguridad","8":"product_cat-zapatos-de-trabajo","9":"product_tag-botines-con-piel-de-bufalo","10":"product_tag-deltaplus","11":"product_tag-impermeable","12":"product_tag-zapatos-de-seguridad","14":"first","15":"instock","16":"shipping-taxable","17":"purchasable","18":"product-type-simple"},"acf":[],"_links":{"self":[{"href":"https:\/\/valesafety.com.pe\/index.php?rest_route=\/wp\/v2\/product\/4580","targetHints":{"allow":["GET"]}}],"collection":[{"href":"https:\/\/valesafety.com.pe\/index.php?rest_route=\/wp\/v2\/product"}],"about":[{"href":"https:\/\/valesafety.com.pe\/index.php?rest_route=\/wp\/v2\/types\/product"}],"replies":[{"embeddable":true,"href":"https:\/\/valesafety.com.pe\/index.php?rest_route=%2Fwp%2Fv2%2Fcomments&post=4580"}],"wp:featuredmedia":[{"embeddable":true,"href":"https:\/\/valesafety.com.pe\/index.php?rest_route=\/wp\/v2\/media\/4636"}],"wp:attachment":[{"href":"https:\/\/valesafety.com.pe\/index.php?rest_route=%2Fwp%2Fv2%2Fmedia&parent=4580"}],"wp:term":[{"taxonomy":"product_brand","embeddable":true,"href":"https:\/\/valesafety.com.pe\/index.php?rest_route=%2Fwp%2Fv2%2Fproduct_brand&post=4580"},{"taxonomy":"product_cat","embeddable":true,"href":"https:\/\/valesafety.com.pe\/index.php?rest_route=%2Fwp%2Fv2%2Fproduct_cat&post=4580"},{"taxonomy":"product_tag","embeddable":true,"href":"https:\/\/valesafety.com.pe\/index.php?rest_route=%2Fwp%2Fv2%2Fproduct_tag&post=4580"}],"curies":[{"name":"wp","href":"https:\/\/api.w.org\/{rel}","templated":true}]}}