{"id":4579,"date":"2026-04-23T22:33:36","date_gmt":"2026-04-23T20:33:36","guid":{"rendered":"http:\/\/localhost\/borrador\/?post_type=product&#038;p=4579"},"modified":"2026-05-06T12:33:53","modified_gmt":"2026-05-06T17:33:53","slug":"bota-eskimo-sbhp-src","status":"publish","type":"product","link":"https:\/\/valesafety.com.pe\/?product=bota-eskimo-sbhp-src","title":{"rendered":"Bota Eskimo SBHP SRC"},"content":{"rendered":"<h2>Bota Eskimo SBHP SRC<\/h2>\n<ul>\n<li class=\"view__zone_property\">Tecnolog\u00eda de la suela : Inyectada<\/li>\n<li class=\"view__zone_property\">Caracter\u00edstica de la suela : Er &#8211; Amovible<\/li>\n<li class=\"view__zone_property\">Inserto anti perforaci\u00f3n : No met\u00e1lico<\/li>\n<li class=\"view__zone_property\">Puntera de seguridad : Composite<\/li>\n<li class=\"view__zone_property\">Per\u00edmetro de la pantorrilla talla 42 (cm) : 44<\/li>\n<li class=\"view__zone_property\">Peso (gramos por zapato) : 865<\/li>\n<li class=\"view__zone_title\">Tama\u00f1os y colores<\/li>\n<li class=\"view__zone_property\">Color : Negro<\/li>\n<li class=\"view__zone_property\">Rango de tallas : 38 \u2192 48<\/li>\n<\/ul>\n<p>Necesitas m\u00e1s productos encu\u00e9ntralos en nuestra <a href=\"https:\/\/valesafety.com.pe\/tienda\">tienda\u00a0<\/a><\/p>\n<p>Para m\u00e1s informaci\u00f3n sobre este y otros productos, no dudes en contactarnos por\u00a0<a href=\"http:\/\/wa.me\/51923151009\" target=\"_blank\" rel=\"noopener\">WhatsApp<\/a>.<\/p>\n","protected":false},"excerpt":{"rendered":"<p>La ca\u00f1a combina una mezcla de piel, textil, poli\u00e9ster y flor con un revestimiento de PU, proporcionando una estructura resistente y duradera. El forro incorpora una membrana isot\u00e9rmica Delta-Tex de poli\u00e9ster y piel sint\u00e9tica, garantizando confort t\u00e9rmico y protecci\u00f3n. La plantilla interior est\u00e1 fabricada en fieltro, lo que a\u00f1ade una capa adicional de comodidad. La suela, inyectada en PU de doble densidad, asegura durabilidad y tracci\u00f3n. Adem\u00e1s, los refuerzos de PU incrementan la resistencia del calzado, mientras que el inserto antiperforaci\u00f3n no met\u00e1lico y la puntera de seguridad de composite ofrecen protecci\u00f3n ligera.<\/p>\n","protected":false},"featured_media":4635,"comment_status":"closed","ping_status":"closed","template":"","meta":{"_acf_changed":false},"product_brand":[27],"product_cat":[68,116],"product_tag":[],"class_list":{"0":"post-4579","1":"product","2":"type-product","3":"status-publish","4":"has-post-thumbnail","6":"product_brand-deltaplus","7":"product_cat-zapatos-de-seguridad","8":"product_cat-zapatos-de-trabajo","10":"first","11":"instock","12":"shipping-taxable","13":"purchasable","14":"product-type-simple"},"acf":[],"_links":{"self":[{"href":"https:\/\/valesafety.com.pe\/index.php?rest_route=\/wp\/v2\/product\/4579","targetHints":{"allow":["GET"]}}],"collection":[{"href":"https:\/\/valesafety.com.pe\/index.php?rest_route=\/wp\/v2\/product"}],"about":[{"href":"https:\/\/valesafety.com.pe\/index.php?rest_route=\/wp\/v2\/types\/product"}],"replies":[{"embeddable":true,"href":"https:\/\/valesafety.com.pe\/index.php?rest_route=%2Fwp%2Fv2%2Fcomments&post=4579"}],"wp:featuredmedia":[{"embeddable":true,"href":"https:\/\/valesafety.com.pe\/index.php?rest_route=\/wp\/v2\/media\/4635"}],"wp:attachment":[{"href":"https:\/\/valesafety.com.pe\/index.php?rest_route=%2Fwp%2Fv2%2Fmedia&parent=4579"}],"wp:term":[{"taxonomy":"product_brand","embeddable":true,"href":"https:\/\/valesafety.com.pe\/index.php?rest_route=%2Fwp%2Fv2%2Fproduct_brand&post=4579"},{"taxonomy":"product_cat","embeddable":true,"href":"https:\/\/valesafety.com.pe\/index.php?rest_route=%2Fwp%2Fv2%2Fproduct_cat&post=4579"},{"taxonomy":"product_tag","embeddable":true,"href":"https:\/\/valesafety.com.pe\/index.php?rest_route=%2Fwp%2Fv2%2Fproduct_tag&post=4579"}],"curies":[{"name":"wp","href":"https:\/\/api.w.org\/{rel}","templated":true}]}}