{"id":4576,"date":"2026-04-23T22:33:35","date_gmt":"2026-04-23T20:33:35","guid":{"rendered":"http:\/\/localhost\/borrador\/?post_type=product&#038;p=4576"},"modified":"2026-05-06T12:43:41","modified_gmt":"2026-05-06T17:43:41","slug":"botin-atacama-s3-src","status":"publish","type":"product","link":"https:\/\/valesafety.com.pe\/?product=botin-atacama-s3-src","title":{"rendered":"Bot\u00edn atacama S3 SRC"},"content":{"rendered":"<h2>Bot\u00edn atacama S3 SRC<\/h2>\n<ul>\n<li>Material: Cuero Ternera completo 1.8-2.0mm.<\/li>\n<li>Forro poli\u00e9ster Air Mesh 3D.<\/li>\n<li>Ca\u00f1a resistente a los cortes (CR).<\/li>\n<li>Suela: intermedia PU baja desnsidad \/ PU alta densidad.<\/li>\n<li>Puntera: composite.<\/li>\n<li>No m\u00e1gnetico (sin parte m\u00e9talica) Compatible con los controles de seguridad<\/li>\n<li>Plantilla antiperforante: Acero inoxidable.<\/li>\n<li>Norma : EN ISO 20345 S3 CR SRC.<\/li>\n<\/ul>\n<p>Necesitas m\u00e1s productos encu\u00e9ntralos en nuestra <a href=\"https:\/\/valesafety.com.pe\/tienda\">tienda\u00a0<\/a><\/p>\n<p>Para m\u00e1s informaci\u00f3n sobre este y otros productos, no dudes en contactarnos por\u00a0<a href=\"http:\/\/wa.me\/51923151009\" target=\"_blank\" rel=\"noopener\">WhatsApp<\/a>.<\/p>\n","protected":false},"excerpt":{"rendered":"<p>Ca\u00f1a: piel de ternra, tratamiento impermeable S3 y exterior de piel impregnaci\u00f3n PU. Forro: Mesh 3D absorbente, plantilla interior: Amovible preformada &#8211; poli\u00e9ster sobre EVA. Suela: Inyectada &#8211; PU bi-densidad<\/p>\n","protected":false},"featured_media":4624,"comment_status":"closed","ping_status":"closed","template":"","meta":{"_acf_changed":false},"product_brand":[27],"product_cat":[68,116],"product_tag":[383,278,384,385,386,387],"class_list":{"0":"post-4576","1":"product","2":"type-product","3":"status-publish","4":"has-post-thumbnail","6":"product_brand-deltaplus","7":"product_cat-zapatos-de-seguridad","8":"product_cat-zapatos-de-trabajo","9":"product_tag-botas-de-cuero","10":"product_tag-botin-de-seguridad","11":"product_tag-botines-hombre","12":"product_tag-calzado-de-seguridad","13":"product_tag-calzado-industrial","14":"product_tag-zapatos-de-seguridad-punta-de-acero","16":"first","17":"instock","18":"shipping-taxable","19":"purchasable","20":"product-type-simple"},"acf":[],"_links":{"self":[{"href":"https:\/\/valesafety.com.pe\/index.php?rest_route=\/wp\/v2\/product\/4576","targetHints":{"allow":["GET"]}}],"collection":[{"href":"https:\/\/valesafety.com.pe\/index.php?rest_route=\/wp\/v2\/product"}],"about":[{"href":"https:\/\/valesafety.com.pe\/index.php?rest_route=\/wp\/v2\/types\/product"}],"replies":[{"embeddable":true,"href":"https:\/\/valesafety.com.pe\/index.php?rest_route=%2Fwp%2Fv2%2Fcomments&post=4576"}],"wp:featuredmedia":[{"embeddable":true,"href":"https:\/\/valesafety.com.pe\/index.php?rest_route=\/wp\/v2\/media\/4624"}],"wp:attachment":[{"href":"https:\/\/valesafety.com.pe\/index.php?rest_route=%2Fwp%2Fv2%2Fmedia&parent=4576"}],"wp:term":[{"taxonomy":"product_brand","embeddable":true,"href":"https:\/\/valesafety.com.pe\/index.php?rest_route=%2Fwp%2Fv2%2Fproduct_brand&post=4576"},{"taxonomy":"product_cat","embeddable":true,"href":"https:\/\/valesafety.com.pe\/index.php?rest_route=%2Fwp%2Fv2%2Fproduct_cat&post=4576"},{"taxonomy":"product_tag","embeddable":true,"href":"https:\/\/valesafety.com.pe\/index.php?rest_route=%2Fwp%2Fv2%2Fproduct_tag&post=4576"}],"curies":[{"name":"wp","href":"https:\/\/api.w.org\/{rel}","templated":true}]}}