{"id":4573,"date":"2026-04-23T22:33:35","date_gmt":"2026-04-23T20:33:35","guid":{"rendered":"http:\/\/localhost\/borrador\/?post_type=product&#038;p=4573"},"modified":"2026-05-07T10:40:38","modified_gmt":"2026-05-07T15:40:38","slug":"strong-welder-800-550-ch","status":"publish","type":"product","link":"https:\/\/valesafety.com.pe\/?product=strong-welder-800-550-ch","title":{"rendered":"Strong Welder 800-550 CH"},"content":{"rendered":"<h2>Strong Welder 800-550 CH<\/h2>\n<ul>\n<li>M\u00e1scara de dise\u00f1o ergon\u00f3mico y liviano<\/li>\n<li>Filtro de oscurecimiento autom\u00e1tico<\/li>\n<li>La m\u00e1scara STRONG WELDER es compatible con los filtros LIBUS Serie 800, 1000, 1500 y 2000<\/li>\n<li>Panel frontal reflectante del calor<\/li>\n<li>Ajuste externo del grado de filtrado<\/li>\n<li>Cobertura del cuello extendida<\/li>\n<li>Ranueras de ventilaci\u00f3n laterales para una r\u00e1pida liberaci\u00f3n del CO2 exhalado<\/li>\n<\/ul>\n<p>Necesitas m\u00e1s productos encu\u00e9ntralos en nuestra <a href=\"https:\/\/valesafety.com.pe\/tienda\">tienda\u00a0<\/a><\/p>\n<p>Para m\u00e1s informaci\u00f3n sobre este y otros productos, no dudes en contactarnos por\u00a0<a href=\"http:\/\/wa.me\/51923151009\" target=\"_blank\" rel=\"noopener\">WhatsApp<\/a>.<\/p>\n","protected":false},"excerpt":{"rendered":"<p>La Strong Welder 800-550 CH protege la cara, ojos, cuello y otras partes sensibles de la piel del soldador de los efectos nocivos de la soldadura.<\/p>\n","protected":false},"featured_media":4621,"comment_status":"closed","ping_status":"closed","template":"","meta":{"_acf_changed":false},"product_brand":[31],"product_cat":[60],"product_tag":[],"class_list":{"0":"post-4573","1":"product","2":"type-product","3":"status-publish","4":"has-post-thumbnail","6":"product_brand-libus","7":"product_cat-proteccion-de-soldador","9":"first","10":"instock","11":"shipping-taxable","12":"purchasable","13":"product-type-simple"},"acf":[],"_links":{"self":[{"href":"https:\/\/valesafety.com.pe\/index.php?rest_route=\/wp\/v2\/product\/4573","targetHints":{"allow":["GET"]}}],"collection":[{"href":"https:\/\/valesafety.com.pe\/index.php?rest_route=\/wp\/v2\/product"}],"about":[{"href":"https:\/\/valesafety.com.pe\/index.php?rest_route=\/wp\/v2\/types\/product"}],"replies":[{"embeddable":true,"href":"https:\/\/valesafety.com.pe\/index.php?rest_route=%2Fwp%2Fv2%2Fcomments&post=4573"}],"wp:featuredmedia":[{"embeddable":true,"href":"https:\/\/valesafety.com.pe\/index.php?rest_route=\/wp\/v2\/media\/4621"}],"wp:attachment":[{"href":"https:\/\/valesafety.com.pe\/index.php?rest_route=%2Fwp%2Fv2%2Fmedia&parent=4573"}],"wp:term":[{"taxonomy":"product_brand","embeddable":true,"href":"https:\/\/valesafety.com.pe\/index.php?rest_route=%2Fwp%2Fv2%2Fproduct_brand&post=4573"},{"taxonomy":"product_cat","embeddable":true,"href":"https:\/\/valesafety.com.pe\/index.php?rest_route=%2Fwp%2Fv2%2Fproduct_cat&post=4573"},{"taxonomy":"product_tag","embeddable":true,"href":"https:\/\/valesafety.com.pe\/index.php?rest_route=%2Fwp%2Fv2%2Fproduct_tag&post=4573"}],"curies":[{"name":"wp","href":"https:\/\/api.w.org\/{rel}","templated":true}]}}