{"id":4563,"date":"2026-04-23T22:33:07","date_gmt":"2026-04-23T20:33:07","guid":{"rendered":"http:\/\/localhost\/borrador\/?post_type=product&#038;p=4563"},"modified":"2026-05-06T18:36:03","modified_gmt":"2026-05-06T23:36:03","slug":"mascara-de-soldador-strong-welder-500","status":"publish","type":"product","link":"https:\/\/valesafety.com.pe\/?product=mascara-de-soldador-strong-welder-500","title":{"rendered":"M\u00e1scara de soldador Strong Welder 500"},"content":{"rendered":"<h2>M\u00e1scara de soldador Strong Welder 500<\/h2>\n<ul>\n<li>M\u00e1scara de dise\u00f1o ergon\u00f3mico y liviano.Adaptable al casco.<\/li>\n<li>Cubrefiltro fabricado en PETG.<\/li>\n<li>Ranuras de ventilaci\u00f3n laterales para una r\u00e1pida liberaci\u00f3n del CO2 exhalado.<\/li>\n<li>Panel frontal reflectante del calor.<\/li>\n<li>Cobertura del cuello extendida.<\/li>\n<li>Bastidor portafiltro rebatible tipo \u201cflip-up\u201d.<\/li>\n<li>Filtro de grado fijo 50 x 105 mm (no provisto).<\/li>\n<li>Antecristal fabricado en PETG.<\/li>\n<li>Arn\u00e9s con regulaci\u00f3n a cremallera para ajuste a la cabeza y pin-lock para regulaci\u00f3n de luz vertical.<\/li>\n<li>Sudadera acolchada y absorbente.<\/li>\n<li>Removible y lavable<\/li>\n<li>Difusor de exhalaci\u00f3n. Reduce el empa\u00f1amiento del visor dirigiendo el aire exhalado hacia las ranuras de ventilaci\u00f3n.<\/li>\n<li>Mejora el confort disminuyendo la acumulaci\u00f3n del aire caliente y h\u00famedo dentro de la m\u00e1scara.<\/li>\n<li>Caja Cerrada: 10 unidades.<\/li>\n<\/ul>\n<p>Necesitas m\u00e1s productos encu\u00e9ntralos en nuestra <a href=\"https:\/\/valesafety.com.pe\/tienda\">tienda\u00a0<\/a><\/p>\n<p>Para m\u00e1s informaci\u00f3n sobre este y otros productos, no dudes en contactarnos por\u00a0<a href=\"http:\/\/wa.me\/51923151009\" target=\"_blank\" rel=\"noopener\">WhatsApp<\/a>.<\/p>\n","protected":false},"excerpt":{"rendered":"<p>La M\u00e1scara de soldador Strong Welder 500 elaborada en resina termopl\u00e1stica, dise\u00f1ada con un arn\u00e9s ajustable que permite personalizar su altura, per\u00edmetro y \u00e1ngulo para mayor comodidad. Incluye una ventana abatible que facilita la colocaci\u00f3n de cubrefiltro, filtro y antecristal con dimensiones nominales de 51 x 105 mm.<\/p>\n","protected":false},"featured_media":4620,"comment_status":"closed","ping_status":"closed","template":"","meta":{"_acf_changed":false},"product_brand":[31],"product_cat":[60],"product_tag":[],"class_list":{"0":"post-4563","1":"product","2":"type-product","3":"status-publish","4":"has-post-thumbnail","6":"product_brand-libus","7":"product_cat-proteccion-de-soldador","9":"first","10":"instock","11":"shipping-taxable","12":"purchasable","13":"product-type-simple"},"acf":[],"_links":{"self":[{"href":"https:\/\/valesafety.com.pe\/index.php?rest_route=\/wp\/v2\/product\/4563","targetHints":{"allow":["GET"]}}],"collection":[{"href":"https:\/\/valesafety.com.pe\/index.php?rest_route=\/wp\/v2\/product"}],"about":[{"href":"https:\/\/valesafety.com.pe\/index.php?rest_route=\/wp\/v2\/types\/product"}],"replies":[{"embeddable":true,"href":"https:\/\/valesafety.com.pe\/index.php?rest_route=%2Fwp%2Fv2%2Fcomments&post=4563"}],"wp:featuredmedia":[{"embeddable":true,"href":"https:\/\/valesafety.com.pe\/index.php?rest_route=\/wp\/v2\/media\/4620"}],"wp:attachment":[{"href":"https:\/\/valesafety.com.pe\/index.php?rest_route=%2Fwp%2Fv2%2Fmedia&parent=4563"}],"wp:term":[{"taxonomy":"product_brand","embeddable":true,"href":"https:\/\/valesafety.com.pe\/index.php?rest_route=%2Fwp%2Fv2%2Fproduct_brand&post=4563"},{"taxonomy":"product_cat","embeddable":true,"href":"https:\/\/valesafety.com.pe\/index.php?rest_route=%2Fwp%2Fv2%2Fproduct_cat&post=4563"},{"taxonomy":"product_tag","embeddable":true,"href":"https:\/\/valesafety.com.pe\/index.php?rest_route=%2Fwp%2Fv2%2Fproduct_tag&post=4563"}],"curies":[{"name":"wp","href":"https:\/\/api.w.org\/{rel}","templated":true}]}}