{"id":4562,"date":"2026-04-23T22:33:07","date_gmt":"2026-04-23T20:33:07","guid":{"rendered":"http:\/\/localhost\/borrador\/?post_type=product&#038;p=4562"},"modified":"2026-05-06T18:36:12","modified_gmt":"2026-05-06T23:36:12","slug":"mascara-de-soldar-strong-welder-1000","status":"publish","type":"product","link":"https:\/\/valesafety.com.pe\/?product=mascara-de-soldar-strong-welder-1000","title":{"rendered":"Mascara de Soldar Strong Welder 1000"},"content":{"rendered":"<h2>Mascara de Soldar Strong Welder 1000<\/h2>\n<ul>\n<li>M\u00e1scara de dise\u00f1o ergon\u00f3mico y liviano. Adaptable al casco.<\/li>\n<li>Filtro de oscurecimiento autom\u00e1tico.<\/li>\n<li>La m\u00e1scara STRONG WELDER es compatible con los filtros LIBUS Serie 1000, 1500 y 2000.<\/li>\n<li>2 Sensores<\/li>\n<li>Panel frontal reflectante del calor.<\/li>\n<li>Ajuste externo del grado de filtrado.<\/li>\n<li>Cobertura del cuello extendida.<\/li>\n<li>Ranuras de ventilaci\u00f3n laterales para una r\u00e1pida liberaci\u00f3n del CO2 exhalado.<\/li>\n<li>Caja Cerrada: 2 unidades.<\/li>\n<\/ul>\n<h3>Caracter\u00edsticas adicionales<\/h3>\n<ul>\n<li class=\"selectable-text copyable-text x15bjb6t x1n2onr6\" dir=\"ltr\"><span class=\"selectable-text copyable-text false\">Filtro de oscurecimiento autom\u00e1tico<\/span><\/li>\n<li class=\"selectable-text copyable-text x15bjb6t x1n2onr6\" dir=\"ltr\"><span class=\"selectable-text copyable-text false\">Panel frontal reflectante del calor<\/span><\/li>\n<li class=\"selectable-text copyable-text x15bjb6t x1n2onr6\" dir=\"ltr\"><span class=\"selectable-text copyable-text false\">Ajuste externo del grado de filtrado<\/span><\/li>\n<li class=\"selectable-text copyable-text x15bjb6t x1n2onr6\" dir=\"ltr\"><span class=\"selectable-text copyable-text false\">Ranuras de ventilaci\u00f3n laterales<\/span><\/li>\n<\/ul>\n<p>Necesitas m\u00e1s productos encu\u00e9ntralos en nuestra <a href=\"https:\/\/valesafety.com.pe\/tienda\">tienda\u00a0<\/a><\/p>\n<p>Para m\u00e1s informaci\u00f3n sobre este y otros productos, no dudes en contactarnos por\u00a0<a href=\"http:\/\/wa.me\/51923151009\" target=\"_blank\" rel=\"noopener\">WhatsApp<\/a>.<\/p>\n","protected":false},"excerpt":{"rendered":"<p>La Mascara de Soldar Strong Welder 1000 profesional fabricada en resina termopl\u00e1stica provista de arn\u00e9s para sujeci\u00f3n a la cabeza con ajuste de altura, per\u00edmetro y \u00e1ngulo. Equipada con filtro de oscurecimiento autom\u00e1tico que se activa en presencia del arco el\u00e9ctrico de soldadura (fotosensible).<\/p>\n","protected":false},"featured_media":4619,"comment_status":"closed","ping_status":"closed","template":"","meta":{"_acf_changed":false},"product_brand":[31],"product_cat":[60],"product_tag":[381,382],"class_list":{"0":"post-4562","1":"product","2":"type-product","3":"status-publish","4":"has-post-thumbnail","6":"product_brand-libus","7":"product_cat-proteccion-de-soldador","8":"product_tag-mascara-de-soldar","9":"product_tag-proteccion-soldador","11":"first","12":"instock","13":"shipping-taxable","14":"purchasable","15":"product-type-simple"},"acf":[],"_links":{"self":[{"href":"https:\/\/valesafety.com.pe\/index.php?rest_route=\/wp\/v2\/product\/4562","targetHints":{"allow":["GET"]}}],"collection":[{"href":"https:\/\/valesafety.com.pe\/index.php?rest_route=\/wp\/v2\/product"}],"about":[{"href":"https:\/\/valesafety.com.pe\/index.php?rest_route=\/wp\/v2\/types\/product"}],"replies":[{"embeddable":true,"href":"https:\/\/valesafety.com.pe\/index.php?rest_route=%2Fwp%2Fv2%2Fcomments&post=4562"}],"wp:featuredmedia":[{"embeddable":true,"href":"https:\/\/valesafety.com.pe\/index.php?rest_route=\/wp\/v2\/media\/4619"}],"wp:attachment":[{"href":"https:\/\/valesafety.com.pe\/index.php?rest_route=%2Fwp%2Fv2%2Fmedia&parent=4562"}],"wp:term":[{"taxonomy":"product_brand","embeddable":true,"href":"https:\/\/valesafety.com.pe\/index.php?rest_route=%2Fwp%2Fv2%2Fproduct_brand&post=4562"},{"taxonomy":"product_cat","embeddable":true,"href":"https:\/\/valesafety.com.pe\/index.php?rest_route=%2Fwp%2Fv2%2Fproduct_cat&post=4562"},{"taxonomy":"product_tag","embeddable":true,"href":"https:\/\/valesafety.com.pe\/index.php?rest_route=%2Fwp%2Fv2%2Fproduct_tag&post=4562"}],"curies":[{"name":"wp","href":"https:\/\/api.w.org\/{rel}","templated":true}]}}