{"id":4558,"date":"2026-04-23T22:33:06","date_gmt":"2026-04-23T20:33:06","guid":{"rendered":"http:\/\/localhost\/borrador\/?post_type=product&#038;p=4558"},"modified":"2026-05-06T11:16:49","modified_gmt":"2026-05-06T16:16:49","slug":"anteojo-de-seguridad-dual-rb","status":"publish","type":"product","link":"https:\/\/valesafety.com.pe\/?product=anteojo-de-seguridad-dual-rb","title":{"rendered":"Anteojo de seguridad Dual RB"},"content":{"rendered":"<h2>Anteojo de seguridad Dual RB<\/h2>\n<ul>\n<li>Lente de policarbonato de grado \u00f3ptico con filtro UV.<\/li>\n<li>Patilla intercambiable con correa el\u00e1stica.<\/li>\n<li>Patilla telesc\u00f3pica con 5 posiciones de regulaci\u00f3n.<\/li>\n<li>Armaz\u00f3n interno desmontable con guarnici\u00f3n espumada soft.<\/li>\n<li>Puente nasal integrado<\/li>\n<li>Marco integral<\/li>\n<li>Protecci\u00f3n lateral<\/li>\n<li>Patilla<\/li>\n<li>Tornillo de acero inoxidable.<\/li>\n<li>Caja Cerrada: 60 unidades.<\/li>\n<\/ul>\n<p>Necesitas m\u00e1s productos encu\u00e9ntralos en nuestra <a href=\"https:\/\/valesafety.com.pe\/tienda\">tienda\u00a0<\/a><\/p>\n<p>Para m\u00e1s informaci\u00f3n sobre este y otros productos, no dudes en contactarnos por\u00a0<a href=\"http:\/\/wa.me\/51923151009\" target=\"_blank\" rel=\"noopener\">WhatsApp<\/a>.<\/p>\n","protected":false},"excerpt":{"rendered":"<p>El Anteojo de seguridad Dual RB est\u00e1 dise\u00f1ado para ofrecer una protecci\u00f3n completa a los ojos, protegi\u00e9ndolos eficazmente contra golpes, impactos de part\u00edculas, polvo y chispas. Su dise\u00f1o avanzado proporciona una cobertura tanto frontal como lateral, garantizando una mayor seguridad durante el trabajo en entornos de riesgo<\/p>\n","protected":false},"featured_media":4606,"comment_status":"closed","ping_status":"closed","template":"","meta":{"_acf_changed":false},"product_brand":[31],"product_cat":[103,65],"product_tag":[],"class_list":{"0":"post-4558","1":"product","2":"type-product","3":"status-publish","4":"has-post-thumbnail","6":"product_brand-libus","7":"product_cat-anteojos-de-seguridad","8":"product_cat-proteccion-visual","10":"first","11":"instock","12":"shipping-taxable","13":"purchasable","14":"product-type-simple"},"acf":[],"_links":{"self":[{"href":"https:\/\/valesafety.com.pe\/index.php?rest_route=\/wp\/v2\/product\/4558","targetHints":{"allow":["GET"]}}],"collection":[{"href":"https:\/\/valesafety.com.pe\/index.php?rest_route=\/wp\/v2\/product"}],"about":[{"href":"https:\/\/valesafety.com.pe\/index.php?rest_route=\/wp\/v2\/types\/product"}],"replies":[{"embeddable":true,"href":"https:\/\/valesafety.com.pe\/index.php?rest_route=%2Fwp%2Fv2%2Fcomments&post=4558"}],"wp:featuredmedia":[{"embeddable":true,"href":"https:\/\/valesafety.com.pe\/index.php?rest_route=\/wp\/v2\/media\/4606"}],"wp:attachment":[{"href":"https:\/\/valesafety.com.pe\/index.php?rest_route=%2Fwp%2Fv2%2Fmedia&parent=4558"}],"wp:term":[{"taxonomy":"product_brand","embeddable":true,"href":"https:\/\/valesafety.com.pe\/index.php?rest_route=%2Fwp%2Fv2%2Fproduct_brand&post=4558"},{"taxonomy":"product_cat","embeddable":true,"href":"https:\/\/valesafety.com.pe\/index.php?rest_route=%2Fwp%2Fv2%2Fproduct_cat&post=4558"},{"taxonomy":"product_tag","embeddable":true,"href":"https:\/\/valesafety.com.pe\/index.php?rest_route=%2Fwp%2Fv2%2Fproduct_tag&post=4558"}],"curies":[{"name":"wp","href":"https:\/\/api.w.org\/{rel}","templated":true}]}}