{"id":4557,"date":"2026-04-23T22:33:06","date_gmt":"2026-04-23T20:33:06","guid":{"rendered":"http:\/\/localhost\/borrador\/?post_type=product&#038;p=4557"},"modified":"2026-05-06T10:28:21","modified_gmt":"2026-05-06T15:28:21","slug":"anteojo-de-seguridad-mig","status":"publish","type":"product","link":"https:\/\/valesafety.com.pe\/?product=anteojo-de-seguridad-mig","title":{"rendered":"Anteojo de seguridad MIG"},"content":{"rendered":"<h2>Anteojo de seguridad MIG<\/h2>\n<ul>\n<li>Dise\u00f1o ojo de gato. Su radio de curvatura y las patillas sigui\u00e9ndola l\u00ednea logran un calce perfecto a la cara y visi\u00f3n panor\u00e1mica.<\/li>\n<li>Lente de policarbonato.<\/li>\n<li>Filtro UV<\/li>\n<li>Marco de nylon con puente nasal universal.<\/li>\n<li>Insertos soft inyectados que brindan confort y evitan deslizamiento.<\/li>\n<li>Patillas flexibles de nylon, delgadas y ergon\u00f3micas.<\/li>\n<li>Patilla telesc\u00f3pica ajustable de 4 posiciones de largo.<\/li>\n<li>Tornillo de acero inoxidable.<\/li>\n<li>Caja Cerrada: 120 unidades.<\/li>\n<\/ul>\n<p>Necesitas m\u00e1s productos encu\u00e9ntralos en nuestra <a href=\"https:\/\/valesafety.com.pe\/tienda\">tienda\u00a0<\/a><\/p>\n<p>Para m\u00e1s informaci\u00f3n sobre este y otros productos, no dudes en contactarnos por\u00a0<a href=\"http:\/\/wa.me\/51923151009\" target=\"_blank\" rel=\"noopener\">WhatsApp<\/a>.<\/p>\n","protected":false},"excerpt":{"rendered":"<p>El Anteojo de seguridad MIG est\u00e1 cuidadosamente dise\u00f1ado para garantizar la seguridad de los ojos frente a golpes, impactos de part\u00edculas, polvo y chispas. Ofrece una protecci\u00f3n eficaz tanto frontal como lateral, asegurando un alto nivel de resguardo en diversas condiciones laborales.<\/p>\n","protected":false},"featured_media":4605,"comment_status":"closed","ping_status":"closed","template":"","meta":{"_acf_changed":false},"product_brand":[31],"product_cat":[103,65],"product_tag":[],"class_list":{"0":"post-4557","1":"product","2":"type-product","3":"status-publish","4":"has-post-thumbnail","6":"product_brand-libus","7":"product_cat-anteojos-de-seguridad","8":"product_cat-proteccion-visual","10":"first","11":"instock","12":"shipping-taxable","13":"purchasable","14":"product-type-simple"},"acf":[],"_links":{"self":[{"href":"https:\/\/valesafety.com.pe\/index.php?rest_route=\/wp\/v2\/product\/4557","targetHints":{"allow":["GET"]}}],"collection":[{"href":"https:\/\/valesafety.com.pe\/index.php?rest_route=\/wp\/v2\/product"}],"about":[{"href":"https:\/\/valesafety.com.pe\/index.php?rest_route=\/wp\/v2\/types\/product"}],"replies":[{"embeddable":true,"href":"https:\/\/valesafety.com.pe\/index.php?rest_route=%2Fwp%2Fv2%2Fcomments&post=4557"}],"wp:featuredmedia":[{"embeddable":true,"href":"https:\/\/valesafety.com.pe\/index.php?rest_route=\/wp\/v2\/media\/4605"}],"wp:attachment":[{"href":"https:\/\/valesafety.com.pe\/index.php?rest_route=%2Fwp%2Fv2%2Fmedia&parent=4557"}],"wp:term":[{"taxonomy":"product_brand","embeddable":true,"href":"https:\/\/valesafety.com.pe\/index.php?rest_route=%2Fwp%2Fv2%2Fproduct_brand&post=4557"},{"taxonomy":"product_cat","embeddable":true,"href":"https:\/\/valesafety.com.pe\/index.php?rest_route=%2Fwp%2Fv2%2Fproduct_cat&post=4557"},{"taxonomy":"product_tag","embeddable":true,"href":"https:\/\/valesafety.com.pe\/index.php?rest_route=%2Fwp%2Fv2%2Fproduct_tag&post=4557"}],"curies":[{"name":"wp","href":"https:\/\/api.w.org\/{rel}","templated":true}]}}