{"id":4542,"date":"2026-04-23T22:32:41","date_gmt":"2026-04-23T20:32:41","guid":{"rendered":"http:\/\/localhost\/borrador\/?post_type=product&#038;p=4542"},"modified":"2026-05-06T10:27:11","modified_gmt":"2026-05-06T15:27:11","slug":"anteojo-de-seguridad-argon-elite","status":"publish","type":"product","link":"https:\/\/valesafety.com.pe\/?product=anteojo-de-seguridad-argon-elite","title":{"rendered":"Anteojo de Seguridad Arg\u00f3n Elite"},"content":{"rendered":"<h2>Anteojo de Seguridad Arg\u00f3n Elite<\/h2>\n<ul>\n<li>Dise\u00f1o estilizado del modelo ARGON, que lo hace m\u00e1s liviano y ergon\u00f3mico,\u00a0pero con igual prestaci\u00f3n.<\/li>\n<li>Lente de policarbonato.<\/li>\n<li>Filtro UV.<\/li>\n<li>Marco y patillas flexibles de nylon que proveen un ajustado calce a la cara.<\/li>\n<li>Patilla telesc\u00f3pica ajustable a 4 posiciones de largo.<\/li>\n<li>Tornillo de acero inoxidable.<\/li>\n<li>Caja Cerrada: 120 unidades.<\/li>\n<li>Caja Cerrada (Rojo): 60 unidades.<\/li>\n<\/ul>\n<p>Necesitas m\u00e1s productos encu\u00e9ntralos en nuestra <a href=\"https:\/\/valesafety.com.pe\/tienda\">tienda\u00a0<\/a><\/p>\n<p>Para m\u00e1s informaci\u00f3n sobre este y otros productos, no dudes en contactarnos por\u00a0<a href=\"http:\/\/wa.me\/51923151009\" target=\"_blank\" rel=\"noopener\">WhatsApp<\/a>.<\/p>\n","protected":false},"excerpt":{"rendered":"<p>Anteojo de Seguridad Arg\u00f3n Elite\u00a0est\u00e1 dise\u00f1ado para proteger el ojo contra golpes, impacto de part\u00edculas, polvo y chispas. Brinda protecci\u00f3n frontal y lateral.<\/p>\n","protected":false},"featured_media":4590,"comment_status":"closed","ping_status":"closed","template":"","meta":{"_acf_changed":false},"product_brand":[31],"product_cat":[103,65],"product_tag":[],"class_list":{"0":"post-4542","1":"product","2":"type-product","3":"status-publish","4":"has-post-thumbnail","6":"product_brand-libus","7":"product_cat-anteojos-de-seguridad","8":"product_cat-proteccion-visual","10":"first","11":"instock","12":"shipping-taxable","13":"purchasable","14":"product-type-simple"},"acf":[],"_links":{"self":[{"href":"https:\/\/valesafety.com.pe\/index.php?rest_route=\/wp\/v2\/product\/4542","targetHints":{"allow":["GET"]}}],"collection":[{"href":"https:\/\/valesafety.com.pe\/index.php?rest_route=\/wp\/v2\/product"}],"about":[{"href":"https:\/\/valesafety.com.pe\/index.php?rest_route=\/wp\/v2\/types\/product"}],"replies":[{"embeddable":true,"href":"https:\/\/valesafety.com.pe\/index.php?rest_route=%2Fwp%2Fv2%2Fcomments&post=4542"}],"wp:featuredmedia":[{"embeddable":true,"href":"https:\/\/valesafety.com.pe\/index.php?rest_route=\/wp\/v2\/media\/4590"}],"wp:attachment":[{"href":"https:\/\/valesafety.com.pe\/index.php?rest_route=%2Fwp%2Fv2%2Fmedia&parent=4542"}],"wp:term":[{"taxonomy":"product_brand","embeddable":true,"href":"https:\/\/valesafety.com.pe\/index.php?rest_route=%2Fwp%2Fv2%2Fproduct_brand&post=4542"},{"taxonomy":"product_cat","embeddable":true,"href":"https:\/\/valesafety.com.pe\/index.php?rest_route=%2Fwp%2Fv2%2Fproduct_cat&post=4542"},{"taxonomy":"product_tag","embeddable":true,"href":"https:\/\/valesafety.com.pe\/index.php?rest_route=%2Fwp%2Fv2%2Fproduct_tag&post=4542"}],"curies":[{"name":"wp","href":"https:\/\/api.w.org\/{rel}","templated":true}]}}