{"id":4541,"date":"2026-04-23T22:32:41","date_gmt":"2026-04-23T20:32:41","guid":{"rendered":"http:\/\/localhost\/borrador\/?post_type=product&#038;p=4541"},"modified":"2026-05-06T11:09:40","modified_gmt":"2026-05-06T16:09:40","slug":"anteojo-de-seguridad-athos","status":"publish","type":"product","link":"https:\/\/valesafety.com.pe\/?product=anteojo-de-seguridad-athos","title":{"rendered":"Anteojo de seguridad Athos"},"content":{"rendered":"<h2>Anteojo de seguridad Athos<\/h2>\n<ul>\n<li>Lente policarbonato de grado \u00f3ptico.<\/li>\n<li>Inserto en TPR provee mayor grip y confort.<\/li>\n<li>Medio marco<\/li>\n<li>Puente nasal en TPR.<\/li>\n<li>Tornillo de acero inoxidable.<\/li>\n<li>Patilla telesc\u00f3pica con 4 posiciones de regulaci\u00f3n.<\/li>\n<li>Color: Transparente<\/li>\n<li>Tratamiento Anti-empa\u00f1o (AF).<\/li>\n<\/ul>\n<p>Necesitas m\u00e1s productos encu\u00e9ntralos en nuestra <a href=\"https:\/\/valesafety.com.pe\/tienda\">tienda\u00a0<\/a><\/p>\n<p>Para m\u00e1s informaci\u00f3n sobre este y otros productos, no dudes en contactarnos por\u00a0<a href=\"http:\/\/wa.me\/51923151009\" target=\"_blank\" rel=\"noopener\">WhatsApp<\/a>.<\/p>\n","protected":false},"excerpt":{"rendered":"<p>Anteojo de seguridad Athos\u00a0 esta dise\u00f1ado para proteger el ojo contra golpes, impacto de part\u00edculas, polvo y chispas. Brinda protecci\u00f3n frontaly lateral.<\/p>\n<p>Este anteojo de seguridad cumple con las Normas EN166.<\/p>\n","protected":false},"featured_media":4589,"comment_status":"closed","ping_status":"closed","template":"","meta":{"_acf_changed":false},"product_brand":[31],"product_cat":[103,65],"product_tag":[],"class_list":{"0":"post-4541","1":"product","2":"type-product","3":"status-publish","4":"has-post-thumbnail","6":"product_brand-libus","7":"product_cat-anteojos-de-seguridad","8":"product_cat-proteccion-visual","10":"first","11":"instock","12":"shipping-taxable","13":"purchasable","14":"product-type-simple"},"acf":[],"_links":{"self":[{"href":"https:\/\/valesafety.com.pe\/index.php?rest_route=\/wp\/v2\/product\/4541","targetHints":{"allow":["GET"]}}],"collection":[{"href":"https:\/\/valesafety.com.pe\/index.php?rest_route=\/wp\/v2\/product"}],"about":[{"href":"https:\/\/valesafety.com.pe\/index.php?rest_route=\/wp\/v2\/types\/product"}],"replies":[{"embeddable":true,"href":"https:\/\/valesafety.com.pe\/index.php?rest_route=%2Fwp%2Fv2%2Fcomments&post=4541"}],"wp:featuredmedia":[{"embeddable":true,"href":"https:\/\/valesafety.com.pe\/index.php?rest_route=\/wp\/v2\/media\/4589"}],"wp:attachment":[{"href":"https:\/\/valesafety.com.pe\/index.php?rest_route=%2Fwp%2Fv2%2Fmedia&parent=4541"}],"wp:term":[{"taxonomy":"product_brand","embeddable":true,"href":"https:\/\/valesafety.com.pe\/index.php?rest_route=%2Fwp%2Fv2%2Fproduct_brand&post=4541"},{"taxonomy":"product_cat","embeddable":true,"href":"https:\/\/valesafety.com.pe\/index.php?rest_route=%2Fwp%2Fv2%2Fproduct_cat&post=4541"},{"taxonomy":"product_tag","embeddable":true,"href":"https:\/\/valesafety.com.pe\/index.php?rest_route=%2Fwp%2Fv2%2Fproduct_tag&post=4541"}],"curies":[{"name":"wp","href":"https:\/\/api.w.org\/{rel}","templated":true}]}}