{"id":4539,"date":"2026-04-23T22:32:40","date_gmt":"2026-04-23T20:32:40","guid":{"rendered":"http:\/\/localhost\/borrador\/?post_type=product&#038;p=4539"},"modified":"2026-05-06T17:11:42","modified_gmt":"2026-05-06T22:11:42","slug":"kit-forestal-libus","status":"publish","type":"product","link":"https:\/\/valesafety.com.pe\/?product=kit-forestal-libus","title":{"rendered":"KIT Forestal Libus"},"content":{"rendered":"<h2>KIT Forestal Libus<\/h2>\n<ul>\n<li id=\"KEO8NQX\">Visor rebatible 90\u00b0.<\/li>\n<li>Orientado a tareas forestales de escala industrial.<\/li>\n<li>Caja Cerrada: 3 unidades.<\/li>\n<\/ul>\n<h3>Componentes:<\/h3>\n<ul>\n<li style=\"list-style-type: none;\">\n<ul>\n<li><strong>902391\u00a0<\/strong>Casco MILENIUM Class S\/V NARANJA.<\/li>\n<li><strong>902412<\/strong>\u00a0Arn\u00e9s MILENIUM a Cremallera TEXTIL.<\/li>\n<li><strong>902493<\/strong>\u00a0Adaptador casco Facial\/Audit. M<\/li>\n<li><strong>900487<\/strong>\u00a0Protector Auditivo de COPA L-340 p\/CASCO.<\/li>\n<li><strong>901389<\/strong>\u00a0Malla PL\u00c1STICA Forestal 8 x 14.<\/li>\n<li><strong>902003<\/strong>\u00a0Mentonera LIBUS 15 mm c\/logo (gancho C)<\/li>\n<li><strong>903095<\/strong>\u00a0Kit de repuesto prot. auditivo L-340 p\/casco<\/li>\n<\/ul>\n<\/li>\n<\/ul>\n<p>Necesitas m\u00e1s productos encu\u00e9ntralos en nuestra <a href=\"https:\/\/valesafety.com.pe\/tienda\">tienda\u00a0<\/a><\/p>\n<p>Para m\u00e1s informaci\u00f3n sobre este y otros productos, no dudes en contactarnos por\u00a0<a href=\"http:\/\/wa.me\/51923151009\" target=\"_blank\" rel=\"noopener\">WhatsApp<\/a>.<\/p>\n","protected":false},"excerpt":{"rendered":"<p>El KIT Forestal es un conjunto de seguridad integral que combina un protector facial, barbiquejo, protecci\u00f3n auditiva y casco de seguridad. Este sistema est\u00e1 dise\u00f1ado para ofrecer una protecci\u00f3n completa, asegurando la seguridad de la cabeza, rostro y o\u00eddos en ambientes laborales exigentes. Ideal para trabajos industriales, construcci\u00f3n, y otras actividades donde se requiere una protecci\u00f3n confiable y multifuncional.<\/p>\n","protected":false},"featured_media":4587,"comment_status":"closed","ping_status":"closed","template":"","meta":{"_acf_changed":false},"product_brand":[31],"product_cat":[51,80],"product_tag":[375,376],"class_list":{"0":"post-4539","1":"product","2":"type-product","3":"status-publish","4":"has-post-thumbnail","6":"product_brand-libus","7":"product_cat-facial-de-seguridad","8":"product_cat-kits","9":"product_tag-kit-de-proteccion","10":"product_tag-kit-forestal","12":"first","13":"instock","14":"shipping-taxable","15":"purchasable","16":"product-type-simple"},"acf":[],"_links":{"self":[{"href":"https:\/\/valesafety.com.pe\/index.php?rest_route=\/wp\/v2\/product\/4539","targetHints":{"allow":["GET"]}}],"collection":[{"href":"https:\/\/valesafety.com.pe\/index.php?rest_route=\/wp\/v2\/product"}],"about":[{"href":"https:\/\/valesafety.com.pe\/index.php?rest_route=\/wp\/v2\/types\/product"}],"replies":[{"embeddable":true,"href":"https:\/\/valesafety.com.pe\/index.php?rest_route=%2Fwp%2Fv2%2Fcomments&post=4539"}],"wp:featuredmedia":[{"embeddable":true,"href":"https:\/\/valesafety.com.pe\/index.php?rest_route=\/wp\/v2\/media\/4587"}],"wp:attachment":[{"href":"https:\/\/valesafety.com.pe\/index.php?rest_route=%2Fwp%2Fv2%2Fmedia&parent=4539"}],"wp:term":[{"taxonomy":"product_brand","embeddable":true,"href":"https:\/\/valesafety.com.pe\/index.php?rest_route=%2Fwp%2Fv2%2Fproduct_brand&post=4539"},{"taxonomy":"product_cat","embeddable":true,"href":"https:\/\/valesafety.com.pe\/index.php?rest_route=%2Fwp%2Fv2%2Fproduct_cat&post=4539"},{"taxonomy":"product_tag","embeddable":true,"href":"https:\/\/valesafety.com.pe\/index.php?rest_route=%2Fwp%2Fv2%2Fproduct_tag&post=4539"}],"curies":[{"name":"wp","href":"https:\/\/api.w.org\/{rel}","templated":true}]}}