{"id":4523,"date":"2026-04-23T22:32:09","date_gmt":"2026-04-23T20:32:09","guid":{"rendered":"http:\/\/localhost\/borrador\/?post_type=product&#038;p=4523"},"modified":"2026-05-07T10:39:46","modified_gmt":"2026-05-07T15:39:46","slug":"soporte-para-protector-facial-con-arnes-estandar","status":"publish","type":"product","link":"https:\/\/valesafety.com.pe\/?product=soporte-para-protector-facial-con-arnes-estandar","title":{"rendered":"Soporte para Protector Facial con Arn\u00e9s Estandar"},"content":{"rendered":"<h2>Soporte para Protector Facial con Arn\u00e9s Est\u00e1ndar<\/h2>\n<ul>\n<li>Apto para actividades d\u00f3nde NO es requerida protecci\u00f3n craneana.<\/li>\n<li>Sistema articulado para rebatir la pantalla facial y ajustar el calce del arn\u00e9s a la nuca.<\/li>\n<li>Provisto con visera de seguridad.<\/li>\n<li>5 botones de anclaje universal del visor \/ malla.<\/li>\n<li>3 posiciones de inclinaci\u00f3n.<\/li>\n<li>Regulaci\u00f3n de tama\u00f1o por encastre de los orificios de un extremo de la vincha en los pines de la otra (pin-lock); un sistema de 3 hebillas evita el desplazamiento, asegurando la fijaci\u00f3n a la cabeza.<\/li>\n<li>Suspensi\u00f3n pl\u00e1stica inyectada con sistema pin-lock de 7 posiciones para regulaci\u00f3n de luz vertical.<\/li>\n<li>Banda frontal en tela sint\u00e9tica acolchada absorbente de la transpiraci\u00f3n (sudadera); desmontable y lavable.<\/li>\n<li>Caja cerrada: 20 unidades.<\/li>\n<\/ul>\n<h3>Certificaciones y normas<\/h3>\n<div class=\"downloads-item\">\n<div class=\"item-link\"><a href=\"https:\/\/libus.pe\/media\/meetanshi\/downloads\/attachment\/file\/s\/o\/soporte_para_protector_facial_con_arn_s_standard.pdf\" target=\"_blank\" rel=\"noopener\"><b id=\"link-291\" class=\"https:\/\/libus.pe\/productattachments\/download\/link\/id\/291\/\">902438 &#8211; Soporte Para Protector Facial Con Arn\u00e9s Standard<\/b><\/a><\/div>\n<\/div>\n<div class=\"downloads-item\">\n<div class=\"item-link\"><a href=\"https:\/\/libus.pe\/media\/meetanshi\/downloads\/attachment\/file\/4\/r\/4res.5204_25.22.22_-_ref.7580-21_incorp._lentes_facial_y_fonos_compressed.pdf\" target=\"_blank\" rel=\"noopener\"><b id=\"link-1021\" class=\"https:\/\/libus.pe\/productattachments\/download\/link\/id\/1021\/\">ISP<\/b><\/a><\/div>\n<div>\n<p>Necesitas m\u00e1s productos encu\u00e9ntralos en nuestra <a href=\"https:\/\/valesafety.com.pe\/tienda\">tienda\u00a0<\/a><\/p>\n<p>Para m\u00e1s informaci\u00f3n sobre este y otros productos, no dudes en contactarnos por\u00a0<a href=\"http:\/\/wa.me\/51923151009\" target=\"_blank\" rel=\"noopener\">WhatsApp<\/a>.<\/p>\n<\/div>\n<\/div>\n","protected":false},"excerpt":{"rendered":"<p>El Soporte para Protector Facial con Arn\u00e9s Estandar puede usarse para sostener otros tipos de sistemas faciales, como viseras solares y mallas. Al utilizar el soporte, el usuario obtiene protecci\u00f3n adicional en funci\u00f3n de sus necesidades, y la herramienta se puede usar libremente. Esta caracter\u00edstica hace que sea conveniente para trabajar en la industria, construcci\u00f3n, carpinter\u00eda y jardiner\u00eda, y otras condiciones.<\/p>\n","protected":false},"featured_media":4585,"comment_status":"closed","ping_status":"closed","template":"","meta":{"_acf_changed":false},"product_brand":[31],"product_cat":[51,82],"product_tag":[375,376],"class_list":{"0":"post-4523","1":"product","2":"type-product","3":"status-publish","4":"has-post-thumbnail","6":"product_brand-libus","7":"product_cat-facial-de-seguridad","8":"product_cat-soportes","9":"product_tag-kit-de-proteccion","10":"product_tag-kit-forestal","12":"first","13":"instock","14":"shipping-taxable","15":"purchasable","16":"product-type-simple"},"acf":[],"_links":{"self":[{"href":"https:\/\/valesafety.com.pe\/index.php?rest_route=\/wp\/v2\/product\/4523","targetHints":{"allow":["GET"]}}],"collection":[{"href":"https:\/\/valesafety.com.pe\/index.php?rest_route=\/wp\/v2\/product"}],"about":[{"href":"https:\/\/valesafety.com.pe\/index.php?rest_route=\/wp\/v2\/types\/product"}],"replies":[{"embeddable":true,"href":"https:\/\/valesafety.com.pe\/index.php?rest_route=%2Fwp%2Fv2%2Fcomments&post=4523"}],"wp:featuredmedia":[{"embeddable":true,"href":"https:\/\/valesafety.com.pe\/index.php?rest_route=\/wp\/v2\/media\/4585"}],"wp:attachment":[{"href":"https:\/\/valesafety.com.pe\/index.php?rest_route=%2Fwp%2Fv2%2Fmedia&parent=4523"}],"wp:term":[{"taxonomy":"product_brand","embeddable":true,"href":"https:\/\/valesafety.com.pe\/index.php?rest_route=%2Fwp%2Fv2%2Fproduct_brand&post=4523"},{"taxonomy":"product_cat","embeddable":true,"href":"https:\/\/valesafety.com.pe\/index.php?rest_route=%2Fwp%2Fv2%2Fproduct_cat&post=4523"},{"taxonomy":"product_tag","embeddable":true,"href":"https:\/\/valesafety.com.pe\/index.php?rest_route=%2Fwp%2Fv2%2Fproduct_tag&post=4523"}],"curies":[{"name":"wp","href":"https:\/\/api.w.org\/{rel}","templated":true}]}}