{"id":4522,"date":"2026-04-23T22:32:09","date_gmt":"2026-04-23T20:32:09","guid":{"rendered":"http:\/\/localhost\/borrador\/?post_type=product&#038;p=4522"},"modified":"2026-05-07T10:39:09","modified_gmt":"2026-05-07T15:39:09","slug":"soporte-para-protector-facial-con-arnes-cremallera","status":"publish","type":"product","link":"https:\/\/valesafety.com.pe\/?product=soporte-para-protector-facial-con-arnes-cremallera","title":{"rendered":"Soporte para Protector Facial con Arn\u00e9s Cremallera"},"content":{"rendered":"<h2>Soporte para Protector Facial con Arn\u00e9s Cremallera<\/h2>\n<ul>\n<li>Apto para actividades d\u00f3nde NO es requerida protecci\u00f3n craneana.<\/li>\n<li>Sistema articulado para rebatir la pantalla facial y ajustar el calce del arn\u00e9s a la nuca.<\/li>\n<li>Provisto con visera de seguridad.<\/li>\n<li>5 botones de anclaje universal del visor \/ malla.<\/li>\n<li>3 posiciones de inclinaci\u00f3n.<\/li>\n<li>Mecanismo a cremallera con perilla reguladora para un ajuste continuo de tama\u00f1o.<\/li>\n<li>Permite hacerlo con la protecci\u00f3n colocada en la cabeza.<\/li>\n<li>Banda frontal en tela sint\u00e9tica acolchada absorbente de la transpiraci\u00f3n (sudadera); desmontable y lavable.<\/li>\n<li>Caja Cerrada: 20 Unidades.<\/li>\n<\/ul>\n<h3>Normas y Certificaciones<\/h3>\n<div class=\"downloads-item\">\n<div class=\"item-link\"><a href=\"https:\/\/libus.pe\/media\/meetanshi\/downloads\/attachment\/file\/a\/n\/ansi_z-lib031423-01_bt-mp-bw3-fp_compressed.pdf\" target=\"_blank\" rel=\"noopener\"><b id=\"link-411\" class=\"https:\/\/libus.pe\/productattachments\/download\/link\/id\/411\/\">ANSI Z87.1<\/b><\/a><\/div>\n<\/div>\n<div class=\"downloads-item\">\n<div class=\"item-link\"><a href=\"https:\/\/libus.pe\/media\/meetanshi\/downloads\/attachment\/file\/d\/c\/dc-p-l56-003.1_c15.pdf\" target=\"_blank\" rel=\"noopener\"><b id=\"link-412\" class=\"https:\/\/libus.pe\/productattachments\/download\/link\/id\/412\/\">IRAM EN166<\/b><\/a><\/div>\n<\/div>\n<div class=\"downloads-item\">\n<div class=\"item-link\"><a href=\"https:\/\/libus.pe\/media\/meetanshi\/downloads\/attachment\/file\/4\/r\/4res.5204_25.22.22_-_ref.7580-21_incorp._lentes_facial_y_fonos_compressed.pdf\" target=\"_blank\" rel=\"noopener\"><b id=\"link-1021\" class=\"https:\/\/libus.pe\/productattachments\/download\/link\/id\/1021\/\">ISP<\/b><\/a><\/div>\n<\/div>\n<div>\n<p>Necesitas m\u00e1s productos encu\u00e9ntralos en nuestra <a href=\"https:\/\/valesafety.com.pe\/tienda\">tienda\u00a0<\/a><\/p>\n<p>Para m\u00e1s informaci\u00f3n sobre este y otros productos, no dudes en contactarnos por\u00a0<a href=\"http:\/\/wa.me\/51923151009\" target=\"_blank\" rel=\"noopener\">WhatsApp<\/a>.<\/p>\n<\/div>\n","protected":false},"excerpt":{"rendered":"<p>El Soporte para Protector Facial con Arn\u00e9s Cremallera est\u00e1 dise\u00f1ado para adaptarse a una variedad de pantallas faciales, como visores y mallas, permitiendo su uso de manera independiente. Su estructura vers\u00e1til facilita la instalaci\u00f3n y el cambio de accesorios, ofreciendo una soluci\u00f3n pr\u00e1ctica y eficiente para proteger el rostro en diversas aplicaciones laborales.<\/p>\n","protected":false},"featured_media":4584,"comment_status":"closed","ping_status":"closed","template":"","meta":{"_acf_changed":false},"product_brand":[31],"product_cat":[51,82],"product_tag":[],"class_list":{"0":"post-4522","1":"product","2":"type-product","3":"status-publish","4":"has-post-thumbnail","6":"product_brand-libus","7":"product_cat-facial-de-seguridad","8":"product_cat-soportes","10":"first","11":"instock","12":"shipping-taxable","13":"purchasable","14":"product-type-simple"},"acf":[],"_links":{"self":[{"href":"https:\/\/valesafety.com.pe\/index.php?rest_route=\/wp\/v2\/product\/4522","targetHints":{"allow":["GET"]}}],"collection":[{"href":"https:\/\/valesafety.com.pe\/index.php?rest_route=\/wp\/v2\/product"}],"about":[{"href":"https:\/\/valesafety.com.pe\/index.php?rest_route=\/wp\/v2\/types\/product"}],"replies":[{"embeddable":true,"href":"https:\/\/valesafety.com.pe\/index.php?rest_route=%2Fwp%2Fv2%2Fcomments&post=4522"}],"wp:featuredmedia":[{"embeddable":true,"href":"https:\/\/valesafety.com.pe\/index.php?rest_route=\/wp\/v2\/media\/4584"}],"wp:attachment":[{"href":"https:\/\/valesafety.com.pe\/index.php?rest_route=%2Fwp%2Fv2%2Fmedia&parent=4522"}],"wp:term":[{"taxonomy":"product_brand","embeddable":true,"href":"https:\/\/valesafety.com.pe\/index.php?rest_route=%2Fwp%2Fv2%2Fproduct_brand&post=4522"},{"taxonomy":"product_cat","embeddable":true,"href":"https:\/\/valesafety.com.pe\/index.php?rest_route=%2Fwp%2Fv2%2Fproduct_cat&post=4522"},{"taxonomy":"product_tag","embeddable":true,"href":"https:\/\/valesafety.com.pe\/index.php?rest_route=%2Fwp%2Fv2%2Fproduct_tag&post=4522"}],"curies":[{"name":"wp","href":"https:\/\/api.w.org\/{rel}","templated":true}]}}