{"id":4520,"date":"2026-04-23T22:32:08","date_gmt":"2026-04-23T20:32:08","guid":{"rendered":"http:\/\/localhost\/borrador\/?post_type=product&#038;p=4520"},"modified":"2026-05-07T10:22:58","modified_gmt":"2026-05-07T15:22:58","slug":"protector-facial-burbuja","status":"publish","type":"product","link":"https:\/\/valesafety.com.pe\/?product=protector-facial-burbuja","title":{"rendered":"Protector Facial Burbuja"},"content":{"rendered":"<h2>Protector Facial Burbuja<\/h2>\n<ul>\n<li>Dise\u00f1o envolvente, suministra protecci\u00f3n frontal y lateral desde la frente al ment\u00f3n.<\/li>\n<li>Modelo Burbuja Visor Premium dise\u00f1o esf\u00e9rico que sigue las l\u00edneas de la cara.<\/li>\n<li>Fabricado en policarbonato.<\/li>\n<li>Filtro UV.<\/li>\n<li>7 ranuras distribuidas en la banda superior para un firme montaje en el soporte.<\/li>\n<li>Dimensiones: 8 x 15\u00bd\u201d.<\/li>\n<li>Espesor: 2 mm Apto protecci\u00f3n alto impacto.<\/li>\n<li>Caja Cerrada: 30 unidades.<\/li>\n<\/ul>\n<p>Necesitas m\u00e1s productos encu\u00e9ntralos en nuestra <a href=\"https:\/\/valesafety.com.pe\/tienda\">tienda\u00a0<\/a><\/p>\n<p>Para m\u00e1s informaci\u00f3n sobre este y otros productos, no dudes en contactarnos por\u00a0<a href=\"http:\/\/wa.me\/51923151009\" target=\"_blank\" rel=\"noopener\">WhatsApp<\/a>.<\/p>\n","protected":false},"excerpt":{"rendered":"<p>El Protector Facial Burbuja\u00a0est\u00e1 elaborada con policarbonato resistente, un material altamente durable que brinda seguridad frente a una variedad de riesgos. Ofrece protecci\u00f3n integral para el rostro contra golpes, impactos de part\u00edculas, polvo, chispas y salpicaduras de productos qu\u00edmicos, asegurando una defensa confiable en entornos industriales y laborales exigentes.<\/p>\n","protected":false},"featured_media":4582,"comment_status":"closed","ping_status":"closed","template":"","meta":{"_acf_changed":false},"product_brand":[31],"product_cat":[51,83],"product_tag":[],"class_list":{"0":"post-4520","1":"product","2":"type-product","3":"status-publish","4":"has-post-thumbnail","6":"product_brand-libus","7":"product_cat-facial-de-seguridad","8":"product_cat-visores","10":"first","11":"instock","12":"shipping-taxable","13":"purchasable","14":"product-type-simple"},"acf":[],"_links":{"self":[{"href":"https:\/\/valesafety.com.pe\/index.php?rest_route=\/wp\/v2\/product\/4520","targetHints":{"allow":["GET"]}}],"collection":[{"href":"https:\/\/valesafety.com.pe\/index.php?rest_route=\/wp\/v2\/product"}],"about":[{"href":"https:\/\/valesafety.com.pe\/index.php?rest_route=\/wp\/v2\/types\/product"}],"replies":[{"embeddable":true,"href":"https:\/\/valesafety.com.pe\/index.php?rest_route=%2Fwp%2Fv2%2Fcomments&post=4520"}],"wp:featuredmedia":[{"embeddable":true,"href":"https:\/\/valesafety.com.pe\/index.php?rest_route=\/wp\/v2\/media\/4582"}],"wp:attachment":[{"href":"https:\/\/valesafety.com.pe\/index.php?rest_route=%2Fwp%2Fv2%2Fmedia&parent=4520"}],"wp:term":[{"taxonomy":"product_brand","embeddable":true,"href":"https:\/\/valesafety.com.pe\/index.php?rest_route=%2Fwp%2Fv2%2Fproduct_brand&post=4520"},{"taxonomy":"product_cat","embeddable":true,"href":"https:\/\/valesafety.com.pe\/index.php?rest_route=%2Fwp%2Fv2%2Fproduct_cat&post=4520"},{"taxonomy":"product_tag","embeddable":true,"href":"https:\/\/valesafety.com.pe\/index.php?rest_route=%2Fwp%2Fv2%2Fproduct_tag&post=4520"}],"curies":[{"name":"wp","href":"https:\/\/api.w.org\/{rel}","templated":true}]}}