{"id":4519,"date":"2026-04-23T22:32:08","date_gmt":"2026-04-23T20:32:08","guid":{"rendered":"http:\/\/localhost\/borrador\/?post_type=product&#038;p=4519"},"modified":"2026-05-07T10:22:53","modified_gmt":"2026-05-07T15:22:53","slug":"protector-facial-plano-libus","status":"publish","type":"product","link":"https:\/\/valesafety.com.pe\/?product=protector-facial-plano-libus","title":{"rendered":"Protector Facial Plano Libus"},"content":{"rendered":"<h2>Protector Facial Plano Libus<\/h2>\n<ul>\n<li>Pantalla fabricada en policarbonato para proteger la cara de golpes leves, impacto de part\u00edculas, polvo, chispas y salpicadura qu\u00edmica.<\/li>\n<li>Dise\u00f1o envolvente, suministra protecci\u00f3n frontal y lateral.<\/li>\n<li>Modelo Plano<\/li>\n<li>Dise\u00f1o econ\u00f3mico.<\/li>\n<li>Plano y flexible, se adapta perfectamente a los accesorios de sujeci\u00f3n.<\/li>\n<li>9 ranuras distribuidas en la banda superior para un firme monta\u00adje en el soporte.<\/li>\n<li>Dimensiones: 8 x 15\u00bd\u201d Espesor: 1 mm<\/li>\n<li>Disponible s\u00f3lo incoloro.<\/li>\n<li>Debe ser utilizado con un elemento de protecci\u00f3n ocular Z87+ cuando la actividad requiera este grado de protecci\u00f3n.<\/li>\n<li>Incoloro: uso general.<\/li>\n<li>Caja Cerrada: 100 unidades.<\/li>\n<\/ul>\n<h3>Normas y certificaciones<\/h3>\n<ul>\n<li><span style=\"color: #000080;\"><a style=\"color: #000080;\" href=\"https:\/\/libus.pe\/media\/meetanshi\/downloads\/attachment\/file\/a\/n\/ansi_z-lib031423-01_bt-mp-bw3-fp_compressed.pdf\" target=\"_blank\" rel=\"noopener\">ANSI Z87.1<\/a><\/span><\/li>\n<li><span style=\"color: #000080;\"><a style=\"color: #000080;\" href=\"https:\/\/libus.pe\/media\/meetanshi\/downloads\/attachment\/file\/c\/a\/ca37704.pdf\" target=\"_blank\" rel=\"noopener\">C.A 37.704<\/a><\/span><\/li>\n<li><span style=\"color: #000080;\"><a style=\"color: #000080;\" href=\"https:\/\/libus.pe\/media\/meetanshi\/downloads\/attachment\/file\/d\/c\/dc-p-l56-003.1_c15.pdf\" target=\"_blank\" rel=\"noopener\">IRAM EN 166<\/a><\/span><\/li>\n<\/ul>\n<p>Necesitas m\u00e1s productos encu\u00e9ntralos en nuestra <a href=\"https:\/\/valesafety.com.pe\/tienda\">tienda\u00a0<\/a><\/p>\n<p>Para m\u00e1s informaci\u00f3n sobre este y otros productos, no dudes en contactarnos por\u00a0<a href=\"http:\/\/wa.me\/51923151009\" target=\"_blank\" rel=\"noopener\">WhatsApp<\/a>.<\/p>\n","protected":false},"excerpt":{"rendered":"<p>El Protector Facial Plano Libus est\u00e1 dise\u00f1ado para proporcionar una cobertura completa que abarca desde la frente hasta el ment\u00f3n, brindando una barrera efectiva contra posibles impactos, salpicaduras o part\u00edculas. Este equipo de protecci\u00f3n personal no solo asegura una cobertura amplia del rostro, sino que tambi\u00e9n garantiza una visibilidad \u00f3ptima gracias a su material transparente de alta calidad<\/p>\n","protected":false},"featured_media":4572,"comment_status":"closed","ping_status":"closed","template":"","meta":{"_acf_changed":false},"product_brand":[31],"product_cat":[51,83],"product_tag":[],"class_list":{"0":"post-4519","1":"product","2":"type-product","3":"status-publish","4":"has-post-thumbnail","6":"product_brand-libus","7":"product_cat-facial-de-seguridad","8":"product_cat-visores","10":"first","11":"instock","12":"shipping-taxable","13":"purchasable","14":"product-type-simple"},"acf":[],"_links":{"self":[{"href":"https:\/\/valesafety.com.pe\/index.php?rest_route=\/wp\/v2\/product\/4519","targetHints":{"allow":["GET"]}}],"collection":[{"href":"https:\/\/valesafety.com.pe\/index.php?rest_route=\/wp\/v2\/product"}],"about":[{"href":"https:\/\/valesafety.com.pe\/index.php?rest_route=\/wp\/v2\/types\/product"}],"replies":[{"embeddable":true,"href":"https:\/\/valesafety.com.pe\/index.php?rest_route=%2Fwp%2Fv2%2Fcomments&post=4519"}],"wp:featuredmedia":[{"embeddable":true,"href":"https:\/\/valesafety.com.pe\/index.php?rest_route=\/wp\/v2\/media\/4572"}],"wp:attachment":[{"href":"https:\/\/valesafety.com.pe\/index.php?rest_route=%2Fwp%2Fv2%2Fmedia&parent=4519"}],"wp:term":[{"taxonomy":"product_brand","embeddable":true,"href":"https:\/\/valesafety.com.pe\/index.php?rest_route=%2Fwp%2Fv2%2Fproduct_brand&post=4519"},{"taxonomy":"product_cat","embeddable":true,"href":"https:\/\/valesafety.com.pe\/index.php?rest_route=%2Fwp%2Fv2%2Fproduct_cat&post=4519"},{"taxonomy":"product_tag","embeddable":true,"href":"https:\/\/valesafety.com.pe\/index.php?rest_route=%2Fwp%2Fv2%2Fproduct_tag&post=4519"}],"curies":[{"name":"wp","href":"https:\/\/api.w.org\/{rel}","templated":true}]}}