{"id":4518,"date":"2026-04-23T22:32:08","date_gmt":"2026-04-23T20:32:08","guid":{"rendered":"http:\/\/localhost\/borrador\/?post_type=product&#038;p=4518"},"modified":"2026-05-07T10:22:36","modified_gmt":"2026-05-07T15:22:36","slug":"protector-auditivo-electronico-e3-para-casco","status":"publish","type":"product","link":"https:\/\/valesafety.com.pe\/?product=protector-auditivo-electronico-e3-para-casco","title":{"rendered":"Protector Auditivo Electr\u00f3nico E3 para casco"},"content":{"rendered":"<h2>Protector Auditivo Electr\u00f3nico E3 para casco<\/h2>\n<ul>\n<li>Circuito electr\u00f3nico que permite conectar el protector con una fuente externa de audio de servicio o entretenimiento v\u00eda cable o inal\u00e1mbrica v\u00eda Bluetooth o ambas a la vez.<\/li>\n<li>Los micr\u00f3fonos del modo activo son s\u00f3lo para captar el sonido ambiente; los handys normalmente tienen una salida para speaker (es la que va conectada al AUX del auditivo).<\/li>\n<li>Limite audio externo: 82 Dba.<\/li>\n<li>Compuesto por dos copas en material pl\u00e1stico, revestidas con almohadillas acolchadas en los laterales, confortable \u00a0en jornadas prolongadas.<\/li>\n<li>Permite montar cada copa en el anclaje del casco.<\/li>\n<li>Caja Cerrada: 4 unidades.<\/li>\n<\/ul>\n<h3>Normas y certificaciones<\/h3>\n<div class=\"downloads-item\">\n<ul>\n<li class=\"item-link\"><a href=\"https:\/\/libus.com.ar\/media\/meetanshi\/downloads\/attachment\/file\/p\/r\/protector_auditivo_con_electr_nica_e3_para_casco.pdf\" target=\"_blank\" rel=\"noopener\"><b id=\"link-139\" class=\"https:\/\/libus.com.ar\/productattachments\/download\/link\/id\/139\/\">903788 &#8211; Protector Auditivo con electr\u00f3nica E3 para Casco<\/b><\/a><\/li>\n<li class=\"item-link\"><a href=\"https:\/\/libus.com.ar\/media\/meetanshi\/downloads\/attachment\/file\/e\/x\/expertise_compressed.pdf\" target=\"_blank\" rel=\"noopener\"><b id=\"link-445\" class=\"https:\/\/libus.com.ar\/productattachments\/download\/link\/id\/445\/\">EN 352 (Electr\u00f3nicos)<\/b><\/a><\/li>\n<\/ul>\n<p>Necesitas m\u00e1s productos encu\u00e9ntralos en nuestra <a href=\"https:\/\/valesafety.com.pe\/tienda\">tienda\u00a0<\/a><\/p>\n<p>Para m\u00e1s informaci\u00f3n sobre este y otros productos, no dudes en contactarnos por\u00a0<a href=\"http:\/\/wa.me\/51923151009\" target=\"_blank\" rel=\"noopener\">WhatsApp<\/a>.<\/p>\n<\/div>\n<div class=\"downloads-item\">\n<div><\/div>\n<\/div>\n","protected":false},"excerpt":{"rendered":"<p>El Protector Auditivo Electr\u00f3nico E3 para casco ofrece una protecci\u00f3n efectiva al aislar el o\u00eddo del ruido de forma no invasiva. Gracias a su dise\u00f1o ergon\u00f3mico y adaptable, se ajusta c\u00f3modamente a la mayor\u00eda de los usuarios.<\/p>\n","protected":false},"featured_media":4571,"comment_status":"closed","ping_status":"closed","template":"","meta":{"_acf_changed":false},"product_brand":[31],"product_cat":[87,56],"product_tag":[],"class_list":{"0":"post-4518","1":"product","2":"type-product","3":"status-publish","4":"has-post-thumbnail","6":"product_brand-libus","7":"product_cat-externos-vinchas","8":"product_cat-proteccion-auditiva","10":"first","11":"instock","12":"shipping-taxable","13":"purchasable","14":"product-type-simple"},"acf":[],"_links":{"self":[{"href":"https:\/\/valesafety.com.pe\/index.php?rest_route=\/wp\/v2\/product\/4518","targetHints":{"allow":["GET"]}}],"collection":[{"href":"https:\/\/valesafety.com.pe\/index.php?rest_route=\/wp\/v2\/product"}],"about":[{"href":"https:\/\/valesafety.com.pe\/index.php?rest_route=\/wp\/v2\/types\/product"}],"replies":[{"embeddable":true,"href":"https:\/\/valesafety.com.pe\/index.php?rest_route=%2Fwp%2Fv2%2Fcomments&post=4518"}],"wp:featuredmedia":[{"embeddable":true,"href":"https:\/\/valesafety.com.pe\/index.php?rest_route=\/wp\/v2\/media\/4571"}],"wp:attachment":[{"href":"https:\/\/valesafety.com.pe\/index.php?rest_route=%2Fwp%2Fv2%2Fmedia&parent=4518"}],"wp:term":[{"taxonomy":"product_brand","embeddable":true,"href":"https:\/\/valesafety.com.pe\/index.php?rest_route=%2Fwp%2Fv2%2Fproduct_brand&post=4518"},{"taxonomy":"product_cat","embeddable":true,"href":"https:\/\/valesafety.com.pe\/index.php?rest_route=%2Fwp%2Fv2%2Fproduct_cat&post=4518"},{"taxonomy":"product_tag","embeddable":true,"href":"https:\/\/valesafety.com.pe\/index.php?rest_route=%2Fwp%2Fv2%2Fproduct_tag&post=4518"}],"curies":[{"name":"wp","href":"https:\/\/api.w.org\/{rel}","templated":true}]}}