{"id":4504,"date":"2026-04-23T22:31:39","date_gmt":"2026-04-23T20:31:39","guid":{"rendered":"http:\/\/localhost\/borrador\/?post_type=product&#038;p=4504"},"modified":"2026-05-07T10:22:26","modified_gmt":"2026-05-07T15:22:26","slug":"protector-auditivo-electronico-e3","status":"publish","type":"product","link":"https:\/\/valesafety.com.pe\/?product=protector-auditivo-electronico-e3","title":{"rendered":"Protector auditivo electr\u00f3nico E3"},"content":{"rendered":"<div id=\"E93EENB\" data-content-type=\"tab-item\" data-appearance=\"default\" data-tab-name=\"Caracter\u00edsticas\" data-background-images=\"{}\" data-element=\"main\" data-pb-style=\"OGTEFLM\">\n<div data-content-type=\"text\" data-appearance=\"default\" data-element=\"main\">\n<h2>Protector auditivo electr\u00f3nico E3<\/h2>\n<ul>\n<li>Circuito electr\u00f3nico que permite conectar el protector con una fuente externa de audio de servicio o entretenimiento v\u00eda cable o inal\u00e1mbrica v\u00eda Bluetooth o ambas a la vez.<\/li>\n<li>Los micr\u00f3fonos del modo activo son s\u00f3lo para captar el sonido ambiente; los handys normalmente tienen una salida para speaker (es la que va conectada al AUX del auditivo).<\/li>\n<li>Limite audio externo: 82 Dba.<\/li>\n<li>Compuesto por dos copas en material pl\u00e1stico, revestidas con almohadillas acolchadas en los laterales, confortable en jornadas prolongadas.<\/li>\n<li>Las copas est\u00e1n sostenidas por una vincha pl\u00e1stica acolchada, que permite la regulaci\u00f3n en altura de las mismas.<\/li>\n<li>Caja Cerrada: 4 unidades<\/li>\n<\/ul>\n<h3>Normas y certificaciones:<\/h3>\n<\/div>\n<\/div>\n<div id=\"LF84JCQ\" data-content-type=\"tab-item\" data-appearance=\"default\" data-tab-name=\"Certificaciones\" data-background-images=\"{}\" data-element=\"main\" data-pb-style=\"RAYANV2\">\n<div data-content-type=\"text\" data-appearance=\"default\" data-element=\"main\">\n<p><a href=\"https:\/\/libus.com.ar\/media\/meetanshi\/downloads\/attachment\/file\/e\/x\/expertise_compressed.pdf?color=11%2C36%2C30%2C37%2C25%2C34\" target=\"_blank\" rel=\"noopener\">EN 352-1:2002<\/a><br \/>\n<a href=\"https:\/\/libus.com.ar\/media\/meetanshi\/downloads\/attachment\/file\/e\/x\/expertise_compressed.pdf?color=11%2C36%2C30%2C37%2C25%2C34\" target=\"_blank\" rel=\"noopener\">EN 352-4:2001<\/a><br \/>\n<a href=\"https:\/\/libus.com.ar\/media\/meetanshi\/downloads\/attachment\/file\/e\/x\/expertise_compressed.pdf?color=11%2C36%2C30%2C37%2C25%2C34\" target=\"_blank\" rel=\"noopener\">EN 352-8:2008<\/a><\/p>\n<\/div>\n<p>Necesitas m\u00e1s productos encu\u00e9ntralos en nuestra <a href=\"https:\/\/valesafety.com.pe\/tienda\">tienda\u00a0<\/a><\/p>\n<p>Para m\u00e1s informaci\u00f3n sobre este y otros productos, no dudes en contactarnos por\u00a0<a href=\"http:\/\/wa.me\/51923151009\" target=\"_blank\" rel=\"noopener\">WhatsApp<\/a>.<\/p>\n<\/div>\n","protected":false},"excerpt":{"rendered":"<p>El Protector auditivo electr\u00f3nico E3\u00a0suministra protecci\u00f3n de manera no invasiva, aislando el o\u00eddo de la fuente de ruido. Su dise\u00f1o ergon\u00f3mico y adaptabilidad permite que pueda ser usado por la mayor\u00eda de los usuarios.<\/p>\n","protected":false},"featured_media":4570,"comment_status":"closed","ping_status":"closed","template":"","meta":{"_acf_changed":false},"product_brand":[31],"product_cat":[87,56],"product_tag":[],"class_list":{"0":"post-4504","1":"product","2":"type-product","3":"status-publish","4":"has-post-thumbnail","6":"product_brand-libus","7":"product_cat-externos-vinchas","8":"product_cat-proteccion-auditiva","10":"first","11":"instock","12":"shipping-taxable","13":"product-type-simple"},"acf":[],"_links":{"self":[{"href":"https:\/\/valesafety.com.pe\/index.php?rest_route=\/wp\/v2\/product\/4504","targetHints":{"allow":["GET"]}}],"collection":[{"href":"https:\/\/valesafety.com.pe\/index.php?rest_route=\/wp\/v2\/product"}],"about":[{"href":"https:\/\/valesafety.com.pe\/index.php?rest_route=\/wp\/v2\/types\/product"}],"replies":[{"embeddable":true,"href":"https:\/\/valesafety.com.pe\/index.php?rest_route=%2Fwp%2Fv2%2Fcomments&post=4504"}],"wp:featuredmedia":[{"embeddable":true,"href":"https:\/\/valesafety.com.pe\/index.php?rest_route=\/wp\/v2\/media\/4570"}],"wp:attachment":[{"href":"https:\/\/valesafety.com.pe\/index.php?rest_route=%2Fwp%2Fv2%2Fmedia&parent=4504"}],"wp:term":[{"taxonomy":"product_brand","embeddable":true,"href":"https:\/\/valesafety.com.pe\/index.php?rest_route=%2Fwp%2Fv2%2Fproduct_brand&post=4504"},{"taxonomy":"product_cat","embeddable":true,"href":"https:\/\/valesafety.com.pe\/index.php?rest_route=%2Fwp%2Fv2%2Fproduct_cat&post=4504"},{"taxonomy":"product_tag","embeddable":true,"href":"https:\/\/valesafety.com.pe\/index.php?rest_route=%2Fwp%2Fv2%2Fproduct_tag&post=4504"}],"curies":[{"name":"wp","href":"https:\/\/api.w.org\/{rel}","templated":true}]}}