{"id":4503,"date":"2026-04-23T22:31:39","date_gmt":"2026-04-23T20:31:39","guid":{"rendered":"http:\/\/localhost\/borrador\/?post_type=product&#038;p=4503"},"modified":"2026-05-07T10:22:48","modified_gmt":"2026-05-07T15:22:48","slug":"protector-auditivo-new-alternative-para-casco","status":"publish","type":"product","link":"https:\/\/valesafety.com.pe\/?product=protector-auditivo-new-alternative-para-casco","title":{"rendered":"Protector Auditivo New Alternative para Casco"},"content":{"rendered":"<div class=\"page-title-wrapper product\">\n<h2 class=\"page-title\"><span class=\"base\" data-ui-id=\"page-title-wrapper\">Protector Auditivo New Alternative para Casco<\/span><\/h2>\n<ul id=\"YTYJRLF\">\n<li><span class=\"fontstyle0\">Copa con orejera acolchada para un mayor confort a\u00fan en jornadas prolongadas.<\/span><\/li>\n<li><span class=\"fontstyle0\">Tama\u00f1o adaptable a cualquier usuario.<\/span><\/li>\n<li><span class=\"fontstyle0\">Permite montar cada copa en el anclaje del casco.<br \/>\n<\/span><\/li>\n<li><span class=\"fontstyle0\">Incluye el par de fichas adaptadoras para montaje en casco de la l\u00ednea LIBUS.<br \/>\n<\/span><\/li>\n<li><span class=\"fontstyle0\">Orejera lavable<\/span><\/li>\n<\/ul>\n<p>Necesitas m\u00e1s productos encu\u00e9ntralos en nuestra <a href=\"https:\/\/valesafety.com.pe\/tienda\">tienda\u00a0<\/a><\/p>\n<p>Para m\u00e1s informaci\u00f3n sobre este y otros productos, no dudes en contactarnos por\u00a0<a href=\"http:\/\/wa.me\/51923151009\" target=\"_blank\" rel=\"noopener\">WhatsApp<\/a>.<\/p>\n<\/div>\n<div class=\"product-info-price\"><\/div>\n","protected":false},"excerpt":{"rendered":"<p class=\"page-title\"><span class=\"base\" data-ui-id=\"page-title-wrapper\">El Protector Auditivo New Alternative para Casco \u00a0brinda una protecci\u00f3n de manera no invasiva, aislando el o\u00eddo de la fuente de ruido. Con un dise\u00f1o ergon\u00f3mico y adaptable permite que pueda ser usado por cualquier usuario.<\/span><\/p>\n","protected":false},"featured_media":4569,"comment_status":"closed","ping_status":"closed","template":"","meta":{"_acf_changed":false},"product_brand":[31],"product_cat":[86,56],"product_tag":[],"class_list":{"0":"post-4503","1":"product","2":"type-product","3":"status-publish","4":"has-post-thumbnail","6":"product_brand-libus","7":"product_cat-externos-cascos","8":"product_cat-proteccion-auditiva","10":"first","11":"instock","12":"shipping-taxable","13":"purchasable","14":"product-type-simple"},"acf":[],"_links":{"self":[{"href":"https:\/\/valesafety.com.pe\/index.php?rest_route=\/wp\/v2\/product\/4503","targetHints":{"allow":["GET"]}}],"collection":[{"href":"https:\/\/valesafety.com.pe\/index.php?rest_route=\/wp\/v2\/product"}],"about":[{"href":"https:\/\/valesafety.com.pe\/index.php?rest_route=\/wp\/v2\/types\/product"}],"replies":[{"embeddable":true,"href":"https:\/\/valesafety.com.pe\/index.php?rest_route=%2Fwp%2Fv2%2Fcomments&post=4503"}],"wp:featuredmedia":[{"embeddable":true,"href":"https:\/\/valesafety.com.pe\/index.php?rest_route=\/wp\/v2\/media\/4569"}],"wp:attachment":[{"href":"https:\/\/valesafety.com.pe\/index.php?rest_route=%2Fwp%2Fv2%2Fmedia&parent=4503"}],"wp:term":[{"taxonomy":"product_brand","embeddable":true,"href":"https:\/\/valesafety.com.pe\/index.php?rest_route=%2Fwp%2Fv2%2Fproduct_brand&post=4503"},{"taxonomy":"product_cat","embeddable":true,"href":"https:\/\/valesafety.com.pe\/index.php?rest_route=%2Fwp%2Fv2%2Fproduct_cat&post=4503"},{"taxonomy":"product_tag","embeddable":true,"href":"https:\/\/valesafety.com.pe\/index.php?rest_route=%2Fwp%2Fv2%2Fproduct_tag&post=4503"}],"curies":[{"name":"wp","href":"https:\/\/api.w.org\/{rel}","templated":true}]}}