{"id":4502,"date":"2026-04-23T22:31:39","date_gmt":"2026-04-23T20:31:39","guid":{"rendered":"http:\/\/localhost\/borrador\/?post_type=product&#038;p=4502"},"modified":"2026-05-07T09:42:51","modified_gmt":"2026-05-07T14:42:51","slug":"orejera-new-alternative-modelo-vincha","status":"publish","type":"product","link":"https:\/\/valesafety.com.pe\/?product=orejera-new-alternative-modelo-vincha","title":{"rendered":"Orejera New Alternative modelo Vincha"},"content":{"rendered":"<h2>Orejera New Alternative modelo Vincha<\/h2>\n<ul id=\"YTYJRLF\">\n<li>Dise\u00f1o econ\u00f3mico manteniendo las prestaciones de seguridad.<\/li>\n<li>Regulaci\u00f3n de altura multipunto.<\/li>\n<li>Vincha pl\u00e1stica flexible para un perfecto ajuste de las orejeras al o\u00eddo.<\/li>\n<li>Compuesto por 2 orejeras vinculadas por una vincha.<\/li>\n<li>Copa con orejera acolchada; confortable a\u00fan en jornadas prolongadas.<\/li>\n<li>Orejera lavable.<\/li>\n<li>Caja Cerrada: 25 unidades.<\/li>\n<\/ul>\n<p>Necesitas m\u00e1s productos encu\u00e9ntralos en nuestra <a href=\"https:\/\/valesafety.com.pe\/tienda\">tienda\u00a0<\/a><\/p>\n<p>Para m\u00e1s informaci\u00f3n sobre este y otros productos, no dudes en contactarnos por\u00a0<a href=\"http:\/\/wa.me\/51923151009\" target=\"_blank\" rel=\"noopener\">WhatsApp<\/a>.<\/p>\n","protected":false},"excerpt":{"rendered":"<p>La Orejera New Alternative modelo Vincha brinda protecci\u00f3n de manera no invasiva, aislando el o\u00eddo de la fuente de ruido. Con un dise\u00f1o ergon\u00f3mico y adaptable que permite ser usado por cualquier usuario.<\/p>\n","protected":false},"featured_media":4568,"comment_status":"closed","ping_status":"closed","template":"","meta":{"_acf_changed":false},"product_brand":[31],"product_cat":[87,56],"product_tag":[],"class_list":{"0":"post-4502","1":"product","2":"type-product","3":"status-publish","4":"has-post-thumbnail","6":"product_brand-libus","7":"product_cat-externos-vinchas","8":"product_cat-proteccion-auditiva","10":"first","11":"instock","12":"shipping-taxable","13":"purchasable","14":"product-type-simple"},"acf":[],"_links":{"self":[{"href":"https:\/\/valesafety.com.pe\/index.php?rest_route=\/wp\/v2\/product\/4502","targetHints":{"allow":["GET"]}}],"collection":[{"href":"https:\/\/valesafety.com.pe\/index.php?rest_route=\/wp\/v2\/product"}],"about":[{"href":"https:\/\/valesafety.com.pe\/index.php?rest_route=\/wp\/v2\/types\/product"}],"replies":[{"embeddable":true,"href":"https:\/\/valesafety.com.pe\/index.php?rest_route=%2Fwp%2Fv2%2Fcomments&post=4502"}],"wp:featuredmedia":[{"embeddable":true,"href":"https:\/\/valesafety.com.pe\/index.php?rest_route=\/wp\/v2\/media\/4568"}],"wp:attachment":[{"href":"https:\/\/valesafety.com.pe\/index.php?rest_route=%2Fwp%2Fv2%2Fmedia&parent=4502"}],"wp:term":[{"taxonomy":"product_brand","embeddable":true,"href":"https:\/\/valesafety.com.pe\/index.php?rest_route=%2Fwp%2Fv2%2Fproduct_brand&post=4502"},{"taxonomy":"product_cat","embeddable":true,"href":"https:\/\/valesafety.com.pe\/index.php?rest_route=%2Fwp%2Fv2%2Fproduct_cat&post=4502"},{"taxonomy":"product_tag","embeddable":true,"href":"https:\/\/valesafety.com.pe\/index.php?rest_route=%2Fwp%2Fv2%2Fproduct_tag&post=4502"}],"curies":[{"name":"wp","href":"https:\/\/api.w.org\/{rel}","templated":true}]}}