{"id":4501,"date":"2026-04-23T22:31:39","date_gmt":"2026-04-23T20:31:39","guid":{"rendered":"http:\/\/localhost\/borrador\/?post_type=product&#038;p=4501"},"modified":"2026-05-07T10:51:33","modified_gmt":"2026-05-07T15:51:33","slug":"tapon-auditivo-endoaural-quantum","status":"publish","type":"product","link":"https:\/\/valesafety.com.pe\/?product=tapon-auditivo-endoaural-quantum","title":{"rendered":"Tap\u00f3n Auditivo Endoaural Quantum"},"content":{"rendered":"<h2>Tap\u00f3n Auditivo Endoaural Quantum<\/h2>\n<div class=\"flex max-w-full flex-col flex-grow\">\n<div class=\"min-h-8 text-message flex w-full flex-col items-end gap-2 whitespace-normal break-words [.text-message+&amp;]:mt-5\" dir=\"auto\" data-message-author-role=\"assistant\" data-message-id=\"f575d957-710c-489b-9ad2-cba581b963a7\" data-message-model-slug=\"gpt-4o\">\n<div class=\"flex w-full flex-col gap-1 empty:hidden first:pt-[3px]\">\n<div class=\"markdown prose w-full break-words dark:prose-invert dark\">\n<ul>\n<li>Tap\u00f3n que suministra protecci\u00f3n contra ruido por inserci\u00f3n en el canal auditivo.<\/li>\n<li>Brinda un confortable y efectivo sello.<\/li>\n<li>Libre de PVC.<\/li>\n<li>Hipoalerg\u00e9nico.<\/li>\n<li>Dise\u00f1o de tres aletas que permite su ajuste a todos los canales auditivos.<\/li>\n<li>Grip resistente para facilitar el posicionamiento y la correcta inserci\u00f3n\/remoci\u00f3n.<\/li>\n<li>Color verde fluo. F\u00e1cil identificaci\u00f3n del personal que lo est\u00e1 usando.<\/li>\n<li>Resistente a la cera del o\u00eddo y lavable.<\/li>\n<li>Provistos con cord\u00f3n textil de poli\u00e9ster.<\/li>\n<li>Modelo detectable: incluyen un inserto met\u00e1lico que permite la detecci\u00f3n de presencia ante p\u00e9rdida (por ej.: industria alimenticia).<\/li>\n<li>Recomendado para niveles moderados de ruido.<\/li>\n<li>Reutilizable.<\/li>\n<li>Caja Cerrada: 1000 unidades.<\/li>\n<\/ul>\n<p>Necesitas m\u00e1s productos encu\u00e9ntralos en nuestra <a href=\"https:\/\/valesafety.com.pe\/tienda\">tienda\u00a0<\/a><\/p>\n<p>Para m\u00e1s informaci\u00f3n sobre este y otros productos, no dudes en contactarnos por\u00a0<a href=\"http:\/\/wa.me\/51923151009\" target=\"_blank\" rel=\"noopener\">WhatsApp<\/a>.<\/p>\n<\/div>\n<\/div>\n<\/div>\n<\/div>\n","protected":false},"excerpt":{"rendered":"<p>El Tap\u00f3n Auditivo Endoaural Quantum reutilizable es un protector de o\u00eddos pre-moldeado tipo plug, elaborado con elast\u00f3mero termopl\u00e1stico.<\/p>\n","protected":false},"featured_media":4567,"comment_status":"closed","ping_status":"closed","template":"","meta":{"_acf_changed":false},"product_brand":[31],"product_cat":[55,56,88],"product_tag":[363,364,365,366],"class_list":{"0":"post-4501","1":"product","2":"type-product","3":"status-publish","4":"has-post-thumbnail","6":"product_brand-libus","7":"product_cat-ofertas","8":"product_cat-proteccion-auditiva","9":"product_cat-tapones-auditivos","10":"product_tag-libus","11":"product_tag-protector-auditivo","12":"product_tag-tapones","13":"product_tag-tapones-de-oidos","15":"first","16":"instock","17":"shipping-taxable","18":"purchasable","19":"product-type-simple"},"acf":[],"_links":{"self":[{"href":"https:\/\/valesafety.com.pe\/index.php?rest_route=\/wp\/v2\/product\/4501","targetHints":{"allow":["GET"]}}],"collection":[{"href":"https:\/\/valesafety.com.pe\/index.php?rest_route=\/wp\/v2\/product"}],"about":[{"href":"https:\/\/valesafety.com.pe\/index.php?rest_route=\/wp\/v2\/types\/product"}],"replies":[{"embeddable":true,"href":"https:\/\/valesafety.com.pe\/index.php?rest_route=%2Fwp%2Fv2%2Fcomments&post=4501"}],"wp:featuredmedia":[{"embeddable":true,"href":"https:\/\/valesafety.com.pe\/index.php?rest_route=\/wp\/v2\/media\/4567"}],"wp:attachment":[{"href":"https:\/\/valesafety.com.pe\/index.php?rest_route=%2Fwp%2Fv2%2Fmedia&parent=4501"}],"wp:term":[{"taxonomy":"product_brand","embeddable":true,"href":"https:\/\/valesafety.com.pe\/index.php?rest_route=%2Fwp%2Fv2%2Fproduct_brand&post=4501"},{"taxonomy":"product_cat","embeddable":true,"href":"https:\/\/valesafety.com.pe\/index.php?rest_route=%2Fwp%2Fv2%2Fproduct_cat&post=4501"},{"taxonomy":"product_tag","embeddable":true,"href":"https:\/\/valesafety.com.pe\/index.php?rest_route=%2Fwp%2Fv2%2Fproduct_tag&post=4501"}],"curies":[{"name":"wp","href":"https:\/\/api.w.org\/{rel}","templated":true}]}}