{"id":4500,"date":"2026-04-23T22:31:39","date_gmt":"2026-04-23T20:31:39","guid":{"rendered":"http:\/\/localhost\/borrador\/?post_type=product&#038;p=4500"},"modified":"2026-05-07T09:42:55","modified_gmt":"2026-05-07T14:42:55","slug":"orejera-l360-high-visibility","status":"publish","type":"product","link":"https:\/\/valesafety.com.pe\/?product=orejera-l360-high-visibility","title":{"rendered":"Orejera L360 High Visibility"},"content":{"rendered":"<h2>Orejera L360 High Visibility<\/h2>\n<ul>\n<li>Regulaci\u00f3n de altura multipunto.<\/li>\n<li>M\u00e1xima atenuaci\u00f3n y excelente prestaci\u00f3n en ambientes con ruido de baja frecuencia.<\/li>\n<li>Copa con orejera acolchada; confortable a\u00fan en jornadas prolongadas.<\/li>\n<li id=\"U4THYHO\">Disponible en versi\u00f3n de Alta Visibilidad.<\/li>\n<li>Sistema de anclaje lateral doble a la copa: equilibra la presi\u00f3n sobre la oreja y permite una regulaci\u00f3n precisa de la altura, rotaci\u00f3n y \u00e1ngulo.<\/li>\n<li>Vincha con banda soft para un agradable calce a la cabeza.<\/li>\n<li>Compuesto b\u00e1sicamente por 2 orejeras vinculadas por una vincha.<\/li>\n<li>Orejera lavable.<\/li>\n<li>Incluye soporte para cintur\u00f3n. Permite llevar el protector en la cintura mientras no se utiliza.<\/li>\n<li>Caja Cerrada: 20 unidades.<\/li>\n<\/ul>\n<p>Necesitas m\u00e1s productos encu\u00e9ntralos en nuestra <a href=\"https:\/\/valesafety.com.pe\/tienda\">tienda\u00a0<\/a><\/p>\n<p>Para m\u00e1s informaci\u00f3n sobre este y otros productos, no dudes en contactarnos por\u00a0<a href=\"http:\/\/wa.me\/51923151009\" target=\"_blank\" rel=\"noopener\">WhatsApp<\/a>.<\/p>\n","protected":false},"excerpt":{"rendered":"<p>Orejera L360 High Visibility\u00a0proporciona una protecci\u00f3n efectiva y no invasiva, bloqueando el ruido de forma segura. Su dise\u00f1o ergon\u00f3mico y ajustable asegura comodidad, adapt\u00e1ndose f\u00e1cilmente a las necesidades de la mayor\u00eda de los usuarios.<\/p>\n","protected":false},"featured_media":4566,"comment_status":"closed","ping_status":"closed","template":"","meta":{"_acf_changed":false},"product_brand":[31],"product_cat":[87,56],"product_tag":[],"class_list":{"0":"post-4500","1":"product","2":"type-product","3":"status-publish","4":"has-post-thumbnail","6":"product_brand-libus","7":"product_cat-externos-vinchas","8":"product_cat-proteccion-auditiva","10":"first","11":"instock","12":"shipping-taxable","13":"purchasable","14":"product-type-simple"},"acf":[],"_links":{"self":[{"href":"https:\/\/valesafety.com.pe\/index.php?rest_route=\/wp\/v2\/product\/4500","targetHints":{"allow":["GET"]}}],"collection":[{"href":"https:\/\/valesafety.com.pe\/index.php?rest_route=\/wp\/v2\/product"}],"about":[{"href":"https:\/\/valesafety.com.pe\/index.php?rest_route=\/wp\/v2\/types\/product"}],"replies":[{"embeddable":true,"href":"https:\/\/valesafety.com.pe\/index.php?rest_route=%2Fwp%2Fv2%2Fcomments&post=4500"}],"wp:featuredmedia":[{"embeddable":true,"href":"https:\/\/valesafety.com.pe\/index.php?rest_route=\/wp\/v2\/media\/4566"}],"wp:attachment":[{"href":"https:\/\/valesafety.com.pe\/index.php?rest_route=%2Fwp%2Fv2%2Fmedia&parent=4500"}],"wp:term":[{"taxonomy":"product_brand","embeddable":true,"href":"https:\/\/valesafety.com.pe\/index.php?rest_route=%2Fwp%2Fv2%2Fproduct_brand&post=4500"},{"taxonomy":"product_cat","embeddable":true,"href":"https:\/\/valesafety.com.pe\/index.php?rest_route=%2Fwp%2Fv2%2Fproduct_cat&post=4500"},{"taxonomy":"product_tag","embeddable":true,"href":"https:\/\/valesafety.com.pe\/index.php?rest_route=%2Fwp%2Fv2%2Fproduct_tag&post=4500"}],"curies":[{"name":"wp","href":"https:\/\/api.w.org\/{rel}","templated":true}]}}