{"id":4499,"date":"2026-04-23T22:31:39","date_gmt":"2026-04-23T20:31:39","guid":{"rendered":"http:\/\/localhost\/borrador\/?post_type=product&#038;p=4499"},"modified":"2026-05-07T09:42:41","modified_gmt":"2026-05-07T14:42:41","slug":"orejera-l-360-hv-casco","status":"publish","type":"product","link":"https:\/\/valesafety.com.pe\/?product=orejera-l-360-hv-casco","title":{"rendered":"Orejera L-360 HV Casco"},"content":{"rendered":"<h2>Orejera L-360 HV Casco<\/h2>\n<ul>\n<li>Protector auditivo con alta visibilidad.<\/li>\n<li>Regulaci\u00f3n de altura multipunto.<\/li>\n<li>Este modelo reemplaza la vincha por 2 horquillas con soporte giratorio.<\/li>\n<li>Brinda 2 posiciones de trabajo: sobre la oreja o retirado de la misma.<\/li>\n<li>En posici\u00f3n de reposo la copa puede ser rotada 360\u00b0 para que el usuario la ubique donde no incomode.<\/li>\n<li>M\u00e1xima atenuaci\u00f3n y excelente prestaci\u00f3n en ambientes con ruido de baja frecuencia.<\/li>\n<li>Permite montar cada copa en el anclaje del casco.<\/li>\n<li>La regulaci\u00f3n de altura y rotaci\u00f3n de las copas es la misma que el modelo Vincha.<\/li>\n<li>Incluye el par de fichas adaptadoras para montaje en cascos de la l\u00ednea LIBUS.<\/li>\n<li>Copa con orejera acolchada; confortable a\u00fan en jornadas prolongadas.<\/li>\n<li>Caja Cerrada: 40 unidades.<\/li>\n<\/ul>\n<p>Necesitas m\u00e1s productos encu\u00e9ntralos en nuestra <a href=\"https:\/\/valesafety.com.pe\/tienda\">tienda\u00a0<\/a><\/p>\n<p>Para m\u00e1s informaci\u00f3n sobre este y otros productos, no dudes en contactarnos por\u00a0<a href=\"http:\/\/wa.me\/51923151009\" target=\"_blank\" rel=\"noopener\">WhatsApp<\/a>.<\/p>\n","protected":false},"excerpt":{"rendered":"<p>La Orejera L-360 HV Casco\u00a0suministra protecci\u00f3n de manera no invasiva, aislando el o\u00eddo de la fuente de ruido. Su dise\u00f1o ergon\u00f3mico y adaptabilidad permite que pueda ser usado por la mayor\u00eda de los usuarios.<\/p>\n","protected":false},"featured_media":4565,"comment_status":"closed","ping_status":"closed","template":"","meta":{"_acf_changed":false},"product_brand":[31],"product_cat":[86,56],"product_tag":[],"class_list":{"0":"post-4499","1":"product","2":"type-product","3":"status-publish","4":"has-post-thumbnail","6":"product_brand-libus","7":"product_cat-externos-cascos","8":"product_cat-proteccion-auditiva","10":"first","11":"instock","12":"shipping-taxable","13":"purchasable","14":"product-type-simple"},"acf":[],"_links":{"self":[{"href":"https:\/\/valesafety.com.pe\/index.php?rest_route=\/wp\/v2\/product\/4499","targetHints":{"allow":["GET"]}}],"collection":[{"href":"https:\/\/valesafety.com.pe\/index.php?rest_route=\/wp\/v2\/product"}],"about":[{"href":"https:\/\/valesafety.com.pe\/index.php?rest_route=\/wp\/v2\/types\/product"}],"replies":[{"embeddable":true,"href":"https:\/\/valesafety.com.pe\/index.php?rest_route=%2Fwp%2Fv2%2Fcomments&post=4499"}],"wp:featuredmedia":[{"embeddable":true,"href":"https:\/\/valesafety.com.pe\/index.php?rest_route=\/wp\/v2\/media\/4565"}],"wp:attachment":[{"href":"https:\/\/valesafety.com.pe\/index.php?rest_route=%2Fwp%2Fv2%2Fmedia&parent=4499"}],"wp:term":[{"taxonomy":"product_brand","embeddable":true,"href":"https:\/\/valesafety.com.pe\/index.php?rest_route=%2Fwp%2Fv2%2Fproduct_brand&post=4499"},{"taxonomy":"product_cat","embeddable":true,"href":"https:\/\/valesafety.com.pe\/index.php?rest_route=%2Fwp%2Fv2%2Fproduct_cat&post=4499"},{"taxonomy":"product_tag","embeddable":true,"href":"https:\/\/valesafety.com.pe\/index.php?rest_route=%2Fwp%2Fv2%2Fproduct_tag&post=4499"}],"curies":[{"name":"wp","href":"https:\/\/api.w.org\/{rel}","templated":true}]}}