{"id":4497,"date":"2026-04-23T22:31:38","date_gmt":"2026-04-23T20:31:38","guid":{"rendered":"http:\/\/localhost\/borrador\/?post_type=product&#038;p=4497"},"modified":"2026-05-07T09:42:32","modified_gmt":"2026-05-07T14:42:32","slug":"orejera-l-340-modelo-vincha","status":"publish","type":"product","link":"https:\/\/valesafety.com.pe\/?product=orejera-l-340-modelo-vincha","title":{"rendered":"Orejera L-340 modelo vincha"},"content":{"rendered":"<h2>Orejera L-340 modelo vincha<\/h2>\n<ul>\n<li>Modelo Vincha, Compuesto b\u00e1sicamente por 2 orejeras vinculadas por una vincha.<\/li>\n<li>Regulaci\u00f3n de altura multipunto.<\/li>\n<li>Copa con orejera acolchada; confortable a\u00fan en jornadas prolongadas.<\/li>\n<li>Vincha con banda soft para un agradable calce a la cabeza.<\/li>\n<li>Sistema de anclaje lateral doble a la copa: equilibra la presi\u00f3n sobre la oreja y permite una regulaci\u00f3n precisa de la altura, rotaci\u00f3n y \u00e1ngulo.<\/li>\n<li>Orejera lavable.<\/li>\n<li>Incluye soporte para cintur\u00f3n. Permite llevar el protector en la cintura mientras no se utiliza.<\/li>\n<li>Caja Cerrada: 20 unidades.<\/li>\n<\/ul>\n<p>Necesitas m\u00e1s productos encuentralos en nuestra\u00a0<a href=\"https:\/\/valesafety.com.pe\/tienda\">tienda\u00a0<\/a><\/p>\n<p>Para m\u00e1s informaci\u00f3n sobre este y otros productos, no dudes en contactarnos por\u00a0<a href=\"http:\/\/wa.me\/51923151009\" target=\"_blank\" rel=\"noopener\">WhatsApp<\/a>.<\/p>\n","protected":false},"excerpt":{"rendered":"<p>Orejera L-340 modelo vincha proporciona una defensa efectiva y no intrusiva, separando el o\u00eddo del ruido del entorno. Con un dise\u00f1o ergon\u00f3mico y regulable, se ajusta con facilidad a una gran diversidad de usuarios, asegurando confort y seguridad en su utilizaci\u00f3n.<\/p>\n","protected":false},"featured_media":4554,"comment_status":"closed","ping_status":"closed","template":"","meta":{"_acf_changed":false},"product_brand":[31],"product_cat":[87,56],"product_tag":[],"class_list":{"0":"post-4497","1":"product","2":"type-product","3":"status-publish","4":"has-post-thumbnail","6":"product_brand-libus","7":"product_cat-externos-vinchas","8":"product_cat-proteccion-auditiva","10":"first","11":"instock","12":"shipping-taxable","13":"purchasable","14":"product-type-simple"},"acf":[],"_links":{"self":[{"href":"https:\/\/valesafety.com.pe\/index.php?rest_route=\/wp\/v2\/product\/4497","targetHints":{"allow":["GET"]}}],"collection":[{"href":"https:\/\/valesafety.com.pe\/index.php?rest_route=\/wp\/v2\/product"}],"about":[{"href":"https:\/\/valesafety.com.pe\/index.php?rest_route=\/wp\/v2\/types\/product"}],"replies":[{"embeddable":true,"href":"https:\/\/valesafety.com.pe\/index.php?rest_route=%2Fwp%2Fv2%2Fcomments&post=4497"}],"wp:featuredmedia":[{"embeddable":true,"href":"https:\/\/valesafety.com.pe\/index.php?rest_route=\/wp\/v2\/media\/4554"}],"wp:attachment":[{"href":"https:\/\/valesafety.com.pe\/index.php?rest_route=%2Fwp%2Fv2%2Fmedia&parent=4497"}],"wp:term":[{"taxonomy":"product_brand","embeddable":true,"href":"https:\/\/valesafety.com.pe\/index.php?rest_route=%2Fwp%2Fv2%2Fproduct_brand&post=4497"},{"taxonomy":"product_cat","embeddable":true,"href":"https:\/\/valesafety.com.pe\/index.php?rest_route=%2Fwp%2Fv2%2Fproduct_cat&post=4497"},{"taxonomy":"product_tag","embeddable":true,"href":"https:\/\/valesafety.com.pe\/index.php?rest_route=%2Fwp%2Fv2%2Fproduct_tag&post=4497"}],"curies":[{"name":"wp","href":"https:\/\/api.w.org\/{rel}","templated":true}]}}