{"id":4487,"date":"2026-04-23T22:31:10","date_gmt":"2026-04-23T20:31:10","guid":{"rendered":"http:\/\/localhost\/borrador\/?post_type=product&#038;p=4487"},"modified":"2026-05-07T09:35:01","modified_gmt":"2026-05-07T14:35:01","slug":"orejera-l-320-casco","status":"publish","type":"product","link":"https:\/\/valesafety.com.pe\/?product=orejera-l-320-casco","title":{"rendered":"Orejera L-320 Casco"},"content":{"rendered":"<h2>Orejera L-320 Casco<\/h2>\n<ul>\n<li>Regulaci\u00f3n de altura multipunto.<\/li>\n<li>Este modelo reemplaza la vincha por 2 horquillas con soporte giratorio.<\/li>\n<li>Brinda 2 posiciones de trabajo: sobre la oreja o retirado de la misma.<\/li>\n<li>En posici\u00f3n de reposo la copa puede ser rotada 360\u00b0 para que el usuario la ubique donde no incomode.<\/li>\n<li>M\u00e1xima atenuaci\u00f3n y excelente prestaci\u00f3n en ambientes con ruido de baja frecuencia.<\/li>\n<li>Permite montar cada copa en el anclaje del casco.<\/li>\n<li>La regulaci\u00f3n de altura y rotaci\u00f3n de las copas es la misma que el modelo Vincha.<\/li>\n<li>Incluye el par de fichas adaptadoras para montaje en cascos de la l\u00ednea LIBUS.<\/li>\n<li>Caja Cerrada: 40\u00a0unidades.<\/li>\n<\/ul>\n<p>Necesitas m\u00e1s productos encu\u00e9ntralos en nuestra <a href=\"https:\/\/valesafety.com.pe\/tienda\">tienda\u00a0<\/a><\/p>\n<p>Para m\u00e1s informaci\u00f3n sobre este y otros productos, no dudes en contactarnos por\u00a0<a href=\"http:\/\/wa.me\/51923151009\" target=\"_blank\" rel=\"noopener\">WhatsApp<\/a>.<\/p>\n","protected":false},"excerpt":{"rendered":"<p>Orejera L-320 Casco para casco ofrece una protecci\u00f3n eficiente y no invasiva, bloqueando el ruido externo para mayor seguridad. Su dise\u00f1o ergon\u00f3mico y ajustable garantiza comodidad y se adapta f\u00e1cilmente a la mayor\u00eda de los usuarios, proporcionando una experiencia confiable y pr\u00e1ctica.<\/p>\n","protected":false},"featured_media":4553,"comment_status":"closed","ping_status":"closed","template":"","meta":{"_acf_changed":false},"product_brand":[31],"product_cat":[86,56],"product_tag":[],"class_list":{"0":"post-4487","1":"product","2":"type-product","3":"status-publish","4":"has-post-thumbnail","6":"product_brand-libus","7":"product_cat-externos-cascos","8":"product_cat-proteccion-auditiva","10":"first","11":"instock","12":"shipping-taxable","13":"purchasable","14":"product-type-simple"},"acf":[],"_links":{"self":[{"href":"https:\/\/valesafety.com.pe\/index.php?rest_route=\/wp\/v2\/product\/4487","targetHints":{"allow":["GET"]}}],"collection":[{"href":"https:\/\/valesafety.com.pe\/index.php?rest_route=\/wp\/v2\/product"}],"about":[{"href":"https:\/\/valesafety.com.pe\/index.php?rest_route=\/wp\/v2\/types\/product"}],"replies":[{"embeddable":true,"href":"https:\/\/valesafety.com.pe\/index.php?rest_route=%2Fwp%2Fv2%2Fcomments&post=4487"}],"wp:featuredmedia":[{"embeddable":true,"href":"https:\/\/valesafety.com.pe\/index.php?rest_route=\/wp\/v2\/media\/4553"}],"wp:attachment":[{"href":"https:\/\/valesafety.com.pe\/index.php?rest_route=%2Fwp%2Fv2%2Fmedia&parent=4487"}],"wp:term":[{"taxonomy":"product_brand","embeddable":true,"href":"https:\/\/valesafety.com.pe\/index.php?rest_route=%2Fwp%2Fv2%2Fproduct_brand&post=4487"},{"taxonomy":"product_cat","embeddable":true,"href":"https:\/\/valesafety.com.pe\/index.php?rest_route=%2Fwp%2Fv2%2Fproduct_cat&post=4487"},{"taxonomy":"product_tag","embeddable":true,"href":"https:\/\/valesafety.com.pe\/index.php?rest_route=%2Fwp%2Fv2%2Fproduct_tag&post=4487"}],"curies":[{"name":"wp","href":"https:\/\/api.w.org\/{rel}","templated":true}]}}