{"id":4485,"date":"2026-04-23T22:31:10","date_gmt":"2026-04-23T20:31:10","guid":{"rendered":"http:\/\/localhost\/borrador\/?post_type=product&#038;p=4485"},"modified":"2026-05-06T12:16:49","modified_gmt":"2026-05-06T17:16:49","slug":"arnes-milenium-plastico-a-cremallera","status":"publish","type":"product","link":"https:\/\/valesafety.com.pe\/?product=arnes-milenium-plastico-a-cremallera","title":{"rendered":"Arn\u00e9s Milenium Pl\u00e1stico a cremallera"},"content":{"rendered":"<h2>Arn\u00e9s Milenium Pl\u00e1stico a cremallera<\/h2>\n<ul>\n<li>\u00a08 puntos de anclaje al casco.<\/li>\n<li>Mecanismo a cremallera con perilla reguladora para un ajuste continuo de tama\u00f1o.<\/li>\n<li>Permite hacerlo con el casco colocado en la cabeza.<\/li>\n<li>\u00a0Regulaci\u00f3n de altura de 3 posiciones y banda de nuca de 2 posiciones.<\/li>\n<li>Mayor profundidad en la banda de nuca lo que genera una mejor sujeci\u00f3n,<br \/>\npudiendo evitar el uso de mentonera.<\/li>\n<li>Suspensi\u00f3n pl\u00e1stica inyectada con anillo central de apoyo en la cabeza.<\/li>\n<li>Banda frontal en tela sint\u00e9tica perforada para absorci\u00f3n de transpiraci\u00f3n (sudadera);<br \/>\nes desmontable, lavable y puede ser reemplazada por un repuesto.<\/li>\n<li>Caja cerrada: 40 unidades.<\/li>\n<\/ul>\n<p>Necesitas m\u00e1s productos encu\u00e9ntralos en nuestra <a href=\"https:\/\/valesafety.com.pe\/tienda\">tienda\u00a0<\/a><\/p>\n<p>Para m\u00e1s informaci\u00f3n sobre este y otros productos, no dudes en contactarnos por\u00a0<a href=\"http:\/\/wa.me\/51923151009\" target=\"_blank\" rel=\"noopener\">WhatsApp<\/a>.<\/p>\n","protected":false},"excerpt":{"rendered":"<p>Arn\u00e9s Milenium Pl\u00e1stico a cremallera, arn\u00e9s especialmente dise\u00f1ado para su integraci\u00f3n con los cascos LIBUS MILENIUM, garantizando un ajuste seguro y c\u00f3modo para el usuario.<\/p>\n<div class=\"mb-2 flex gap-3 empty:hidden -ml-2\">\n<div class=\"items-center justify-start rounded-xl p-1 flex\">\n<div class=\"flex items-center\">\n<div class=\"flex\"><\/div>\n<div class=\"flex items-center pb-0\"><\/div>\n<\/div>\n<\/div>\n<\/div>\n","protected":false},"featured_media":4551,"comment_status":"closed","ping_status":"closed","template":"","meta":{"_acf_changed":false},"product_brand":[31],"product_cat":[70,46],"product_tag":[],"class_list":{"0":"post-4485","1":"product","2":"type-product","3":"status-publish","4":"has-post-thumbnail","6":"product_brand-libus","7":"product_cat-accesorios-y-repuestos","8":"product_cat-casco-de-seguridad","10":"first","11":"instock","12":"shipping-taxable","13":"purchasable","14":"product-type-simple"},"acf":[],"_links":{"self":[{"href":"https:\/\/valesafety.com.pe\/index.php?rest_route=\/wp\/v2\/product\/4485","targetHints":{"allow":["GET"]}}],"collection":[{"href":"https:\/\/valesafety.com.pe\/index.php?rest_route=\/wp\/v2\/product"}],"about":[{"href":"https:\/\/valesafety.com.pe\/index.php?rest_route=\/wp\/v2\/types\/product"}],"replies":[{"embeddable":true,"href":"https:\/\/valesafety.com.pe\/index.php?rest_route=%2Fwp%2Fv2%2Fcomments&post=4485"}],"wp:featuredmedia":[{"embeddable":true,"href":"https:\/\/valesafety.com.pe\/index.php?rest_route=\/wp\/v2\/media\/4551"}],"wp:attachment":[{"href":"https:\/\/valesafety.com.pe\/index.php?rest_route=%2Fwp%2Fv2%2Fmedia&parent=4485"}],"wp:term":[{"taxonomy":"product_brand","embeddable":true,"href":"https:\/\/valesafety.com.pe\/index.php?rest_route=%2Fwp%2Fv2%2Fproduct_brand&post=4485"},{"taxonomy":"product_cat","embeddable":true,"href":"https:\/\/valesafety.com.pe\/index.php?rest_route=%2Fwp%2Fv2%2Fproduct_cat&post=4485"},{"taxonomy":"product_tag","embeddable":true,"href":"https:\/\/valesafety.com.pe\/index.php?rest_route=%2Fwp%2Fv2%2Fproduct_tag&post=4485"}],"curies":[{"name":"wp","href":"https:\/\/api.w.org\/{rel}","templated":true}]}}