{"id":4484,"date":"2026-04-23T22:31:10","date_gmt":"2026-04-23T20:31:10","guid":{"rendered":"http:\/\/localhost\/borrador\/?post_type=product&#038;p=4484"},"modified":"2026-05-06T12:16:43","modified_gmt":"2026-05-06T17:16:43","slug":"arnes-milenium-a-cremallera-textil","status":"publish","type":"product","link":"https:\/\/valesafety.com.pe\/?product=arnes-milenium-a-cremallera-textil","title":{"rendered":"Arn\u00e9s Milenium a Cremallera Textil"},"content":{"rendered":"<h2 class=\"page-title\"><span class=\"base\" data-ui-id=\"page-title-wrapper\">Arn\u00e9s Milenium a Cremallera Textil<\/span><\/h2>\n<ul>\n<li>Regulaci\u00f3n de altura de 3 posiciones y banda de nuca de 2 posiciones.<\/li>\n<li>Mayor profundidad en la banda de nuca lo que genera una mejor sujeci\u00f3n,<br \/>\npudiendo evitar el uso de mentonera.<\/li>\n<li>Tres bandas textiles aseguran una perfecta conformaci\u00f3n a la cabeza.<\/li>\n<li>Banda frontal en tela sint\u00e9tica perforada para absorci\u00f3n de transpiraci\u00f3n (sudadera);<br \/>\nes desmontable, lavable y puede ser reemplazada por un repuesto.<\/li>\n<li>Caja Cerrada: 20 unidades.<\/li>\n<\/ul>\n<p>Necesitas m\u00e1s productos encu\u00e9ntralos en nuestra <a href=\"https:\/\/valesafety.com.pe\/tienda\">tienda\u00a0<\/a><\/p>\n<p>Para m\u00e1s informaci\u00f3n sobre este y otros productos, no dudes en contactarnos por\u00a0<a href=\"http:\/\/wa.me\/51923151009\" target=\"_blank\" rel=\"noopener\">WhatsApp<\/a>.<\/p>\n","protected":false},"excerpt":{"rendered":"<p class=\"page-title\"><span class=\"base\" data-ui-id=\"page-title-wrapper\">Arn\u00e9s Milenium a Cremallera Textil arn\u00e9s especialmente dise\u00f1ado para su integraci\u00f3n con los cascos LIBUS MILENIUM, garantizando un ajuste seguro y c\u00f3modo para el usuario.<\/span><\/p>\n","protected":false},"featured_media":4550,"comment_status":"closed","ping_status":"closed","template":"","meta":{"_acf_changed":false},"product_brand":[31],"product_cat":[70,46],"product_tag":[],"class_list":{"0":"post-4484","1":"product","2":"type-product","3":"status-publish","4":"has-post-thumbnail","6":"product_brand-libus","7":"product_cat-accesorios-y-repuestos","8":"product_cat-casco-de-seguridad","10":"first","11":"instock","12":"shipping-taxable","13":"purchasable","14":"product-type-simple"},"acf":[],"_links":{"self":[{"href":"https:\/\/valesafety.com.pe\/index.php?rest_route=\/wp\/v2\/product\/4484","targetHints":{"allow":["GET"]}}],"collection":[{"href":"https:\/\/valesafety.com.pe\/index.php?rest_route=\/wp\/v2\/product"}],"about":[{"href":"https:\/\/valesafety.com.pe\/index.php?rest_route=\/wp\/v2\/types\/product"}],"replies":[{"embeddable":true,"href":"https:\/\/valesafety.com.pe\/index.php?rest_route=%2Fwp%2Fv2%2Fcomments&post=4484"}],"wp:featuredmedia":[{"embeddable":true,"href":"https:\/\/valesafety.com.pe\/index.php?rest_route=\/wp\/v2\/media\/4550"}],"wp:attachment":[{"href":"https:\/\/valesafety.com.pe\/index.php?rest_route=%2Fwp%2Fv2%2Fmedia&parent=4484"}],"wp:term":[{"taxonomy":"product_brand","embeddable":true,"href":"https:\/\/valesafety.com.pe\/index.php?rest_route=%2Fwp%2Fv2%2Fproduct_brand&post=4484"},{"taxonomy":"product_cat","embeddable":true,"href":"https:\/\/valesafety.com.pe\/index.php?rest_route=%2Fwp%2Fv2%2Fproduct_cat&post=4484"},{"taxonomy":"product_tag","embeddable":true,"href":"https:\/\/valesafety.com.pe\/index.php?rest_route=%2Fwp%2Fv2%2Fproduct_tag&post=4484"}],"curies":[{"name":"wp","href":"https:\/\/api.w.org\/{rel}","templated":true}]}}