{"id":4483,"date":"2026-04-23T22:31:10","date_gmt":"2026-04-23T20:31:10","guid":{"rendered":"http:\/\/localhost\/borrador\/?post_type=product&#038;p=4483"},"modified":"2026-04-29T16:05:45","modified_gmt":"2026-04-29T21:05:45","slug":"casco-milenium-full-brim-slot","status":"publish","type":"product","link":"https:\/\/valesafety.com.pe\/?product=casco-milenium-full-brim-slot","title":{"rendered":"Casco Milenium Full Brim Slot"},"content":{"rendered":"<h2>Casco Milenium Full Brim Slot<\/h2>\n<ul>\n<li>Modelo de ala completa.<\/li>\n<li>Casco de seguridad industrial orientado a miner\u00eda y petr\u00f3leo.<\/li>\n<li>Fabricado en Polietileno, se distingue por su excelente terminaci\u00f3n y moderno dise\u00f1o.<\/li>\n<li>Integrado con un soporte frontal para montaje de la l\u00e1mpara minera. Este soporte es parte<br \/>\nde la carcasa, est\u00e1 inyectado en el proceso de fabricaci\u00f3n ( no est\u00e1 soldado ni atornillado).<\/li>\n<\/ul>\n<p>Necesitas m\u00e1s productos encu\u00e9ntralos en nuestra <a href=\"https:\/\/valesafety.com.pe\/tienda\">tienda\u00a0<\/a><\/p>\n<p>Para m\u00e1s informaci\u00f3n sobre este y otros productos, no dudes en contactarnos por\u00a0<a href=\"http:\/\/wa.me\/51923151009\" target=\"_blank\" rel=\"noopener\">WhatsApp<\/a>.<\/p>\n","protected":false},"excerpt":{"rendered":"<p>Casco Milenium Full Brim Slot casco de seguridad con slot para lampara dise\u00f1ado para proteger la cabeza del impacto de objetos que caen libremente. Ideal para utilizar en ambientes de trabajo muy exigentes. Una excelente soluci\u00f3n de seguridad para personas que trabajan expuestos a ambientes de alto riesgo.<\/p>\n<p><strong>No incluye arn\u00e9s.<\/strong><\/p>\n","protected":false},"featured_media":4549,"comment_status":"closed","ping_status":"closed","template":"","meta":{"_acf_changed":false},"product_brand":[],"product_cat":[46,74],"product_tag":[207,210],"class_list":{"0":"post-4483","1":"product","2":"type-product","3":"status-publish","4":"has-post-thumbnail","6":"product_cat-casco-de-seguridad","7":"product_cat-cascos-de-seguridad","8":"product_tag-casco-de-seguridad","9":"product_tag-casco-minero","11":"first","12":"instock","13":"shipping-taxable","14":"purchasable","15":"product-type-simple"},"acf":[],"_links":{"self":[{"href":"https:\/\/valesafety.com.pe\/index.php?rest_route=\/wp\/v2\/product\/4483","targetHints":{"allow":["GET"]}}],"collection":[{"href":"https:\/\/valesafety.com.pe\/index.php?rest_route=\/wp\/v2\/product"}],"about":[{"href":"https:\/\/valesafety.com.pe\/index.php?rest_route=\/wp\/v2\/types\/product"}],"replies":[{"embeddable":true,"href":"https:\/\/valesafety.com.pe\/index.php?rest_route=%2Fwp%2Fv2%2Fcomments&post=4483"}],"wp:featuredmedia":[{"embeddable":true,"href":"https:\/\/valesafety.com.pe\/index.php?rest_route=\/wp\/v2\/media\/4549"}],"wp:attachment":[{"href":"https:\/\/valesafety.com.pe\/index.php?rest_route=%2Fwp%2Fv2%2Fmedia&parent=4483"}],"wp:term":[{"taxonomy":"product_brand","embeddable":true,"href":"https:\/\/valesafety.com.pe\/index.php?rest_route=%2Fwp%2Fv2%2Fproduct_brand&post=4483"},{"taxonomy":"product_cat","embeddable":true,"href":"https:\/\/valesafety.com.pe\/index.php?rest_route=%2Fwp%2Fv2%2Fproduct_cat&post=4483"},{"taxonomy":"product_tag","embeddable":true,"href":"https:\/\/valesafety.com.pe\/index.php?rest_route=%2Fwp%2Fv2%2Fproduct_tag&post=4483"}],"curies":[{"name":"wp","href":"https:\/\/api.w.org\/{rel}","templated":true}]}}