{"id":4482,"date":"2026-04-23T22:31:10","date_gmt":"2026-04-23T20:31:10","guid":{"rendered":"http:\/\/localhost\/borrador\/?post_type=product&#038;p=4482"},"modified":"2026-05-06T15:05:36","modified_gmt":"2026-05-06T20:05:36","slug":"casco-milenium-class-libus","status":"publish","type":"product","link":"https:\/\/valesafety.com.pe\/?product=casco-milenium-class-libus","title":{"rendered":"Casco Milenium Class Libus"},"content":{"rendered":"<h2>Casco Milenium Class Libus<\/h2>\n<ul>\n<li>Dise\u00f1o modular que permite el montaje de productos de protecci\u00f3n facial, auditiva, ocular y soldadura.<\/li>\n<li>Fabricado en polietileno se distingue por su moderno dise\u00f1o y excelente terminaci\u00f3n.<\/li>\n<li>Hebilla trasera para anclaje de mentonera de 3 puntos.<\/li>\n<li>Visera frontal de 3.5 cm que permite una \u00f3ptima visi\u00f3n superior manteniendo las prestaciones de seguridad.<\/li>\n<li>Suspensiones disponibles de 6 u 8 puntos de anclaje; fabricada en polietileno.<\/li>\n<\/ul>\n<p>Necesitas m\u00e1s productos encu\u00e9ntralos en nuestra <a href=\"https:\/\/valesafety.com.pe\/tienda\">tienda\u00a0<\/a><\/p>\n<p>Para m\u00e1s informaci\u00f3n sobre este y otros productos, no dudes en contactarnos por\u00a0<a href=\"http:\/\/wa.me\/51923151009\" target=\"_blank\" rel=\"noopener\">WhatsApp<\/a>.<\/p>\n","protected":false},"excerpt":{"rendered":"<p>Casco Milenium Class Libus dise\u00f1ado para proteger la cabeza del impacto de objetos que caen libremente. Est\u00e1 dise\u00f1ado para brindarte protecci\u00f3n contra objetos que caen libremente. Adem\u00e1s incluye ranuras y clips compatibles con una amplia gama de protectores faciales, auditivos y otros accesorios, adapt\u00e1ndose a tus necesidades espec\u00edficas.<br \/>\n<strong>No incluye arn\u00e9s.<\/strong><\/p>\n","protected":false},"featured_media":4548,"comment_status":"closed","ping_status":"closed","template":"","meta":{"_acf_changed":false},"product_brand":[31],"product_cat":[46,74],"product_tag":[],"class_list":{"0":"post-4482","1":"product","2":"type-product","3":"status-publish","4":"has-post-thumbnail","6":"product_brand-libus","7":"product_cat-casco-de-seguridad","8":"product_cat-cascos-de-seguridad","10":"first","11":"instock","12":"shipping-taxable","13":"purchasable","14":"product-type-simple"},"acf":[],"_links":{"self":[{"href":"https:\/\/valesafety.com.pe\/index.php?rest_route=\/wp\/v2\/product\/4482","targetHints":{"allow":["GET"]}}],"collection":[{"href":"https:\/\/valesafety.com.pe\/index.php?rest_route=\/wp\/v2\/product"}],"about":[{"href":"https:\/\/valesafety.com.pe\/index.php?rest_route=\/wp\/v2\/types\/product"}],"replies":[{"embeddable":true,"href":"https:\/\/valesafety.com.pe\/index.php?rest_route=%2Fwp%2Fv2%2Fcomments&post=4482"}],"wp:featuredmedia":[{"embeddable":true,"href":"https:\/\/valesafety.com.pe\/index.php?rest_route=\/wp\/v2\/media\/4548"}],"wp:attachment":[{"href":"https:\/\/valesafety.com.pe\/index.php?rest_route=%2Fwp%2Fv2%2Fmedia&parent=4482"}],"wp:term":[{"taxonomy":"product_brand","embeddable":true,"href":"https:\/\/valesafety.com.pe\/index.php?rest_route=%2Fwp%2Fv2%2Fproduct_brand&post=4482"},{"taxonomy":"product_cat","embeddable":true,"href":"https:\/\/valesafety.com.pe\/index.php?rest_route=%2Fwp%2Fv2%2Fproduct_cat&post=4482"},{"taxonomy":"product_tag","embeddable":true,"href":"https:\/\/valesafety.com.pe\/index.php?rest_route=%2Fwp%2Fv2%2Fproduct_tag&post=4482"}],"curies":[{"name":"wp","href":"https:\/\/api.w.org\/{rel}","templated":true}]}}