{"id":4468,"date":"2026-04-23T22:30:38","date_gmt":"2026-04-23T20:30:38","guid":{"rendered":"http:\/\/localhost\/borrador\/?post_type=product&#038;p=4468"},"modified":"2026-05-06T16:18:49","modified_gmt":"2026-05-06T21:18:49","slug":"gorras-con-casquete-plastico-libus","status":"publish","type":"product","link":"https:\/\/valesafety.com.pe\/?product=gorras-con-casquete-plastico-libus","title":{"rendered":"Gorras con Casquete Pl\u00e1stico Libus"},"content":{"rendered":"<h2>Gorras con Casquete Pl\u00e1stico Libus<\/h2>\n<ul>\n<li>T\u00edpicamente utilizada en ambientes de trabajo d\u00f3nde el usuario est\u00e1 en contacto con herramental o maquinaria est\u00e1tica y pueda golpearse la cabeza.<\/li>\n<li>Casquete pl\u00e1stico de policarbonato con almohadillas soft interna y externa para absorci\u00f3n de golpes.<\/li>\n<li>Visera est\u00e1ndar de 6 cm.<\/li>\n<li>Gorra textil deportiva con malla de ventilaci\u00f3n y aplique de material reflectivo en las solapas de ajuste.<\/li>\n<li>Tafilete absorbente de la transpiraci\u00f3n en todo el contorno de la cabeza.<\/li>\n<li>Ergon\u00f3mico y confortable.<\/li>\n<li>Desmontable.<\/li>\n<li>Tama\u00f1o \u00fanico con ajuste de medida (54 a 59 cm) por bandas de nuca con hebilla o velcro.<\/li>\n<\/ul>\n<h3><strong>ADVERTENCIA: NO ES UN CASCO DE SEGURIDAD.<\/strong><\/h3>\n<ul>\n<li>NO cumple con los requisitos de OSHA o ANSI\/ISEA Z89.1 para protecci\u00f3n craneana.<\/li>\n<li>NO brinda protecci\u00f3n contra impactos por ca\u00edda de objetos.<\/li>\n<li>Recomendada en actividades donde la protecci\u00f3n ANSI\/ISEA Z89.1 no es requerida ni necesaria.<\/li>\n<\/ul>\n<p>Necesitas m\u00e1s productos encu\u00e9ntralos en nuestra <a href=\"https:\/\/valesafety.com.pe\/tienda\">tienda\u00a0<\/a><\/p>\n<p>Para m\u00e1s informaci\u00f3n sobre este y otros productos, no dudes en contactarnos por\u00a0<a href=\"http:\/\/wa.me\/51923151009\" target=\"_blank\" rel=\"noopener\">WhatsApp<\/a>.<\/p>\n","protected":false},"excerpt":{"rendered":"<p>Gorras con Casquete Pl\u00e1stico\u00a0est\u00e1 dise\u00f1ado espec\u00edficamente para brindar protecci\u00f3n al cuero cabelludo, resguard\u00e1ndolo de posibles raspaduras, cortes o lesiones ocasionadas por golpes o impactos leves en la cabeza. Su dise\u00f1o garantiza una capa adicional de seguridad, ideal para entornos donde los riesgos de contacto con objetos son frecuentes, ofreciendo comodidad y confianza durante su uso.<\/p>\n","protected":false},"featured_media":4530,"comment_status":"closed","ping_status":"closed","template":"","meta":{"_acf_changed":false},"product_brand":[31],"product_cat":[46,75],"product_tag":[346,347],"class_list":{"0":"post-4468","1":"product","2":"type-product","3":"status-publish","4":"has-post-thumbnail","6":"product_brand-libus","7":"product_cat-casco-de-seguridad","8":"product_cat-gorra-con-casquetes","9":"product_tag-gorras-de-seguridad","10":"product_tag-proteccion-de-cabeza","12":"first","13":"instock","14":"shipping-taxable","15":"purchasable","16":"product-type-simple"},"acf":[],"_links":{"self":[{"href":"https:\/\/valesafety.com.pe\/index.php?rest_route=\/wp\/v2\/product\/4468","targetHints":{"allow":["GET"]}}],"collection":[{"href":"https:\/\/valesafety.com.pe\/index.php?rest_route=\/wp\/v2\/product"}],"about":[{"href":"https:\/\/valesafety.com.pe\/index.php?rest_route=\/wp\/v2\/types\/product"}],"replies":[{"embeddable":true,"href":"https:\/\/valesafety.com.pe\/index.php?rest_route=%2Fwp%2Fv2%2Fcomments&post=4468"}],"wp:featuredmedia":[{"embeddable":true,"href":"https:\/\/valesafety.com.pe\/index.php?rest_route=\/wp\/v2\/media\/4530"}],"wp:attachment":[{"href":"https:\/\/valesafety.com.pe\/index.php?rest_route=%2Fwp%2Fv2%2Fmedia&parent=4468"}],"wp:term":[{"taxonomy":"product_brand","embeddable":true,"href":"https:\/\/valesafety.com.pe\/index.php?rest_route=%2Fwp%2Fv2%2Fproduct_brand&post=4468"},{"taxonomy":"product_cat","embeddable":true,"href":"https:\/\/valesafety.com.pe\/index.php?rest_route=%2Fwp%2Fv2%2Fproduct_cat&post=4468"},{"taxonomy":"product_tag","embeddable":true,"href":"https:\/\/valesafety.com.pe\/index.php?rest_route=%2Fwp%2Fv2%2Fproduct_tag&post=4468"}],"curies":[{"name":"wp","href":"https:\/\/api.w.org\/{rel}","templated":true}]}}