{"id":4466,"date":"2026-04-23T22:30:38","date_gmt":"2026-04-23T20:30:38","guid":{"rendered":"http:\/\/localhost\/borrador\/?post_type=product&#038;p=4466"},"modified":"2026-05-06T12:19:38","modified_gmt":"2026-05-06T17:19:38","slug":"barbiquejo-con-mentonera-libus-3-puntos","status":"publish","type":"product","link":"https:\/\/valesafety.com.pe\/?product=barbiquejo-con-mentonera-libus-3-puntos","title":{"rendered":"Barbiquejo con mentonera libus 3 puntos"},"content":{"rendered":"<h2 class=\"indIKd q23Yce fA1vYb cS4Vcb-pGL6qe-fwJd0c\">Barbiquejo con mentonera libus<\/h2>\n<ul>\n<li>Pieza de ment\u00f3n ergon\u00f3mica inyectada.<\/li>\n<li>Banda textil en poli\u00e9ster no elastizada de 15 mm.<\/li>\n<li>Regulaci\u00f3n mediante hebilla pl\u00e1stica.<\/li>\n<li>Anclaje al casco con gancho pl\u00e1stico tipo fusible.<\/li>\n<li>No tiene piezas met\u00e1licas por lo que no altera la clasificaci\u00f3n diel\u00e9ctrica del casco.<\/li>\n<li>3 puntos de fijaci\u00f3n al casco para mayor inmovilizaci\u00f3n del mismo a la cabeza.<\/li>\n<li>Recomendada para trabajos en altura.<\/li>\n<\/ul>\n<p>Necesitas m\u00e1s productos encu\u00e9ntralos en nuestra <a href=\"https:\/\/valesafety.com.pe\/tienda\">tienda\u00a0<\/a><\/p>\n<p>Para m\u00e1s informaci\u00f3n sobre este y otros productos, no dudes en contactarnos por\u00a0<a href=\"http:\/\/wa.me\/51923151009\" target=\"_blank\" rel=\"noopener\">WhatsApp<\/a>.<\/p>\n","protected":false},"excerpt":{"rendered":"<p class=\"indIKd q23Yce fA1vYb cS4Vcb-pGL6qe-fwJd0c\">Barbiquejo con Mentonera Libus mentonera para casco de seguridad dise\u00f1ada para soltarse ante una situaci\u00f3n que lo requiera, evitando el estrangulamiento.<\/p>\n","protected":false},"featured_media":4528,"comment_status":"closed","ping_status":"closed","template":"","meta":{"_acf_changed":false},"product_brand":[31],"product_cat":[72],"product_tag":[344],"class_list":{"0":"post-4466","1":"product","2":"type-product","3":"status-publish","4":"has-post-thumbnail","6":"product_brand-libus","7":"product_cat-barbiquejo","8":"product_tag-barbiquejo-con-mentonera","10":"first","11":"instock","12":"shipping-taxable","13":"purchasable","14":"product-type-simple"},"acf":[],"_links":{"self":[{"href":"https:\/\/valesafety.com.pe\/index.php?rest_route=\/wp\/v2\/product\/4466","targetHints":{"allow":["GET"]}}],"collection":[{"href":"https:\/\/valesafety.com.pe\/index.php?rest_route=\/wp\/v2\/product"}],"about":[{"href":"https:\/\/valesafety.com.pe\/index.php?rest_route=\/wp\/v2\/types\/product"}],"replies":[{"embeddable":true,"href":"https:\/\/valesafety.com.pe\/index.php?rest_route=%2Fwp%2Fv2%2Fcomments&post=4466"}],"wp:featuredmedia":[{"embeddable":true,"href":"https:\/\/valesafety.com.pe\/index.php?rest_route=\/wp\/v2\/media\/4528"}],"wp:attachment":[{"href":"https:\/\/valesafety.com.pe\/index.php?rest_route=%2Fwp%2Fv2%2Fmedia&parent=4466"}],"wp:term":[{"taxonomy":"product_brand","embeddable":true,"href":"https:\/\/valesafety.com.pe\/index.php?rest_route=%2Fwp%2Fv2%2Fproduct_brand&post=4466"},{"taxonomy":"product_cat","embeddable":true,"href":"https:\/\/valesafety.com.pe\/index.php?rest_route=%2Fwp%2Fv2%2Fproduct_cat&post=4466"},{"taxonomy":"product_tag","embeddable":true,"href":"https:\/\/valesafety.com.pe\/index.php?rest_route=%2Fwp%2Fv2%2Fproduct_tag&post=4466"}],"curies":[{"name":"wp","href":"https:\/\/api.w.org\/{rel}","templated":true}]}}