{"id":4464,"date":"2026-04-23T22:30:38","date_gmt":"2026-04-23T20:30:38","guid":{"rendered":"http:\/\/localhost\/borrador\/?post_type=product&#038;p=4464"},"modified":"2026-05-06T17:12:44","modified_gmt":"2026-05-06T22:12:44","slug":"lampara-solar-de-barricada-para-cono","status":"publish","type":"product","link":"https:\/\/valesafety.com.pe\/?product=lampara-solar-de-barricada-para-cono","title":{"rendered":"Lampara Solar de Barricada para Cono"},"content":{"rendered":"<h2>Lampara Solar de Barricada para Cono<\/h2>\n<ul>\n<li>Alto: 380 mm<\/li>\n<li>Cantidad de LED: 6 piezas<\/li>\n<li>Peso: 336 gramos<\/li>\n<li>Funci\u00f3n: Luz de noche<\/li>\n<li>Adicional: Panel Solar<\/li>\n<li>Colores: \u00c1mbar y rojo<\/li>\n<li>Suministro de energ\u00eda: 2 bater\u00edas recargables AA NI-H 1.2V.<\/li>\n<li>Aplicaci\u00f3n: Para conos de tr\u00e1fico.<\/li>\n<\/ul>\n<p>Necesitas m\u00e1s productos encu\u00e9ntralos en nuestra <a href=\"https:\/\/valesafety.com.pe\/tienda\">tienda\u00a0<\/a><\/p>\n<p>Para m\u00e1s informaci\u00f3n sobre este y otros productos, no dudes en contactarnos por\u00a0<a href=\"http:\/\/wa.me\/51923151009\" target=\"_blank\" rel=\"noopener\">WhatsApp<\/a>.<\/p>\n","protected":false},"excerpt":{"rendered":"<p>Lampara Solar de Barricada para Cono l\u00e1mpara de se\u00f1alizaci\u00f3n o emergencia dise\u00f1ada para delimitar espacios. Este modelo est\u00e1 pensado para instalarse en un cono de carretera o para colgarse, ya que cuenta con un accesorio en la parte superior que permite su sujeci\u00f3n mediante un gancho o brida.<\/p>\n","protected":false},"featured_media":4526,"comment_status":"closed","ping_status":"closed","template":"","meta":{"_acf_changed":false},"product_brand":[40],"product_cat":[64],"product_tag":[342,343],"class_list":{"0":"post-4464","1":"product","2":"type-product","3":"status-publish","4":"has-post-thumbnail","6":"product_brand-sikurnost","7":"product_cat-proteccion-vial","8":"product_tag-lampara-led","9":"product_tag-lampara-para-cono","11":"first","12":"instock","13":"shipping-taxable","14":"purchasable","15":"product-type-simple"},"acf":[],"_links":{"self":[{"href":"https:\/\/valesafety.com.pe\/index.php?rest_route=\/wp\/v2\/product\/4464","targetHints":{"allow":["GET"]}}],"collection":[{"href":"https:\/\/valesafety.com.pe\/index.php?rest_route=\/wp\/v2\/product"}],"about":[{"href":"https:\/\/valesafety.com.pe\/index.php?rest_route=\/wp\/v2\/types\/product"}],"replies":[{"embeddable":true,"href":"https:\/\/valesafety.com.pe\/index.php?rest_route=%2Fwp%2Fv2%2Fcomments&post=4464"}],"wp:featuredmedia":[{"embeddable":true,"href":"https:\/\/valesafety.com.pe\/index.php?rest_route=\/wp\/v2\/media\/4526"}],"wp:attachment":[{"href":"https:\/\/valesafety.com.pe\/index.php?rest_route=%2Fwp%2Fv2%2Fmedia&parent=4464"}],"wp:term":[{"taxonomy":"product_brand","embeddable":true,"href":"https:\/\/valesafety.com.pe\/index.php?rest_route=%2Fwp%2Fv2%2Fproduct_brand&post=4464"},{"taxonomy":"product_cat","embeddable":true,"href":"https:\/\/valesafety.com.pe\/index.php?rest_route=%2Fwp%2Fv2%2Fproduct_cat&post=4464"},{"taxonomy":"product_tag","embeddable":true,"href":"https:\/\/valesafety.com.pe\/index.php?rest_route=%2Fwp%2Fv2%2Fproduct_tag&post=4464"}],"curies":[{"name":"wp","href":"https:\/\/api.w.org\/{rel}","templated":true}]}}