{"id":4449,"date":"2026-04-23T22:30:06","date_gmt":"2026-04-23T20:30:06","guid":{"rendered":"http:\/\/localhost\/borrador\/?post_type=product&#038;p=4449"},"modified":"2026-05-06T15:07:39","modified_gmt":"2026-05-06T20:07:39","slug":"casco-stark-clute","status":"publish","type":"product","link":"https:\/\/valesafety.com.pe\/?product=casco-stark-clute","title":{"rendered":"Casco Stark Clute"},"content":{"rendered":"<h2>Casco Stark Clute<\/h2>\n<ul>\n<li>Fabricado en polietileno de alta densidad (HDPE)<\/li>\n<li>Suspensi\u00f3n de Nylon con ratchet (perilla) de 4 puntos para una mayor comodidad.<\/li>\n<li>Banda acolchada anti-sudor en la parte frontal.<\/li>\n<li>Dise\u00f1o modular que permite el montaje de productos de protecci\u00f3n facial, auditiva, ocular y de soldadura.<\/li>\n<li>4 puntos de apoyo para barbiquejos.<\/li>\n<li>Es de Tipo I y de Clase E.<\/li>\n<\/ul>\n<p>Necesitas m\u00e1s productos encuentralos en nuestra\u00a0<a href=\"https:\/\/valesafety.com.pe\/tienda\">tienda\u00a0<\/a><\/p>\n<p>Para m\u00e1s informaci\u00f3n sobre este y otros productos, no dudes en contactarnos por\u00a0<a href=\"http:\/\/wa.me\/51923151009\" target=\"_blank\" rel=\"noopener\">WhatsApp<\/a>.<\/p>\n","protected":false},"excerpt":{"rendered":"<p>Casco Stark Clute son fabricados en polietileno de alta densidad, otorgando resistencia al impacto y baja degradaci\u00f3n. Esta dise\u00f1ado para proteger la cabeza contra el impacto de objetos que caen libremente como en el caso de las construcciones, mineria y otros sectores. Combinado con la suspensi\u00f3n tipo perilla, cumple con la funci\u00f3n de reducci\u00f3n de la fuerza de impacto.<\/p>\n","protected":false},"featured_media":4510,"comment_status":"closed","ping_status":"closed","template":"","meta":{"_acf_changed":false},"product_brand":[26],"product_cat":[46,74],"product_tag":[],"class_list":{"0":"post-4449","1":"product","2":"type-product","3":"status-publish","4":"has-post-thumbnail","6":"product_brand-clute","7":"product_cat-casco-de-seguridad","8":"product_cat-cascos-de-seguridad","10":"first","11":"instock","12":"shipping-taxable","13":"purchasable","14":"product-type-simple"},"acf":[],"_links":{"self":[{"href":"https:\/\/valesafety.com.pe\/index.php?rest_route=\/wp\/v2\/product\/4449","targetHints":{"allow":["GET"]}}],"collection":[{"href":"https:\/\/valesafety.com.pe\/index.php?rest_route=\/wp\/v2\/product"}],"about":[{"href":"https:\/\/valesafety.com.pe\/index.php?rest_route=\/wp\/v2\/types\/product"}],"replies":[{"embeddable":true,"href":"https:\/\/valesafety.com.pe\/index.php?rest_route=%2Fwp%2Fv2%2Fcomments&post=4449"}],"wp:featuredmedia":[{"embeddable":true,"href":"https:\/\/valesafety.com.pe\/index.php?rest_route=\/wp\/v2\/media\/4510"}],"wp:attachment":[{"href":"https:\/\/valesafety.com.pe\/index.php?rest_route=%2Fwp%2Fv2%2Fmedia&parent=4449"}],"wp:term":[{"taxonomy":"product_brand","embeddable":true,"href":"https:\/\/valesafety.com.pe\/index.php?rest_route=%2Fwp%2Fv2%2Fproduct_brand&post=4449"},{"taxonomy":"product_cat","embeddable":true,"href":"https:\/\/valesafety.com.pe\/index.php?rest_route=%2Fwp%2Fv2%2Fproduct_cat&post=4449"},{"taxonomy":"product_tag","embeddable":true,"href":"https:\/\/valesafety.com.pe\/index.php?rest_route=%2Fwp%2Fv2%2Fproduct_tag&post=4449"}],"curies":[{"name":"wp","href":"https:\/\/api.w.org\/{rel}","templated":true}]}}