{"id":4448,"date":"2026-04-23T22:30:06","date_gmt":"2026-04-23T20:30:06","guid":{"rendered":"http:\/\/localhost\/borrador\/?post_type=product&#038;p=4448"},"modified":"2026-05-07T09:43:09","modified_gmt":"2026-05-07T14:43:09","slug":"overol-dt115-delta-plus","status":"publish","type":"product","link":"https:\/\/valesafety.com.pe\/?product=overol-dt115-delta-plus","title":{"rendered":"Overol DT115 Delta Plus"},"content":{"rendered":"<h2>Overol DT115 Delta Plus<\/h2>\n<ul>\n<li>Buzo con capucha el\u00e1stica. Tipo 5\/6<\/li>\n<li>No tejido microporoso laminado.<\/li>\n<li>Cierre por cremallera bajo solapa.<\/li>\n<li>El\u00e1stico de ajuste en la cabeza, en la cintura, las mu\u00f1ecas y en los tobillos.<\/li>\n<li>Es de un solo uso<\/li>\n<li>Viene en embalaje individual.<\/li>\n<li>No tejido microporoso laminado 60 g\/m\u00b2.<\/li>\n<li>Capucha de tres paneles<\/li>\n<\/ul>\n<h3>Certificaciones y\/o normas<\/h3>\n<ul>\n<li>Resistencia a la abrasi\u00f3n (EN530): Clase 3<\/li>\n<li>Resistencia de la rotura trapezoidal (EN ISO9073-4): Clase 2<\/li>\n<li>Resistencia a las roturas (EN ISO 13934-1): Clase 1<\/li>\n<li>Resistencia a la perforaci\u00f3n (EN 863): Clase 1<\/li>\n<li>Resistencia a la fisura por flexi\u00f3n (EN 7854): Clase 4<\/li>\n<\/ul>\n<p>Necesitas m\u00e1s productos encu\u00e9ntralos en nuestra <a href=\"https:\/\/valesafety.com.pe\/tienda\">tienda\u00a0<\/a><\/p>\n<p>Para m\u00e1s informaci\u00f3n sobre este y otros productos, no dudes en contactarnos por\u00a0<a href=\"http:\/\/wa.me\/51923151009\" target=\"_blank\" rel=\"noopener\">WhatsApp<\/a>.<\/p>\n","protected":false},"excerpt":{"rendered":"<p class=\"\" data-start=\"622\" data-end=\"1001\">El overol DT115 para protecci\u00f3n qu\u00edmica es el buzo de protecci\u00f3n qu\u00edmica DT115 es una prenda desechable de tipo 5 , dise\u00f1ada para ofrecer protecci\u00f3n contra part\u00edculas secas y contaminantes en entornos industriales exigentes. Su tejido ligero y transpirable mejora la comodidad en jornadas prolongadas, mientras que su dise\u00f1o antiest\u00e1tico minimiza el riesgo de acumulaci\u00f3n de cargas en ambientes controlados.<\/p>\n<p class=\"\" data-start=\"1003\" data-end=\"1257\">Este buzo cuenta con una capucha fija , cierre frontal con cremallera, solapa y velcro , garantizando un sellado eficaz contra agentes externos. Est\u00e1 fabricado sin silicona ni l\u00e1tex, lo que lo hace seguro para usuarios sensibles a estos materiales.<\/p>\n","protected":false},"featured_media":4509,"comment_status":"closed","ping_status":"closed","template":"","meta":{"_acf_changed":false},"product_brand":[27],"product_cat":[110,66,67],"product_tag":[340,341],"class_list":{"0":"post-4448","1":"product","2":"type-product","3":"status-publish","4":"has-post-thumbnail","6":"product_brand-deltaplus","7":"product_cat-overol","8":"product_cat-ropa-de-seguridad","9":"product_cat-ropa-de-trabajo","10":"product_tag-delta-plus","11":"product_tag-proteccion-corporal","13":"first","14":"instock","15":"shipping-taxable","16":"purchasable","17":"product-type-simple"},"acf":[],"_links":{"self":[{"href":"https:\/\/valesafety.com.pe\/index.php?rest_route=\/wp\/v2\/product\/4448","targetHints":{"allow":["GET"]}}],"collection":[{"href":"https:\/\/valesafety.com.pe\/index.php?rest_route=\/wp\/v2\/product"}],"about":[{"href":"https:\/\/valesafety.com.pe\/index.php?rest_route=\/wp\/v2\/types\/product"}],"replies":[{"embeddable":true,"href":"https:\/\/valesafety.com.pe\/index.php?rest_route=%2Fwp%2Fv2%2Fcomments&post=4448"}],"wp:featuredmedia":[{"embeddable":true,"href":"https:\/\/valesafety.com.pe\/index.php?rest_route=\/wp\/v2\/media\/4509"}],"wp:attachment":[{"href":"https:\/\/valesafety.com.pe\/index.php?rest_route=%2Fwp%2Fv2%2Fmedia&parent=4448"}],"wp:term":[{"taxonomy":"product_brand","embeddable":true,"href":"https:\/\/valesafety.com.pe\/index.php?rest_route=%2Fwp%2Fv2%2Fproduct_brand&post=4448"},{"taxonomy":"product_cat","embeddable":true,"href":"https:\/\/valesafety.com.pe\/index.php?rest_route=%2Fwp%2Fv2%2Fproduct_cat&post=4448"},{"taxonomy":"product_tag","embeddable":true,"href":"https:\/\/valesafety.com.pe\/index.php?rest_route=%2Fwp%2Fv2%2Fproduct_tag&post=4448"}],"curies":[{"name":"wp","href":"https:\/\/api.w.org\/{rel}","templated":true}]}}