{"id":4447,"date":"2026-04-23T22:30:06","date_gmt":"2026-04-23T20:30:06","guid":{"rendered":"http:\/\/localhost\/borrador\/?post_type=product&#038;p=4447"},"modified":"2026-05-06T15:40:06","modified_gmt":"2026-05-06T20:40:06","slug":"cinta-reflectiva-grado-ingenieria","status":"publish","type":"product","link":"https:\/\/valesafety.com.pe\/?product=cinta-reflectiva-grado-ingenieria","title":{"rendered":"Cinta Reflectiva Grado Ingenier\u00eda"},"content":{"rendered":"<h2>Cinta Reflectiva Grado Ingenier\u00eda:<\/h2>\n<ul>\n<li>Medida: 61 cm x 45.7 m<\/li>\n<li>Peso: 10.7 kg<\/li>\n<li>Material: PET<\/li>\n<li>Duraci\u00f3n: 3 a\u00f1os<\/li>\n<li>Color: Varios (blanco, amarillo, naranja, etc)<\/li>\n<\/ul>\n<p>Ideal para utilizar en paneles de tr\u00e1nsito y se\u00f1al\u00e9ticas en \u00e1reas de construcci\u00f3n.<\/p>\n<p>Certificado ASTM D4956 TYPE I<\/p>\n<p>Necesitas m\u00e1s productos encu\u00e9ntralos en nuestra <a href=\"https:\/\/valesafety.com.pe\/tienda\">tienda\u00a0<\/a><\/p>\n<p>Para m\u00e1s informaci\u00f3n sobre este y otros productos, no dudes en contactarnos por\u00a0<a href=\"http:\/\/wa.me\/51923151009\" target=\"_blank\" rel=\"noopener\">WhatsApp<\/a>.<\/p>\n","protected":false},"excerpt":{"rendered":"<div class=\"accordion__content\">\n<p class=\"lead\">Es una l\u00e1mina reflectiva de grado Ingenier\u00eda para se\u00f1alizaci\u00f3n vial para ser usada en la intemperie. La l\u00e1mina consta de un encapsulamiento de las micro esferas (capa reflectiva) por medio de un recubrimiento continuo y delgado con una capa metalizada.<\/p>\n<\/div>\n<p>&nbsp;<\/p>\n","protected":false},"featured_media":4508,"comment_status":"closed","ping_status":"closed","template":"","meta":{"_acf_changed":false},"product_brand":[627],"product_cat":[64],"product_tag":[],"class_list":{"0":"post-4447","1":"product","2":"type-product","3":"status-publish","4":"has-post-thumbnail","6":"product_brand-galo","7":"product_cat-proteccion-vial","9":"first","10":"instock","11":"shipping-taxable","12":"purchasable","13":"product-type-simple"},"acf":[],"_links":{"self":[{"href":"https:\/\/valesafety.com.pe\/index.php?rest_route=\/wp\/v2\/product\/4447","targetHints":{"allow":["GET"]}}],"collection":[{"href":"https:\/\/valesafety.com.pe\/index.php?rest_route=\/wp\/v2\/product"}],"about":[{"href":"https:\/\/valesafety.com.pe\/index.php?rest_route=\/wp\/v2\/types\/product"}],"replies":[{"embeddable":true,"href":"https:\/\/valesafety.com.pe\/index.php?rest_route=%2Fwp%2Fv2%2Fcomments&post=4447"}],"wp:featuredmedia":[{"embeddable":true,"href":"https:\/\/valesafety.com.pe\/index.php?rest_route=\/wp\/v2\/media\/4508"}],"wp:attachment":[{"href":"https:\/\/valesafety.com.pe\/index.php?rest_route=%2Fwp%2Fv2%2Fmedia&parent=4447"}],"wp:term":[{"taxonomy":"product_brand","embeddable":true,"href":"https:\/\/valesafety.com.pe\/index.php?rest_route=%2Fwp%2Fv2%2Fproduct_brand&post=4447"},{"taxonomy":"product_cat","embeddable":true,"href":"https:\/\/valesafety.com.pe\/index.php?rest_route=%2Fwp%2Fv2%2Fproduct_cat&post=4447"},{"taxonomy":"product_tag","embeddable":true,"href":"https:\/\/valesafety.com.pe\/index.php?rest_route=%2Fwp%2Fv2%2Fproduct_tag&post=4447"}],"curies":[{"name":"wp","href":"https:\/\/api.w.org\/{rel}","templated":true}]}}