{"id":4446,"date":"2026-04-23T22:30:06","date_gmt":"2026-04-23T20:30:06","guid":{"rendered":"http:\/\/localhost\/borrador\/?post_type=product&#038;p=4446"},"modified":"2026-05-07T10:52:49","modified_gmt":"2026-05-07T15:52:49","slug":"vara-luminosa-de-transito-galo","status":"publish","type":"product","link":"https:\/\/valesafety.com.pe\/?product=vara-luminosa-de-transito-galo","title":{"rendered":"Vara Luminosa de Tr\u00e1nsito Galo"},"content":{"rendered":"<h2>Vara Luminosa de Tr\u00e1nsito<\/h2>\n<div class=\"accordion__content\">\n<ul>\n<li class=\"lead\">Con 2 funciones (juego luminoso).<\/li>\n<li class=\"lead\">Color: rojo y verde<\/li>\n<li class=\"lead\">Energ\u00eda: 2 pilas D<\/li>\n<li>Vara luminosa resistente a golpes<\/li>\n<li>Fabricado en policarbonato<\/li>\n<\/ul>\n<\/div>\n<h3>Empleo:<\/h3>\n<p>Dise\u00f1ada para entornos con poca iluminaci\u00f3n como minas, construcci\u00f3n y otros campos relacionados., en control de tr\u00e1fico nocturno, en zonas de construcci\u00f3n, en controladores de tr\u00e1fico de pistas de aterrizaje.<\/p>\n<p>Necesitas m\u00e1s productos encu\u00e9ntralos en nuestra <a href=\"https:\/\/valesafety.com.pe\/tienda\">tienda\u00a0<\/a><\/p>\n<p>Para m\u00e1s informaci\u00f3n sobre este y otros productos, no dudes en contactarnos por\u00a0<a href=\"http:\/\/wa.me\/51923151009\" target=\"_blank\" rel=\"noopener\">WhatsApp<\/a>.<\/p>\n","protected":false},"excerpt":{"rendered":"<p>La vara luminosa de tr\u00e1nsito es una herramienta de se\u00f1alizaci\u00f3n visual que se utiliza para dirigir y controlar el tr\u00e1fico en donde se necesita una se\u00f1alizaci\u00f3n clara. Es dise\u00f1ada para se altamente visible gracias a la iluminaci\u00f3n LED como el color rojo.<\/p>\n","protected":false},"featured_media":4507,"comment_status":"closed","ping_status":"closed","template":"","meta":{"_acf_changed":false},"product_brand":[627],"product_cat":[64],"product_tag":[],"class_list":{"0":"post-4446","1":"product","2":"type-product","3":"status-publish","4":"has-post-thumbnail","6":"product_brand-galo","7":"product_cat-proteccion-vial","9":"first","10":"instock","11":"shipping-taxable","12":"purchasable","13":"product-type-simple"},"acf":[],"_links":{"self":[{"href":"https:\/\/valesafety.com.pe\/index.php?rest_route=\/wp\/v2\/product\/4446","targetHints":{"allow":["GET"]}}],"collection":[{"href":"https:\/\/valesafety.com.pe\/index.php?rest_route=\/wp\/v2\/product"}],"about":[{"href":"https:\/\/valesafety.com.pe\/index.php?rest_route=\/wp\/v2\/types\/product"}],"replies":[{"embeddable":true,"href":"https:\/\/valesafety.com.pe\/index.php?rest_route=%2Fwp%2Fv2%2Fcomments&post=4446"}],"wp:featuredmedia":[{"embeddable":true,"href":"https:\/\/valesafety.com.pe\/index.php?rest_route=\/wp\/v2\/media\/4507"}],"wp:attachment":[{"href":"https:\/\/valesafety.com.pe\/index.php?rest_route=%2Fwp%2Fv2%2Fmedia&parent=4446"}],"wp:term":[{"taxonomy":"product_brand","embeddable":true,"href":"https:\/\/valesafety.com.pe\/index.php?rest_route=%2Fwp%2Fv2%2Fproduct_brand&post=4446"},{"taxonomy":"product_cat","embeddable":true,"href":"https:\/\/valesafety.com.pe\/index.php?rest_route=%2Fwp%2Fv2%2Fproduct_cat&post=4446"},{"taxonomy":"product_tag","embeddable":true,"href":"https:\/\/valesafety.com.pe\/index.php?rest_route=%2Fwp%2Fv2%2Fproduct_tag&post=4446"}],"curies":[{"name":"wp","href":"https:\/\/api.w.org\/{rel}","templated":true}]}}