{"id":4444,"date":"2026-04-23T22:30:06","date_gmt":"2026-04-23T20:30:06","guid":{"rendered":"http:\/\/localhost\/borrador\/?post_type=product&#038;p=4444"},"modified":"2026-05-06T17:42:34","modified_gmt":"2026-05-06T22:42:34","slug":"linea-de-vida-segpro","status":"publish","type":"product","link":"https:\/\/valesafety.com.pe\/?product=linea-de-vida-segpro","title":{"rendered":"L\u00ednea de Vida Segpro"},"content":{"rendered":"<h2>L\u00ednea de Vida:<\/h2>\n<ul>\n<li>Ancho de cinta: 45 mm +-1 mm<\/li>\n<li>Longitud: l.8 mtr.<\/li>\n<li>Peso: l.6 kg.<\/li>\n<li>Moquetones: Hard doble cierre de 3\/4 y cabo de vida doble de 2 l\/4.<\/li>\n<li>Cuenta con material resistente y duradero soportando grande tensiones y condiciones clim\u00e1ticas.<\/li>\n<\/ul>\n<h3>Empleo:<\/h3>\n<p>Se usa para la protecci\u00f3n de ca\u00eddas que limita la ca\u00edda en caso de deslizamiento o perdida de equilibrio.<\/p>\n<p>Se usa en lugares como construcci\u00f3n, mantenimiento industrial, el trabajo en torres y antenas, limpieza de ventanas y fachadas e incluso en la industria energ\u00e9tica.<\/p>\n<p>Necesitas m\u00e1s productos encu\u00e9ntralos en nuestra <a href=\"https:\/\/valesafety.com.pe\/tienda\">tienda\u00a0<\/a><\/p>\n<p>Para m\u00e1s informaci\u00f3n sobre este y otros productos, no dudes en contactarnos por\u00a0<a href=\"http:\/\/wa.me\/51923151009\" target=\"_blank\" rel=\"noopener\">WhatsApp<\/a>.<\/p>\n","protected":false},"excerpt":{"rendered":"<p>La l\u00ednea de vida es un sistema de protecci\u00f3n creado para resguardar a los empleados que llevan a cabo tareas en alturas o en ambientes peligrosos, previniendo ca\u00eddas y minimizando la posibilidad de sufrir lesiones serias. Se compone de un cable o cuerda dura que se coloca horizontal o verticalmente, a la que el empleado se vincula a trav\u00e9s de un arn\u00e9s y un aparato antica\u00eddas.<\/p>\n","protected":false},"featured_media":4505,"comment_status":"closed","ping_status":"closed","template":"","meta":{"_acf_changed":false},"product_brand":[35],"product_cat":[90,58],"product_tag":[337,338],"class_list":{"0":"post-4444","1":"product","2":"type-product","3":"status-publish","4":"has-post-thumbnail","6":"product_brand-segpro","7":"product_cat-linea-de-vida","8":"product_cat-proteccion-de-alturas","9":"product_tag-linea-de-vida","10":"product_tag-segpro","12":"first","13":"instock","14":"shipping-taxable","15":"purchasable","16":"product-type-simple"},"acf":[],"_links":{"self":[{"href":"https:\/\/valesafety.com.pe\/index.php?rest_route=\/wp\/v2\/product\/4444","targetHints":{"allow":["GET"]}}],"collection":[{"href":"https:\/\/valesafety.com.pe\/index.php?rest_route=\/wp\/v2\/product"}],"about":[{"href":"https:\/\/valesafety.com.pe\/index.php?rest_route=\/wp\/v2\/types\/product"}],"replies":[{"embeddable":true,"href":"https:\/\/valesafety.com.pe\/index.php?rest_route=%2Fwp%2Fv2%2Fcomments&post=4444"}],"wp:featuredmedia":[{"embeddable":true,"href":"https:\/\/valesafety.com.pe\/index.php?rest_route=\/wp\/v2\/media\/4505"}],"wp:attachment":[{"href":"https:\/\/valesafety.com.pe\/index.php?rest_route=%2Fwp%2Fv2%2Fmedia&parent=4444"}],"wp:term":[{"taxonomy":"product_brand","embeddable":true,"href":"https:\/\/valesafety.com.pe\/index.php?rest_route=%2Fwp%2Fv2%2Fproduct_brand&post=4444"},{"taxonomy":"product_cat","embeddable":true,"href":"https:\/\/valesafety.com.pe\/index.php?rest_route=%2Fwp%2Fv2%2Fproduct_cat&post=4444"},{"taxonomy":"product_tag","embeddable":true,"href":"https:\/\/valesafety.com.pe\/index.php?rest_route=%2Fwp%2Fv2%2Fproduct_tag&post=4444"}],"curies":[{"name":"wp","href":"https:\/\/api.w.org\/{rel}","templated":true}]}}