{"id":4428,"date":"2026-04-23T22:29:34","date_gmt":"2026-04-23T20:29:34","guid":{"rendered":"http:\/\/localhost\/borrador\/?post_type=product&#038;p=4428"},"modified":"2026-05-06T17:44:01","modified_gmt":"2026-05-06T22:44:01","slug":"malla-delimitadora","status":"publish","type":"product","link":"https:\/\/valesafety.com.pe\/?product=malla-delimitadora","title":{"rendered":"Malla Delimitadora"},"content":{"rendered":"<h2>Malla Delimitadora<\/h2>\n<div class=\"accordion__content\">\n<ul>\n<li class=\"lead\">Material: pl\u00e1stico polietileno de alta densidad aditivada con UV.<\/li>\n<li class=\"lead\">Medida: 1m x 45.7m<\/li>\n<li class=\"lead\">Color: naranja<\/li>\n<\/ul>\n<h3>Empleo:<\/h3>\n<p>Ideal\u00a0para marcar zonas de riego, tr\u00e1nsito vehicular o y construcci\u00f3n.<\/p>\n<p>Es 100% segura, se instala y se quita f\u00e1cilmente adem\u00e1s de contar con protecci\u00f3n UV.<\/p>\n<\/div>\n<p>Necesitas m\u00e1s productos encu\u00e9ntralos en nuestra <a href=\"https:\/\/valesafety.com.pe\/tienda\">tienda\u00a0<\/a><\/p>\n<p>Para m\u00e1s informaci\u00f3n sobre este y otros productos, no dudes en contactarnos por\u00a0<a href=\"http:\/\/wa.me\/51923151009\" target=\"_blank\" rel=\"noopener\">WhatsApp<\/a>.<\/p>\n","protected":false},"excerpt":{"rendered":"<div class=\"accordion__content\">\n<p class=\"\" data-start=\"435\" data-end=\"760\">La malla delimitadora de seguridad naranja est\u00e1 fabricada en PVC de alta resistencia , ideal para se\u00f1alar y delimitar zonas de trabajo, obras en construcci\u00f3n o \u00e1reas con riesgo potencial . Su color naranja intenso garantiza alta visibilidad a largas distancias , mejorando la seguridad de peatones y conductores.<\/p>\n<p class=\"\" data-start=\"762\" data-end=\"949\">Este producto destaca por su excelente flexibilidad, facilidad de instalaci\u00f3n y durabilidad , siendo una soluci\u00f3n eficaz y econ\u00f3mica para la gesti\u00f3n de \u00e1reas peligrosas o restringidas.<\/p>\n<\/div>\n","protected":false},"featured_media":4490,"comment_status":"closed","ping_status":"closed","template":"","meta":{"_acf_changed":false},"product_brand":[627],"product_cat":[50],"product_tag":[331,332],"class_list":{"0":"post-4428","1":"product","2":"type-product","3":"status-publish","4":"has-post-thumbnail","6":"product_brand-galo","7":"product_cat-equipos-de-emergencia","8":"product_tag-malla-de-pvc","9":"product_tag-malla-de-seguridad","11":"first","12":"instock","13":"shipping-taxable","14":"purchasable","15":"product-type-simple"},"acf":[],"_links":{"self":[{"href":"https:\/\/valesafety.com.pe\/index.php?rest_route=\/wp\/v2\/product\/4428","targetHints":{"allow":["GET"]}}],"collection":[{"href":"https:\/\/valesafety.com.pe\/index.php?rest_route=\/wp\/v2\/product"}],"about":[{"href":"https:\/\/valesafety.com.pe\/index.php?rest_route=\/wp\/v2\/types\/product"}],"replies":[{"embeddable":true,"href":"https:\/\/valesafety.com.pe\/index.php?rest_route=%2Fwp%2Fv2%2Fcomments&post=4428"}],"wp:featuredmedia":[{"embeddable":true,"href":"https:\/\/valesafety.com.pe\/index.php?rest_route=\/wp\/v2\/media\/4490"}],"wp:attachment":[{"href":"https:\/\/valesafety.com.pe\/index.php?rest_route=%2Fwp%2Fv2%2Fmedia&parent=4428"}],"wp:term":[{"taxonomy":"product_brand","embeddable":true,"href":"https:\/\/valesafety.com.pe\/index.php?rest_route=%2Fwp%2Fv2%2Fproduct_brand&post=4428"},{"taxonomy":"product_cat","embeddable":true,"href":"https:\/\/valesafety.com.pe\/index.php?rest_route=%2Fwp%2Fv2%2Fproduct_cat&post=4428"},{"taxonomy":"product_tag","embeddable":true,"href":"https:\/\/valesafety.com.pe\/index.php?rest_route=%2Fwp%2Fv2%2Fproduct_tag&post=4428"}],"curies":[{"name":"wp","href":"https:\/\/api.w.org\/{rel}","templated":true}]}}