{"id":4427,"date":"2026-04-23T22:29:34","date_gmt":"2026-04-23T20:29:34","guid":{"rendered":"http:\/\/localhost\/borrador\/?post_type=product&#038;p=4427"},"modified":"2026-05-06T15:40:13","modified_gmt":"2026-05-06T20:40:13","slug":"cilindro-vial-galo","status":"publish","type":"product","link":"https:\/\/valesafety.com.pe\/?product=cilindro-vial-galo","title":{"rendered":"Cilindro Vial Galo"},"content":{"rendered":"<h2>Cilindro Vial<\/h2>\n<div class=\"accordion__content\">\n<ul>\n<li class=\"lead\">Medidas:<br \/>\nAlto: 1 metro<br \/>\nDi\u00e1metro 40cm (arriba) y 50cm (base)<\/li>\n<li class=\"lead\">Color: naranja<\/li>\n<li class=\"lead\">Material: polietileno de alta intensidad<\/li>\n<li class=\"lead\">Se recomienda una separaci\u00f3n entre ellos de 3 mts.<\/li>\n<\/ul>\n<h3>Empleo:<\/h3>\n<p>Dise\u00f1ado para destacar \u00e1reas en las que se requiere precauci\u00f3n y de buen material para los diferentes cambios clim\u00e1ticos.<\/p>\n<p>Se usa como una alternativa a los conos de tr\u00e1fico que son m\u00e1s peque\u00f1os y f\u00e1cilmente golpeados por los veh\u00edculos. Los cilindros tienden a exigir m\u00e1s respeto de los conductores que de los conos, ya que son m\u00e1s grandes, m\u00e1s visibles y dan la apariencia de ser obst\u00e1culos formidables.<\/p>\n<\/div>\n<p>Necesitas m\u00e1s productos encu\u00e9ntralos en nuestra <a href=\"https:\/\/valesafety.com.pe\/tienda\">tienda\u00a0<\/a><\/p>\n<p>Para m\u00e1s informaci\u00f3n sobre este y otros productos, no dudes en contactarnos por\u00a0<a href=\"http:\/\/wa.me\/51923151009\" target=\"_blank\" rel=\"noopener\">WhatsApp<\/a>.<\/p>\n","protected":false},"excerpt":{"rendered":"<p>El cilindro vial garantiza m\u00e1xima seguridad para trabajadores, peatones y conductores, fabricada con material 100% reciclable que la hace una opci\u00f3n respetuosa con el medio ambiente. Adem\u00e1s, su dise\u00f1o ligero permite un transporte f\u00e1cil, optimizando su manejo en diversas situaciones.<\/p>\n<p>&nbsp;<\/p>\n","protected":false},"featured_media":4489,"comment_status":"closed","ping_status":"closed","template":"","meta":{"_acf_changed":false},"product_brand":[627],"product_cat":[64],"product_tag":[],"class_list":{"0":"post-4427","1":"product","2":"type-product","3":"status-publish","4":"has-post-thumbnail","6":"product_brand-galo","7":"product_cat-proteccion-vial","9":"first","10":"instock","11":"shipping-taxable","12":"purchasable","13":"product-type-simple"},"acf":[],"_links":{"self":[{"href":"https:\/\/valesafety.com.pe\/index.php?rest_route=\/wp\/v2\/product\/4427","targetHints":{"allow":["GET"]}}],"collection":[{"href":"https:\/\/valesafety.com.pe\/index.php?rest_route=\/wp\/v2\/product"}],"about":[{"href":"https:\/\/valesafety.com.pe\/index.php?rest_route=\/wp\/v2\/types\/product"}],"replies":[{"embeddable":true,"href":"https:\/\/valesafety.com.pe\/index.php?rest_route=%2Fwp%2Fv2%2Fcomments&post=4427"}],"wp:featuredmedia":[{"embeddable":true,"href":"https:\/\/valesafety.com.pe\/index.php?rest_route=\/wp\/v2\/media\/4489"}],"wp:attachment":[{"href":"https:\/\/valesafety.com.pe\/index.php?rest_route=%2Fwp%2Fv2%2Fmedia&parent=4427"}],"wp:term":[{"taxonomy":"product_brand","embeddable":true,"href":"https:\/\/valesafety.com.pe\/index.php?rest_route=%2Fwp%2Fv2%2Fproduct_brand&post=4427"},{"taxonomy":"product_cat","embeddable":true,"href":"https:\/\/valesafety.com.pe\/index.php?rest_route=%2Fwp%2Fv2%2Fproduct_cat&post=4427"},{"taxonomy":"product_tag","embeddable":true,"href":"https:\/\/valesafety.com.pe\/index.php?rest_route=%2Fwp%2Fv2%2Fproduct_tag&post=4427"}],"curies":[{"name":"wp","href":"https:\/\/api.w.org\/{rel}","templated":true}]}}