{"id":4426,"date":"2026-04-23T22:29:34","date_gmt":"2026-04-23T20:29:34","guid":{"rendered":"http:\/\/localhost\/borrador\/?post_type=product&#038;p=4426"},"modified":"2026-05-06T12:29:26","modified_gmt":"2026-05-06T17:29:26","slug":"barril-vial-galo","status":"publish","type":"product","link":"https:\/\/valesafety.com.pe\/?product=barril-vial-galo","title":{"rendered":"Barril Vial Galo"},"content":{"rendered":"<h2>Barril Vial:<\/h2>\n<div class=\"accordion__content\">\n<ul>\n<li class=\"lead\">Medidas: 1m x 45cmColor: naranja<\/li>\n<li class=\"lead\">Material: polietileno de alta intensidad<\/li>\n<li class=\"lead\">Cinta: cinta reflectiva de grado III 10 a\u00f1os de duraci\u00f3n<\/li>\n<li class=\"lead\">Se recomienda una separaci\u00f3n entre ellos de 3 mts.<\/li>\n<li>Base de caucho para una mayor estabilidad.<\/li>\n<li>Manija en la parte superior para que pueda ser transportado con mayor facilidad.<\/li>\n<\/ul>\n<h3>Empleo:<\/h3>\n<p>Utilizar con cadenas pl\u00e1sticas, mallas de seguridad y cintas amarillas.<\/p>\n<p>\u00d3ptima visibilidad de d\u00eda y de noche.<\/p>\n<p>Se usa para controlar el tr\u00e1fico de veh\u00edculos en sitios de construcci\u00f3n.<\/p>\n<p>Perfecto como alternativa al control de tr\u00e1fico al ser mas resistentes y con mayor estabilidad por la base de caucho.<\/p>\n<p>Necesitas m\u00e1s productos encu\u00e9ntralos en nuestra <a href=\"https:\/\/valesafety.com.pe\/tienda\">tienda\u00a0<\/a><\/p>\n<p>Para m\u00e1s informaci\u00f3n sobre este y otros productos, no dudes en contactarnos por\u00a0<a href=\"http:\/\/wa.me\/51923151009\" target=\"_blank\" rel=\"noopener\">WhatsApp<\/a>.<\/p>\n<\/div>\n","protected":false},"excerpt":{"rendered":"<p>El Barril Vial ofrece una \u00f3ptima visibilidad tanto de d\u00eda como de noche gracias a sus cintas reflectivas de grado III, garantizando m\u00e1xima seguridad para trabajadores, peatones y conductores. Est\u00e1 fabricada con material 100% reciclable, lo que la convierte en una opci\u00f3n ecol\u00f3gica, y ha sido dise\u00f1ada espec\u00edficamente para facilitar su transporte debido a su peso liviano, brindando comodidad y eficiencia en su uso.<\/p>\n","protected":false},"featured_media":4488,"comment_status":"closed","ping_status":"closed","template":"","meta":{"_acf_changed":false},"product_brand":[627],"product_cat":[64],"product_tag":[330],"class_list":{"0":"post-4426","1":"product","2":"type-product","3":"status-publish","4":"has-post-thumbnail","6":"product_brand-galo","7":"product_cat-proteccion-vial","8":"product_tag-barril-de-seguridad","10":"first","11":"instock","12":"shipping-taxable","13":"purchasable","14":"product-type-simple"},"acf":[],"_links":{"self":[{"href":"https:\/\/valesafety.com.pe\/index.php?rest_route=\/wp\/v2\/product\/4426","targetHints":{"allow":["GET"]}}],"collection":[{"href":"https:\/\/valesafety.com.pe\/index.php?rest_route=\/wp\/v2\/product"}],"about":[{"href":"https:\/\/valesafety.com.pe\/index.php?rest_route=\/wp\/v2\/types\/product"}],"replies":[{"embeddable":true,"href":"https:\/\/valesafety.com.pe\/index.php?rest_route=%2Fwp%2Fv2%2Fcomments&post=4426"}],"wp:featuredmedia":[{"embeddable":true,"href":"https:\/\/valesafety.com.pe\/index.php?rest_route=\/wp\/v2\/media\/4488"}],"wp:attachment":[{"href":"https:\/\/valesafety.com.pe\/index.php?rest_route=%2Fwp%2Fv2%2Fmedia&parent=4426"}],"wp:term":[{"taxonomy":"product_brand","embeddable":true,"href":"https:\/\/valesafety.com.pe\/index.php?rest_route=%2Fwp%2Fv2%2Fproduct_brand&post=4426"},{"taxonomy":"product_cat","embeddable":true,"href":"https:\/\/valesafety.com.pe\/index.php?rest_route=%2Fwp%2Fv2%2Fproduct_cat&post=4426"},{"taxonomy":"product_tag","embeddable":true,"href":"https:\/\/valesafety.com.pe\/index.php?rest_route=%2Fwp%2Fv2%2Fproduct_tag&post=4426"}],"curies":[{"name":"wp","href":"https:\/\/api.w.org\/{rel}","templated":true}]}}