{"id":4413,"date":"2026-04-23T22:29:05","date_gmt":"2026-04-23T20:29:05","guid":{"rendered":"http:\/\/localhost\/borrador\/?post_type=product&#038;p=4413"},"modified":"2026-05-06T12:20:58","modified_gmt":"2026-05-06T17:20:58","slug":"barra-retractil-galo","status":"publish","type":"product","link":"https:\/\/valesafety.com.pe\/?product=barra-retractil-galo","title":{"rendered":"Barra Retractil Galo"},"content":{"rendered":"<div class=\"accordion__content\">\n<h2>Caracter\u00edsticas:<\/h2>\n<ul>\n<li>Medidas:<br \/>\nContra\u00eddo: 1.30 mts<br \/>\nExtendido 2.22 mts<\/li>\n<li>Material: tubo pl\u00e1stico PVC, extremos amarillos polietileno, 4 cintas amarillas reflectivas grado ingenier\u00eda.<\/li>\n<\/ul>\n<h3>Empleo:<\/h3>\n<div class=\"accordion__content\">\n<p class=\"lead\">Ideal para utilizarlos con se\u00f1alizador tubular galo y conos de seguridad de cualquier medida.<\/p>\n<p>Necesitas m\u00e1s productos encuentralos en nuestra\u00a0<a href=\"https:\/\/valesafety.com.pe\/tienda\">tienda\u00a0<\/a><\/p>\n<p>Para m\u00e1s informaci\u00f3n sobre este y otros productos, no dudes en contactarnos por\u00a0<a href=\"http:\/\/wa.me\/51923151009\" target=\"_blank\" rel=\"noopener\">WhatsApp<\/a>.<\/p>\n<\/div>\n<\/div>\n","protected":false},"excerpt":{"rendered":"<p>La barra retr\u00e1ctil es una herramienta dise\u00f1ada para bloquear accesos o delimitar \u00e1reas. Fabricado con materiales de alta resistencia que garantiza su durabilidad.<\/p>\n","protected":false},"featured_media":4477,"comment_status":"closed","ping_status":"closed","template":"","meta":{"_acf_changed":false},"product_brand":[627],"product_cat":[64],"product_tag":[],"class_list":{"0":"post-4413","1":"product","2":"type-product","3":"status-publish","4":"has-post-thumbnail","6":"product_brand-galo","7":"product_cat-proteccion-vial","9":"first","10":"instock","11":"shipping-taxable","12":"purchasable","13":"product-type-simple"},"acf":[],"_links":{"self":[{"href":"https:\/\/valesafety.com.pe\/index.php?rest_route=\/wp\/v2\/product\/4413","targetHints":{"allow":["GET"]}}],"collection":[{"href":"https:\/\/valesafety.com.pe\/index.php?rest_route=\/wp\/v2\/product"}],"about":[{"href":"https:\/\/valesafety.com.pe\/index.php?rest_route=\/wp\/v2\/types\/product"}],"replies":[{"embeddable":true,"href":"https:\/\/valesafety.com.pe\/index.php?rest_route=%2Fwp%2Fv2%2Fcomments&post=4413"}],"wp:featuredmedia":[{"embeddable":true,"href":"https:\/\/valesafety.com.pe\/index.php?rest_route=\/wp\/v2\/media\/4477"}],"wp:attachment":[{"href":"https:\/\/valesafety.com.pe\/index.php?rest_route=%2Fwp%2Fv2%2Fmedia&parent=4413"}],"wp:term":[{"taxonomy":"product_brand","embeddable":true,"href":"https:\/\/valesafety.com.pe\/index.php?rest_route=%2Fwp%2Fv2%2Fproduct_brand&post=4413"},{"taxonomy":"product_cat","embeddable":true,"href":"https:\/\/valesafety.com.pe\/index.php?rest_route=%2Fwp%2Fv2%2Fproduct_cat&post=4413"},{"taxonomy":"product_tag","embeddable":true,"href":"https:\/\/valesafety.com.pe\/index.php?rest_route=%2Fwp%2Fv2%2Fproduct_tag&post=4413"}],"curies":[{"name":"wp","href":"https:\/\/api.w.org\/{rel}","templated":true}]}}