{"id":4410,"date":"2026-04-23T22:29:05","date_gmt":"2026-04-23T20:29:05","guid":{"rendered":"http:\/\/localhost\/borrador\/?post_type=product&#038;p=4410"},"modified":"2026-05-06T16:57:26","modified_gmt":"2026-05-06T21:57:26","slug":"guante-solvex-ansell","status":"publish","type":"product","link":"https:\/\/valesafety.com.pe\/?product=guante-solvex-ansell","title":{"rendered":"Guante Solvex Ansell"},"content":{"rendered":"<h2>Guante Solvex Ansell<\/h2>\n<ul>\n<li>Combinando solidez y resistencia qu\u00edmica, protege las manos de los trabajadores expuestos a una mayor variedad de riesgos qu\u00edmicos.<\/li>\n<li>Compuesto de nitrilo de alto rendimiento que ofrece una magn\u00edfica combinaci\u00f3n de resistencia qu\u00edmica y solidez, para unos resultados \u00f3ptimos en entornos de trabajo h\u00famedos o secos.<\/li>\n<li>El guante ofrece una mayor protecci\u00f3n contra desgarros, perforaciones y abrasi\u00f3n, comparado con los guantes de caucho o de neopreno.<\/li>\n<li>Alto niveles de flexibilidad, comodidad y destreza.<\/li>\n<li>No se deforma, debilita o degrada y no contribuye a la aparici\u00f3n de dermatitis por contacto.<\/li>\n<li data-start=\"1019\" data-end=\"1059\">Material de cobertura: Nitrilo<\/li>\n<li data-start=\"1062\" data-end=\"1105\">Material de forro: flocado de algod\u00f3n.<\/li>\n<li data-start=\"1108\" data-end=\"1138\">Largo del guante: 330 mm<\/li>\n<li data-start=\"1141\" data-end=\"1175\">Categor\u00eda de protecci\u00f3n: III<\/li>\n<li data-start=\"1178\" data-end=\"1196\">Color: Verde<\/li>\n<\/ul>\n<p>Necesitas m\u00e1s productos encu\u00e9ntralos en nuestra <a href=\"https:\/\/valesafety.com.pe\/tienda\">tienda\u00a0<\/a><\/p>\n<p>Para m\u00e1s informaci\u00f3n sobre este y otros productos, no dudes en contactarnos por\u00a0<a href=\"http:\/\/wa.me\/51923151009\" target=\"_blank\" rel=\"noopener\">WhatsApp<\/a>.<\/p>\n","protected":false},"excerpt":{"rendered":"<p class=\"\" data-start=\"443\" data-end=\"707\">El Guante Solvex Ansell est\u00e1 fabricado en nitrilo de alto rendimiento , dise\u00f1ado para ofrecer una excelente resistencia qu\u00edmica, mec\u00e1nica y durabilidad . Es ideal para tareas exigentes en entornos h\u00famedos o secos , garantizando protecci\u00f3n y comodidad.<\/p>\n<p class=\"\" data-start=\"709\" data-end=\"974\">Gracias a su forro flocado de algod\u00f3n , proporciona mayor comodidad y reduce la fatiga en usos prolongados. Su superficie facilita un agarre seguro, incluso en condiciones resbaladizas, y su longitud de 330 mm brinda una cobertura extendida en manos y mu\u00f1ecas.<\/p>\n","protected":false},"featured_media":4474,"comment_status":"closed","ping_status":"closed","template":"","meta":{"_acf_changed":false},"product_brand":[39],"product_cat":[95,59],"product_tag":[323,324],"class_list":{"0":"post-4410","1":"product","2":"type-product","3":"status-publish","4":"has-post-thumbnail","6":"product_brand-ansell","7":"product_cat-guante-de-jeve","8":"product_cat-proteccion-de-las-manos","9":"product_tag-guante-solvex-13","10":"product_tag-solvex","12":"first","13":"instock","14":"shipping-taxable","15":"purchasable","16":"product-type-simple"},"acf":[],"_links":{"self":[{"href":"https:\/\/valesafety.com.pe\/index.php?rest_route=\/wp\/v2\/product\/4410","targetHints":{"allow":["GET"]}}],"collection":[{"href":"https:\/\/valesafety.com.pe\/index.php?rest_route=\/wp\/v2\/product"}],"about":[{"href":"https:\/\/valesafety.com.pe\/index.php?rest_route=\/wp\/v2\/types\/product"}],"replies":[{"embeddable":true,"href":"https:\/\/valesafety.com.pe\/index.php?rest_route=%2Fwp%2Fv2%2Fcomments&post=4410"}],"wp:featuredmedia":[{"embeddable":true,"href":"https:\/\/valesafety.com.pe\/index.php?rest_route=\/wp\/v2\/media\/4474"}],"wp:attachment":[{"href":"https:\/\/valesafety.com.pe\/index.php?rest_route=%2Fwp%2Fv2%2Fmedia&parent=4410"}],"wp:term":[{"taxonomy":"product_brand","embeddable":true,"href":"https:\/\/valesafety.com.pe\/index.php?rest_route=%2Fwp%2Fv2%2Fproduct_brand&post=4410"},{"taxonomy":"product_cat","embeddable":true,"href":"https:\/\/valesafety.com.pe\/index.php?rest_route=%2Fwp%2Fv2%2Fproduct_cat&post=4410"},{"taxonomy":"product_tag","embeddable":true,"href":"https:\/\/valesafety.com.pe\/index.php?rest_route=%2Fwp%2Fv2%2Fproduct_tag&post=4410"}],"curies":[{"name":"wp","href":"https:\/\/api.w.org\/{rel}","templated":true}]}}