{"id":4409,"date":"2026-04-23T22:29:04","date_gmt":"2026-04-23T20:29:04","guid":{"rendered":"http:\/\/localhost\/borrador\/?post_type=product&#038;p=4409"},"modified":"2026-05-06T17:01:35","modified_gmt":"2026-05-06T22:01:35","slug":"guante-touchntuff-92-600","status":"publish","type":"product","link":"https:\/\/valesafety.com.pe\/?product=guante-touchntuff-92-600","title":{"rendered":"Guante Touchntuff 92-600"},"content":{"rendered":"<h2>Guante Touchntuff 92-600<\/h2>\n<ul>\n<li>Los guantes desechables l\u00edderes del mundo para protecci\u00f3n contra salpicaduras qu\u00edmicas.<\/li>\n<li>La formulaci\u00f3n de material exclusiva de Ansell ofrece una mayor protecci\u00f3n frente a salpicaduras qu\u00edmicas.<\/li>\n<li>Su suave mezcla de nitrilo ofrece altos niveles de confort.<\/li>\n<li>Dise\u00f1o resistente para una sensibilidad t\u00e1ctil superior.<\/li>\n<li>Sin silicona, para la protecci\u00f3n de los productos.<\/li>\n<li>Disponible tambi\u00e9n en paquetes de distribuci\u00f3n autom\u00e1tica.<\/li>\n<\/ul>\n<p>Necesitas m\u00e1s productos encu\u00e9ntralos en nuestra <a href=\"https:\/\/valesafety.com.pe\/tienda\">tienda\u00a0<\/a><\/p>\n<p>Para m\u00e1s informaci\u00f3n sobre este y otros productos, no dudes en contactarnos por\u00a0<a href=\"http:\/\/wa.me\/51923151009\" target=\"_blank\" rel=\"noopener\">WhatsApp<\/a>.<\/p>\n","protected":false},"excerpt":{"rendered":"<p>Guante Touchntuff 92-600 una combinaci\u00f3n sin igual de protecci\u00f3n contra salpicaduras qu\u00edmicas, comodidad y durabilidad. Los guantes son reconocidos por su comodidad superior y durabilidad.<\/p>\n<p>Su suave mezcla de nitrilo ofrece altos niveles de confort con dise\u00f1o resistente para una sensibilidad t\u00e1ctil superior. Sin silicona, para la protecci\u00f3n de los productos.<\/p>\n","protected":false},"featured_media":4473,"comment_status":"closed","ping_status":"closed","template":"","meta":{"_acf_changed":false},"product_brand":[39],"product_cat":[97,59],"product_tag":[321,322],"class_list":{"0":"post-4409","1":"product","2":"type-product","3":"status-publish","4":"has-post-thumbnail","6":"product_brand-ansell","7":"product_cat-guante-quirurgico","8":"product_cat-proteccion-de-las-manos","9":"product_tag-guante-quirurgico","10":"product_tag-guante-touch","12":"first","13":"instock","14":"shipping-taxable","15":"purchasable","16":"product-type-simple"},"acf":[],"_links":{"self":[{"href":"https:\/\/valesafety.com.pe\/index.php?rest_route=\/wp\/v2\/product\/4409","targetHints":{"allow":["GET"]}}],"collection":[{"href":"https:\/\/valesafety.com.pe\/index.php?rest_route=\/wp\/v2\/product"}],"about":[{"href":"https:\/\/valesafety.com.pe\/index.php?rest_route=\/wp\/v2\/types\/product"}],"replies":[{"embeddable":true,"href":"https:\/\/valesafety.com.pe\/index.php?rest_route=%2Fwp%2Fv2%2Fcomments&post=4409"}],"wp:featuredmedia":[{"embeddable":true,"href":"https:\/\/valesafety.com.pe\/index.php?rest_route=\/wp\/v2\/media\/4473"}],"wp:attachment":[{"href":"https:\/\/valesafety.com.pe\/index.php?rest_route=%2Fwp%2Fv2%2Fmedia&parent=4409"}],"wp:term":[{"taxonomy":"product_brand","embeddable":true,"href":"https:\/\/valesafety.com.pe\/index.php?rest_route=%2Fwp%2Fv2%2Fproduct_brand&post=4409"},{"taxonomy":"product_cat","embeddable":true,"href":"https:\/\/valesafety.com.pe\/index.php?rest_route=%2Fwp%2Fv2%2Fproduct_cat&post=4409"},{"taxonomy":"product_tag","embeddable":true,"href":"https:\/\/valesafety.com.pe\/index.php?rest_route=%2Fwp%2Fv2%2Fproduct_tag&post=4409"}],"curies":[{"name":"wp","href":"https:\/\/api.w.org\/{rel}","templated":true}]}}