{"id":4397,"date":"2026-04-23T22:28:38","date_gmt":"2026-04-23T20:28:38","guid":{"rendered":"http:\/\/localhost\/borrador\/?post_type=product&#038;p=4397"},"modified":"2026-05-07T09:34:02","modified_gmt":"2026-05-07T14:34:02","slug":"orejera-hunter","status":"publish","type":"product","link":"https:\/\/valesafety.com.pe\/?product=orejera-hunter","title":{"rendered":"Orejera Hunter"},"content":{"rendered":"<h2>Orejera Hunter<\/h2>\n<ul>\n<li>Copas de polipropileno ultralivianas.<\/li>\n<li>Confortable y suave sellamiento de almohadilla.<\/li>\n<li>Almohadilla de espuma sint\u00e9tica recambiable y de f\u00e1cil montaje.<\/li>\n<li>Sistema universal para adaptar al casco de alta flexibilidad.<\/li>\n<li>Considerado diel\u00e9ctrico por no poseer ning\u00fan elemento met\u00e1lico.<\/li>\n<li>Tensi\u00f3n \u00fanica de ajuste en brazos.<\/li>\n<li>Posee el suficiente espacio para generar el acople a todo tipo de orejas, sea cual fuere su tama\u00f1o.<\/li>\n<\/ul>\n<h3>Certificaciones<\/h3>\n<p>EN 352 &#8211; 3 : 2002<\/p>\n<p>Necesitas m\u00e1s productos encu\u00e9ntralos en nuestra <a href=\"https:\/\/valesafety.com.pe\/tienda\">tienda\u00a0<\/a><\/p>\n<p>Para m\u00e1s informaci\u00f3n sobre este y otros productos, no dudes en contactarnos por\u00a0<a href=\"http:\/\/wa.me\/51923151009\" target=\"_blank\" rel=\"noopener\">WhatsApp<\/a>.<\/p>\n","protected":false},"excerpt":{"rendered":"<p>Orejera Hunter protector auditivo adosable al casco HUNTER de CLUTE brinda<br \/>\nprotecci\u00f3n a los trabajadores que laboran en lugares donde los niveles<br \/>\nde ruido superan los 85 dB(A).<br \/>\nEste protector auditivo est\u00e1 dise\u00f1ado para proteger contra los riesgos<br \/>\ndiarios producidos por el ruido de manera de evitar perdidas de<br \/>\naudici\u00f3n.<\/p>\n","protected":false},"featured_media":4472,"comment_status":"closed","ping_status":"closed","template":"","meta":{"_acf_changed":false},"product_brand":[26],"product_cat":[86,56],"product_tag":[],"class_list":{"0":"post-4397","1":"product","2":"type-product","3":"status-publish","4":"has-post-thumbnail","6":"product_brand-clute","7":"product_cat-externos-cascos","8":"product_cat-proteccion-auditiva","10":"first","11":"instock","12":"shipping-taxable","13":"purchasable","14":"product-type-simple"},"acf":[],"_links":{"self":[{"href":"https:\/\/valesafety.com.pe\/index.php?rest_route=\/wp\/v2\/product\/4397","targetHints":{"allow":["GET"]}}],"collection":[{"href":"https:\/\/valesafety.com.pe\/index.php?rest_route=\/wp\/v2\/product"}],"about":[{"href":"https:\/\/valesafety.com.pe\/index.php?rest_route=\/wp\/v2\/types\/product"}],"replies":[{"embeddable":true,"href":"https:\/\/valesafety.com.pe\/index.php?rest_route=%2Fwp%2Fv2%2Fcomments&post=4397"}],"wp:featuredmedia":[{"embeddable":true,"href":"https:\/\/valesafety.com.pe\/index.php?rest_route=\/wp\/v2\/media\/4472"}],"wp:attachment":[{"href":"https:\/\/valesafety.com.pe\/index.php?rest_route=%2Fwp%2Fv2%2Fmedia&parent=4397"}],"wp:term":[{"taxonomy":"product_brand","embeddable":true,"href":"https:\/\/valesafety.com.pe\/index.php?rest_route=%2Fwp%2Fv2%2Fproduct_brand&post=4397"},{"taxonomy":"product_cat","embeddable":true,"href":"https:\/\/valesafety.com.pe\/index.php?rest_route=%2Fwp%2Fv2%2Fproduct_cat&post=4397"},{"taxonomy":"product_tag","embeddable":true,"href":"https:\/\/valesafety.com.pe\/index.php?rest_route=%2Fwp%2Fv2%2Fproduct_tag&post=4397"}],"curies":[{"name":"wp","href":"https:\/\/api.w.org\/{rel}","templated":true}]}}