{"id":4396,"date":"2026-04-23T22:28:38","date_gmt":"2026-04-23T20:28:38","guid":{"rendered":"http:\/\/localhost\/borrador\/?post_type=product&#038;p=4396"},"modified":"2026-05-06T16:16:17","modified_gmt":"2026-05-06T21:16:17","slug":"guante-anti-impacto-delta-plus-vv910","status":"publish","type":"product","link":"https:\/\/valesafety.com.pe\/?product=guante-anti-impacto-delta-plus-vv910","title":{"rendered":"Guante Anti-Impacto Delta Plus VV910"},"content":{"rendered":"<h2>Guante Anti-Impacto Delta Plus VV910<\/h2>\n<ul>\n<li>Soporte : De punto &#8211; Aramida &#8211; PEHD<\/li>\n<li>Impregnaci\u00f3n : Nitrilo de doble capa &#8211; La palma de la mano<\/li>\n<li>Refuerzos : Palma &#8211; Dorso de los dedos &#8211; Pulgar &#8211; Pinzas de \u00edndice pulgar &#8211; Dorso<\/li>\n<li>Pu\u00f1o de velcro<\/li>\n<li>Galga : 13<\/li>\n<\/ul>\n<h3>Caracter\u00edsticas:<\/h3>\n<ul>\n<li>Resistencia a la perforaci\u00f3n Nivel de C<\/li>\n<li>Cubierta de nitrilo esponjoso para un agarre excepcional tanto en seco como en mojado<\/li>\n<li>La tecnolog\u00eda de encapsulado TPR ofrece la mejor protecci\u00f3n contra los impactos.<\/li>\n<li>Palma cubierta para mayor dexteridad y aireaci\u00f3n<\/li>\n<li>El arco del pulgar est\u00e1 reforzado para mayor protecci\u00f3n y duraci\u00f3n.<\/li>\n<li>Forro que no tiene costuras 100% resistente al agua<\/li>\n<li>Soporte interno para el punto de galga 13 para un ajuste ideal<\/li>\n<li>Para un ajuste seguro, use un cierre autoadherente.<\/li>\n<\/ul>\n<h3>Certificaciones:<\/h3>\n<p>Certificado EN 420: 2003 + AI:2009<\/p>\n<p>Certificado EN 388: 2016 &#8211; Resultados 4543DP<\/p>\n<p>Necesitas m\u00e1s productos encu\u00e9ntralos en nuestra <a href=\"https:\/\/valesafety.com.pe\/tienda\">tienda\u00a0<\/a><\/p>\n<p>Para m\u00e1s informaci\u00f3n sobre este y otros productos, no dudes en contactarnos por\u00a0<a href=\"http:\/\/wa.me\/51923151009\" target=\"_blank\" rel=\"noopener\">WhatsApp<\/a>.<\/p>\n","protected":false},"excerpt":{"rendered":"<ul>\n<li><a href=\"https:\/\/valesafety.com.pe\/categoria-producto\/guantes-de-seguridad\">Guante<\/a> Anti Impacto con alta especificaci\u00f3n en impacto y resistencia al corte<\/li>\n<li>El recubrimiento de palma de nitrilo resistente a la abrasi\u00f3n ofrece un agarre excepcional para el contacto con agua, grasa y aceite.<\/li>\n<li>Con una correa de gancho y un lazo para un ajuste seguro durante todo el d\u00eda, el forro interior es ligero y transpirable.<\/li>\n<li>Los guantes est\u00e1n certificados CE y tienen un forro de calibre 13 para garantizar un ajuste perfecto.<\/li>\n<li>Correa y lazo de gancho para un ajuste seguro.<\/li>\n<li>Construir con poca pelusa para reducir la contaminaci\u00f3n.<\/li>\n<\/ul>\n","protected":false},"featured_media":4471,"comment_status":"closed","ping_status":"closed","template":"","meta":{"_acf_changed":false},"product_brand":[27],"product_cat":[92,59],"product_tag":[318,319,320],"class_list":{"0":"post-4396","1":"product","2":"type-product","3":"status-publish","4":"has-post-thumbnail","6":"product_brand-deltaplus","7":"product_cat-guante-antideslizante","8":"product_cat-proteccion-de-las-manos","9":"product_tag-anti-impacto","10":"product_tag-antiimpacto","11":"product_tag-guante-anti-impacto","13":"first","14":"instock","15":"shipping-taxable","16":"purchasable","17":"product-type-simple"},"acf":[],"_links":{"self":[{"href":"https:\/\/valesafety.com.pe\/index.php?rest_route=\/wp\/v2\/product\/4396","targetHints":{"allow":["GET"]}}],"collection":[{"href":"https:\/\/valesafety.com.pe\/index.php?rest_route=\/wp\/v2\/product"}],"about":[{"href":"https:\/\/valesafety.com.pe\/index.php?rest_route=\/wp\/v2\/types\/product"}],"replies":[{"embeddable":true,"href":"https:\/\/valesafety.com.pe\/index.php?rest_route=%2Fwp%2Fv2%2Fcomments&post=4396"}],"wp:featuredmedia":[{"embeddable":true,"href":"https:\/\/valesafety.com.pe\/index.php?rest_route=\/wp\/v2\/media\/4471"}],"wp:attachment":[{"href":"https:\/\/valesafety.com.pe\/index.php?rest_route=%2Fwp%2Fv2%2Fmedia&parent=4396"}],"wp:term":[{"taxonomy":"product_brand","embeddable":true,"href":"https:\/\/valesafety.com.pe\/index.php?rest_route=%2Fwp%2Fv2%2Fproduct_brand&post=4396"},{"taxonomy":"product_cat","embeddable":true,"href":"https:\/\/valesafety.com.pe\/index.php?rest_route=%2Fwp%2Fv2%2Fproduct_cat&post=4396"},{"taxonomy":"product_tag","embeddable":true,"href":"https:\/\/valesafety.com.pe\/index.php?rest_route=%2Fwp%2Fv2%2Fproduct_tag&post=4396"}],"curies":[{"name":"wp","href":"https:\/\/api.w.org\/{rel}","templated":true}]}}