{"id":4395,"date":"2026-04-23T22:28:38","date_gmt":"2026-04-23T20:28:38","guid":{"rendered":"http:\/\/localhost\/borrador\/?post_type=product&#038;p=4395"},"modified":"2026-05-06T14:34:54","modified_gmt":"2026-05-06T19:34:54","slug":"capotin-pvc-segpro","status":"publish","type":"product","link":"https:\/\/valesafety.com.pe\/?product=capotin-pvc-segpro","title":{"rendered":"Capotin PVC Segpro"},"content":{"rendered":"<h2>Capotin PVC<\/h2>\n<ul>\n<li>Tela Flexible de PVC de alta resistencia.<\/li>\n<li>Con espesor de 0.32 mm<\/li>\n<li>Costuras termoselladas y botones.<\/li>\n<li>Dise\u00f1o ergon\u00f3mico para una mayor comodidad<\/li>\n<li>Cuenta con capucha y broches para evitar el ingreso de agua<\/li>\n<li>Abrigo\u00a0 termosellado impermeable.<\/li>\n<li>En color amarillo y naranja.<\/li>\n<\/ul>\n<h3>Mantenimiento<\/h3>\n<p>Se recomienda limpiar con agua, jab\u00f3n y secar al viento o con pa\u00f1o limpio. No utilizar l\u00edquidos corrosivos como alcohol, cloro, etc.<\/p>\n<p>Se recomienda no almacenar en lugares que est\u00e1n expuestos a la luz solar.<\/p>\n<p>Necesitas m\u00e1s productos encu\u00e9ntralos en nuestra <a href=\"https:\/\/valesafety.com.pe\/tienda\">tienda\u00a0<\/a><\/p>\n<p>Para m\u00e1s informaci\u00f3n sobre este y otros productos, no dudes en contactarnos por\u00a0<a href=\"http:\/\/wa.me\/51923151009\" target=\"_blank\" rel=\"noopener\">WhatsApp<\/a>.<\/p>\n","protected":false},"excerpt":{"rendered":"<p>El Capotin PVC Segpro se utiliza para lluvia o salpicaduras de l\u00edquidos.<br \/>\nCuenta con broches para evitar el ingreso de agua y una capucha para proteger la cabeza. Util\u00edzalo en \u00e1reas con climas lluviosos y tambi\u00e9n para cubrirse la salpicadura de cualquier l\u00edquido para protegerte.<\/p>\n","protected":false},"featured_media":4470,"comment_status":"closed","ping_status":"closed","template":"","meta":{"_acf_changed":false},"product_brand":[35],"product_cat":[112,66,67],"product_tag":[317],"class_list":{"0":"post-4395","1":"product","2":"type-product","3":"status-publish","4":"has-post-thumbnail","6":"product_brand-segpro","7":"product_cat-ropa-de-pvc","8":"product_cat-ropa-de-seguridad","9":"product_cat-ropa-de-trabajo","10":"product_tag-capotin-pvc","12":"first","13":"instock","14":"shipping-taxable","15":"purchasable","16":"product-type-simple"},"acf":[],"_links":{"self":[{"href":"https:\/\/valesafety.com.pe\/index.php?rest_route=\/wp\/v2\/product\/4395","targetHints":{"allow":["GET"]}}],"collection":[{"href":"https:\/\/valesafety.com.pe\/index.php?rest_route=\/wp\/v2\/product"}],"about":[{"href":"https:\/\/valesafety.com.pe\/index.php?rest_route=\/wp\/v2\/types\/product"}],"replies":[{"embeddable":true,"href":"https:\/\/valesafety.com.pe\/index.php?rest_route=%2Fwp%2Fv2%2Fcomments&post=4395"}],"wp:featuredmedia":[{"embeddable":true,"href":"https:\/\/valesafety.com.pe\/index.php?rest_route=\/wp\/v2\/media\/4470"}],"wp:attachment":[{"href":"https:\/\/valesafety.com.pe\/index.php?rest_route=%2Fwp%2Fv2%2Fmedia&parent=4395"}],"wp:term":[{"taxonomy":"product_brand","embeddable":true,"href":"https:\/\/valesafety.com.pe\/index.php?rest_route=%2Fwp%2Fv2%2Fproduct_brand&post=4395"},{"taxonomy":"product_cat","embeddable":true,"href":"https:\/\/valesafety.com.pe\/index.php?rest_route=%2Fwp%2Fv2%2Fproduct_cat&post=4395"},{"taxonomy":"product_tag","embeddable":true,"href":"https:\/\/valesafety.com.pe\/index.php?rest_route=%2Fwp%2Fv2%2Fproduct_tag&post=4395"}],"curies":[{"name":"wp","href":"https:\/\/api.w.org\/{rel}","templated":true}]}}